{"id":5465,"date":"2022-08-08T10:05:58","date_gmt":"2022-08-08T10:05:58","guid":{"rendered":"http:\/\/gms-nikola-passau.de\/?page_id=5465"},"modified":"2025-02-13T16:24:00","modified_gmt":"2025-02-13T16:24:00","slug":"foerderverein","status":"publish","type":"page","link":"https:\/\/gms-nikola-passau.de\/?page_id=5465","title":{"rendered":"F\u00f6rderverein foerderverein.nikola@gmx.de"},"content":{"rendered":"<div class=\"fusion-fullwidth fullwidth-box fusion-builder-row-1 fusion-flex-container has-pattern-background has-mask-background nonhundred-percent-fullwidth non-hundred-percent-height-scrolling\" style=\"--awb-border-radius-top-left:0px;--awb-border-radius-top-right:0px;--awb-border-radius-bottom-right:0px;--awb-border-radius-bottom-left:0px;--awb-flex-wrap:wrap;\" ><div class=\"fusion-builder-row fusion-row fusion-flex-align-items-flex-start fusion-flex-content-wrap\" style=\"max-width:1216.8px;margin-left: calc(-4% \/ 2 );margin-right: calc(-4% \/ 2 );\"><div class=\"fusion-layout-column fusion_builder_column fusion-builder-column-0 fusion_builder_column_1_1 1_1 fusion-flex-column\" style=\"--awb-bg-size:cover;--awb-width-large:100%;--awb-margin-top-large:0px;--awb-spacing-right-large:1.92%;--awb-margin-bottom-large:20px;--awb-spacing-left-large:1.92%;--awb-width-medium:100%;--awb-order-medium:0;--awb-spacing-right-medium:1.92%;--awb-spacing-left-medium:1.92%;--awb-width-small:100%;--awb-order-small:0;--awb-spacing-right-small:1.92%;--awb-spacing-left-small:1.92%;\"><div class=\"fusion-column-wrapper fusion-column-has-shadow fusion-flex-justify-content-flex-start fusion-content-layout-column\"><div class=\"fusion-text fusion-text-1\"><h4>Unser F\u00f6rderverein St. Nikola \u2013 Passau hat u.a. die Gelder der Mitgliedsbeitr\u00e4ge der Grundschule und die der Mittelschule auf zwei separaten Konten zu verwalten. Damit hat er die Aufgabe \u00fcbernommen, je nach Notwendigkeit und den gestellten Antr\u00e4gen Beschaffungen und Ma\u00dfnahmen zu finanzieren, die aus den Mitteln der Stadt Passau nicht geleistet werden k\u00f6nnen.<\/h4>\n<h4>In der Grundschule sind dies v.a. Unterst\u00fctzung von Lehr- und Lernmittel zum neuen Grundschullehrplan Plus, au\u00dferschulischen Veranstaltungen und Zusch\u00fcssen von Referenten. Da unsere Grundschule nur einz\u00fcgig ist und damit nur eine geringe Sch\u00fclerzahl hat, wird jedem Erziehungsberechtigten der Beitritt zum F\u00f6rderverein nahegelgt. Nur wenn sich viele Eltern mit ihm solidarisch erkl\u00e4ren, k\u00f6nnen Zusch\u00fcsse oder Investitionen f\u00fcr au\u00dferordentliche Ma\u00dfnahmen gew\u00e4hrt werden, wie z.B. Beitr\u00e4ge zur Gesundheitserziehung.<\/h4>\n<h4>Um unserem F\u00f6rderverein beizutreten finden Sie im folgenden das Beitrittsformular und ebenso unsere Satzung.<\/h4>\n<h4>Beitrittsformular zum Download: <a href=\"http:\/\/gms-nikola-passau.de\/wp-content\/uploads\/2022\/08\/Beitrittsformular-Foerderverein-Nikola2022_2.pdf\">Bitte hier klicken!<\/a><\/h4>\n<h4>Satzung zum Download: <a href=\"http:\/\/gms-nikola-passau.de\/wp-content\/uploads\/2022\/08\/Foerderverein.pdf\">Bitte hier klicken!<\/a><\/h4>\n<h4>Flyer des F\u00f6rdervereins (M\u00e4rz 2022) zum Download: <a href=\"http:\/\/gms-nikola-passau.de\/wp-content\/uploads\/2022\/08\/Flyer-St.-Nikola-Foerderverein_fin2.pdf\">Bitte hier klicken!<\/a><\/h4>\n<\/div><\/div><\/div><\/div><\/div>\n","protected":false},"excerpt":{"rendered":"","protected":false},"author":1,"featured_media":0,"parent":0,"menu_order":0,"comment_status":"closed","ping_status":"closed","template":"100-width.php","meta":{"footnotes":""},"class_list":["post-5465","page","type-page","status-publish","hentry"],"_links":{"self":[{"href":"https:\/\/gms-nikola-passau.de\/index.php?rest_route=\/wp\/v2\/pages\/5465","targetHints":{"allow":["GET"]}}],"collection":[{"href":"https:\/\/gms-nikola-passau.de\/index.php?rest_route=\/wp\/v2\/pages"}],"about":[{"href":"https:\/\/gms-nikola-passau.de\/index.php?rest_route=\/wp\/v2\/types\/page"}],"author":[{"embeddable":true,"href":"https:\/\/gms-nikola-passau.de\/index.php?rest_route=\/wp\/v2\/users\/1"}],"replies":[{"embeddable":true,"href":"https:\/\/gms-nikola-passau.de\/index.php?rest_route=%2Fwp%2Fv2%2Fcomments&post=5465"}],"version-history":[{"count":6,"href":"https:\/\/gms-nikola-passau.de\/index.php?rest_route=\/wp\/v2\/pages\/5465\/revisions"}],"predecessor-version":[{"id":9701,"href":"https:\/\/gms-nikola-passau.de\/index.php?rest_route=\/wp\/v2\/pages\/5465\/revisions\/9701"}],"wp:attachment":[{"href":"https:\/\/gms-nikola-passau.de\/index.php?rest_route=%2Fwp%2Fv2%2Fmedia&parent=5465"}],"curies":[{"name":"wp","href":"https:\/\/api.w.org\/{rel}","templated":true}]}}