{"id":5486,"date":"2022-08-08T11:01:28","date_gmt":"2022-08-08T11:01:28","guid":{"rendered":"http:\/\/gms-nikola-passau.de\/?page_id=5486"},"modified":"2026-02-13T09:13:59","modified_gmt":"2026-02-13T09:13:59","slug":"angst","status":"publish","type":"page","link":"https:\/\/gms-nikola-passau.de\/?page_id=5486","title":{"rendered":"Depression Angst"},"content":{"rendered":"<p><div class=\"fusion-fullwidth fullwidth-box fusion-builder-row-1 fusion-flex-container has-pattern-background has-mask-background nonhundred-percent-fullwidth non-hundred-percent-height-scrolling\" style=\"--awb-border-radius-top-left:0px;--awb-border-radius-top-right:0px;--awb-border-radius-bottom-right:0px;--awb-border-radius-bottom-left:0px;--awb-flex-wrap:wrap;\" ><div class=\"fusion-builder-row fusion-row fusion-flex-align-items-flex-start fusion-flex-content-wrap\" style=\"max-width:1216.8px;margin-left: calc(-4% \/ 2 );margin-right: calc(-4% \/ 2 );\"><div class=\"fusion-layout-column fusion_builder_column fusion-builder-column-0 fusion_builder_column_1_1 1_1 fusion-flex-column\" style=\"--awb-bg-size:cover;--awb-width-large:100%;--awb-margin-top-large:0px;--awb-spacing-right-large:1.92%;--awb-margin-bottom-large:20px;--awb-spacing-left-large:1.92%;--awb-width-medium:100%;--awb-order-medium:0;--awb-spacing-right-medium:1.92%;--awb-spacing-left-medium:1.92%;--awb-width-small:100%;--awb-order-small:0;--awb-spacing-right-small:1.92%;--awb-spacing-left-small:1.92%;\"><div class=\"fusion-column-wrapper fusion-column-has-shadow fusion-flex-justify-content-flex-start fusion-content-layout-column\"><div class=\"fusion-text fusion-text-1\"><h3>\u00dcbersicht \u00fcber inner- und au\u00dferschulische Hilfsangebote bei Depression, Angstst\u00f6rung und Familienkonflikten<\/h3>\n<\/div><div class=\"fusion-separator\" style=\"align-self: center;margin-left: auto;margin-right: auto;margin-bottom:20px;width:100%;max-width:300px;\"><div class=\"fusion-separator-border sep-single sep-solid\" style=\"--awb-height:20px;--awb-amount:20px;--awb-sep-color:var(--awb-custom_color_1);border-color:var(--awb-custom_color_1);border-top-width:2px;\"><\/div><\/div><div class=\"accordian fusion-accordian\" style=\"--awb-border-size:1px;--awb-icon-size:16px;--awb-content-font-size:var(--awb-typography4-font-size);--awb-icon-alignment:left;--awb-hover-color:var(--awb-color2);--awb-border-color:var(--awb-color3);--awb-background-color:var(--awb-color1);--awb-divider-color:var(--awb-color3);--awb-divider-hover-color:var(--awb-color3);--awb-icon-color:var(--awb-color1);--awb-title-color:hsla(var(--awb-color8-h),var(--awb-color8-s),calc( var(--awb-color8-l) + 20% ),var(--awb-color8-a));--awb-content-color:var(--awb-color7);--awb-icon-box-color:var(--awb-color8);--awb-toggle-hover-accent-color:var(--awb-custom_color_1);--awb-title-font-family:var(--awb-typography1-font-family);--awb-title-font-weight:var(--awb-typography1-font-weight);--awb-title-font-style:var(--awb-typography1-font-style);--awb-title-font-size:16px;--awb-title-letter-spacing:var(--awb-typography1-letter-spacing);--awb-title-line-height:var(--awb-typography1-line-height);--awb-content-font-family:var(--awb-typography4-font-family);--awb-content-font-weight:var(--awb-typography4-font-weight);--awb-content-font-style:var(--awb-typography4-font-style);\"><div class=\"panel-group fusion-toggle-icon-boxed\" id=\"accordion-5486-1\"><div class=\"fusion-panel panel-default panel-82eed9ecbe361d02f fusion-toggle-has-divider\" style=\"--awb-title-color:hsla(var(--awb-color8-h),var(--awb-color8-s),calc( var(--awb-color8-l) + 20% ),var(--awb-color8-a));--awb-content-color:var(--awb-color7);\"><div class=\"panel-heading\"><h4 class=\"panel-title toggle\" id=\"toggle_82eed9ecbe361d02f\"><a aria-expanded=\"false\" aria-controls=\"82eed9ecbe361d02f\" role=\"button\" data-toggle=\"collapse\" data-parent=\"#accordion-5486-1\" data-target=\"#82eed9ecbe361d02f\" href=\"#82eed9ecbe361d02f\"><span class=\"fusion-toggle-icon-wrapper\" aria-hidden=\"true\"><i class=\"fa-fusion-box active-icon awb-icon-minus\" aria-hidden=\"true\"><\/i><i class=\"fa-fusion-box inactive-icon awb-icon-plus\" aria-hidden=\"true\"><\/i><\/span><span class=\"fusion-toggle-heading\">Verbindungslehrkraft<\/span><\/a><\/h4><\/div><div id=\"82eed9ecbe361d02f\" class=\"panel-collapse collapse \" aria-labelledby=\"toggle_82eed9ecbe361d02f\"><div class=\"panel-body toggle-content fusion-clearfix\">\n<h4>Thomas Krispin<br \/>\nNikolastr. 11<br \/>\n94032 Passau<br \/>\nTel.: 0851 \/ 51656<\/h4>\n<\/div><\/div><\/div><div class=\"fusion-panel panel-default panel-33e904375b7937bcf fusion-toggle-has-divider\" style=\"--awb-title-color:hsla(var(--awb-color8-h),var(--awb-color8-s),calc( var(--awb-color8-l) + 20% ),var(--awb-color8-a));--awb-content-color:var(--awb-color7);\"><div class=\"panel-heading\"><h4 class=\"panel-title toggle\" id=\"toggle_33e904375b7937bcf\"><a aria-expanded=\"false\" aria-controls=\"33e904375b7937bcf\" role=\"button\" data-toggle=\"collapse\" data-parent=\"#accordion-5486-1\" data-target=\"#33e904375b7937bcf\" href=\"#33e904375b7937bcf\"><span class=\"fusion-toggle-icon-wrapper\" aria-hidden=\"true\"><i class=\"fa-fusion-box active-icon awb-icon-minus\" aria-hidden=\"true\"><\/i><i class=\"fa-fusion-box inactive-icon awb-icon-plus\" aria-hidden=\"true\"><\/i><\/span><span class=\"fusion-toggle-heading\">Beratungslehrkraft<\/span><\/a><\/h4><\/div><div id=\"33e904375b7937bcf\" class=\"panel-collapse collapse \" aria-labelledby=\"toggle_33e904375b7937bcf\"><div class=\"panel-body toggle-content fusion-clearfix\">\n<h4>Beratungslehrerin Inge Dondl, StRin<\/h4>\n<h4>MS Vilshofen, St. Georg<br \/>\nPacherstra\u00dfe 5<br \/>\n94474 Vilshofen<br \/>\nTel.: 08541 \/ 9620-0<br \/>\nE-Mail: st.georg@hs-vilshofen.de<\/h4>\n<\/div><\/div><\/div><div class=\"fusion-panel panel-default panel-1962e3f4c02f72e2b fusion-toggle-has-divider\" style=\"--awb-title-color:hsla(var(--awb-color8-h),var(--awb-color8-s),calc( var(--awb-color8-l) + 20% ),var(--awb-color8-a));--awb-content-color:var(--awb-color7);\"><div class=\"panel-heading\"><h4 class=\"panel-title toggle\" id=\"toggle_1962e3f4c02f72e2b\"><a aria-expanded=\"false\" aria-controls=\"1962e3f4c02f72e2b\" role=\"button\" data-toggle=\"collapse\" data-parent=\"#accordion-5486-1\" data-target=\"#1962e3f4c02f72e2b\" href=\"#1962e3f4c02f72e2b\"><span class=\"fusion-toggle-icon-wrapper\" aria-hidden=\"true\"><i class=\"fa-fusion-box active-icon awb-icon-minus\" aria-hidden=\"true\"><\/i><i class=\"fa-fusion-box inactive-icon awb-icon-plus\" aria-hidden=\"true\"><\/i><\/span><span class=\"fusion-toggle-heading\">Schulpsychologe<\/span><\/a><\/h4><\/div><div id=\"1962e3f4c02f72e2b\" class=\"panel-collapse collapse \" aria-labelledby=\"toggle_1962e3f4c02f72e2b\"><div class=\"panel-body toggle-content fusion-clearfix\">\n<h4>Christian Zistler<\/h4>\n<ul>\n<li class=\"fusion-li-item\">\n<div class=\"fusion-li-item-content\">\n<h4 class=\"\" data-fontsize=\"13\" data-lineheight=\"19.5px\">MS Aidenbach<br \/>\nSchulstra\u00dfe 9<br \/>\n94501 Aidenbach<\/h4>\n<h4 class=\"\" data-fontsize=\"13\" data-lineheight=\"19.5px\">Tel.: 0151 -152 599 05<\/h4>\n<div class=\"fusion-li-item-content\">\n<h4 class=\"\" data-fontsize=\"18\" data-lineheight=\"27px\"><span class=\"fs14\"><span class=\"cf1 ff2\">Schulpsychologische Beratung ist kostenlos!<\/span><\/span><\/h4>\n<\/div>\n<div class=\"fusion-li-item-content\">\n<h4 class=\"\" data-fontsize=\"13\" data-lineheight=\"19.5px\">E-Mail: christian.zistler@schule.bayern.de<\/h4>\n<\/div>\n<\/div>\n<\/li>\n<\/ul>\n<\/div><\/div><\/div><div class=\"fusion-panel panel-default panel-19f5bb162ca5c1afa fusion-toggle-has-divider\" style=\"--awb-title-color:hsla(var(--awb-color8-h),var(--awb-color8-s),calc( var(--awb-color8-l) + 20% ),var(--awb-color8-a));--awb-content-color:var(--awb-color7);\"><div class=\"panel-heading\"><h4 class=\"panel-title toggle\" id=\"toggle_19f5bb162ca5c1afa\"><a aria-expanded=\"false\" aria-controls=\"19f5bb162ca5c1afa\" role=\"button\" data-toggle=\"collapse\" data-parent=\"#accordion-5486-1\" data-target=\"#19f5bb162ca5c1afa\" href=\"#19f5bb162ca5c1afa\"><span class=\"fusion-toggle-icon-wrapper\" aria-hidden=\"true\"><i class=\"fa-fusion-box active-icon awb-icon-minus\" aria-hidden=\"true\"><\/i><i class=\"fa-fusion-box inactive-icon awb-icon-plus\" aria-hidden=\"true\"><\/i><\/span><span class=\"fusion-toggle-heading\">Staatl. Schulberatung<\/span><\/a><\/h4><\/div><div id=\"19f5bb162ca5c1afa\" class=\"panel-collapse collapse \" aria-labelledby=\"toggle_19f5bb162ca5c1afa\"><div class=\"panel-body toggle-content fusion-clearfix\">\n<h4>Seligenthaler Str. 36,<br \/>\n84034 Landshut<br \/>\nTel.:\u00a0 0871 \/ 43031 0<br \/>\nFax.: 0871 \/43031 10<br \/>\nE-Mail: <a href=\"mailto:info@sbndb.de\">info@sbndb.de<\/a><\/h4>\n<\/div><\/div><\/div><div class=\"fusion-panel panel-default panel-9fffbe20550b03a74 fusion-toggle-has-divider\" style=\"--awb-title-color:hsla(var(--awb-color8-h),var(--awb-color8-s),calc( var(--awb-color8-l) + 20% ),var(--awb-color8-a));--awb-content-color:var(--awb-color7);\"><div class=\"panel-heading\"><h4 class=\"panel-title toggle\" id=\"toggle_9fffbe20550b03a74\"><a aria-expanded=\"false\" aria-controls=\"9fffbe20550b03a74\" role=\"button\" data-toggle=\"collapse\" data-parent=\"#accordion-5486-1\" data-target=\"#9fffbe20550b03a74\" href=\"#9fffbe20550b03a74\"><span class=\"fusion-toggle-icon-wrapper\" aria-hidden=\"true\"><i class=\"fa-fusion-box active-icon awb-icon-minus\" aria-hidden=\"true\"><\/i><i class=\"fa-fusion-box inactive-icon awb-icon-plus\" aria-hidden=\"true\"><\/i><\/span><span class=\"fusion-toggle-heading\">Jugendsozialarbeit an Schulen<\/span><\/a><\/h4><\/div><div id=\"9fffbe20550b03a74\" class=\"panel-collapse collapse \" aria-labelledby=\"toggle_9fffbe20550b03a74\"><div class=\"panel-body toggle-content fusion-clearfix\">\n<h4 class=\"fusion-responsive-typography-calculated\" data-fontsize=\"25\" data-lineheight=\"30px\">Laura Moritz<br \/>\nTel.: 0151 \u2013 14126309<br \/>\nTel.: 0851 \u2013 37931716<br \/>\nFax: 0851 \u2013 56953<br \/>\nE-Mail:Laura.Moritz@passau.de<\/h4>\n<h4 class=\"fusion-responsive-typography-calculated\" data-fontsize=\"25\" data-lineheight=\"30px\"><\/h4>\n<\/div><\/div><\/div><\/div><\/div><\/div><\/div><\/div><\/div><div class=\"fusion-fullwidth fullwidth-box fusion-builder-row-2 fusion-flex-container has-pattern-background has-mask-background nonhundred-percent-fullwidth non-hundred-percent-height-scrolling\" style=\"--awb-border-radius-top-left:0px;--awb-border-radius-top-right:0px;--awb-border-radius-bottom-right:0px;--awb-border-radius-bottom-left:0px;--awb-flex-wrap:wrap;\" ><div class=\"fusion-builder-row fusion-row fusion-flex-align-items-flex-start fusion-flex-content-wrap\" style=\"max-width:1216.8px;margin-left: calc(-4% \/ 2 );margin-right: calc(-4% \/ 2 );\"><div class=\"fusion-layout-column fusion_builder_column fusion-builder-column-1 fusion_builder_column_1_1 1_1 fusion-flex-column\" style=\"--awb-bg-size:cover;--awb-width-large:100%;--awb-margin-top-large:0px;--awb-spacing-right-large:1.92%;--awb-margin-bottom-large:20px;--awb-spacing-left-large:1.92%;--awb-width-medium:100%;--awb-order-medium:0;--awb-spacing-right-medium:1.92%;--awb-spacing-left-medium:1.92%;--awb-width-small:100%;--awb-order-small:0;--awb-spacing-right-small:1.92%;--awb-spacing-left-small:1.92%;\"><div class=\"fusion-column-wrapper fusion-column-has-shadow fusion-flex-justify-content-flex-start fusion-content-layout-column\"><div class=\"fusion-text fusion-text-2\"><h3>Au\u00dferschulische Kooperationspartner<\/h3>\n<\/div><div class=\"fusion-separator\" style=\"align-self: center;margin-left: auto;margin-right: auto;margin-bottom:20px;width:100%;max-width:300px;\"><div class=\"fusion-separator-border sep-single sep-solid\" style=\"--awb-height:20px;--awb-amount:20px;--awb-sep-color:var(--awb-custom_color_1);border-color:var(--awb-custom_color_1);border-top-width:2px;\"><\/div><\/div><\/div><\/div><div class=\"fusion-layout-column fusion_builder_column fusion-builder-column-2 fusion_builder_column_1_3 1_3 fusion-flex-column\" style=\"--awb-bg-size:cover;--awb-width-large:33.333333333333%;--awb-margin-top-large:0px;--awb-spacing-right-large:5.76%;--awb-margin-bottom-large:20px;--awb-spacing-left-large:5.76%;--awb-width-medium:33.333333333333%;--awb-order-medium:0;--awb-spacing-right-medium:5.76%;--awb-spacing-left-medium:5.76%;--awb-width-small:100%;--awb-order-small:0;--awb-spacing-right-small:1.92%;--awb-spacing-left-small:1.92%;\"><div class=\"fusion-column-wrapper fusion-column-has-shadow fusion-flex-justify-content-flex-start fusion-content-layout-column\"><div class=\"fusion-text fusion-text-3\"><h4 style=\"text-align: center;\">Caritas Erziehungs-, Jugend- und Familienberatung Passau<br \/>\nTel.: 0851 &#8211; 501260<\/h4>\n<\/div><\/div><\/div><div class=\"fusion-layout-column fusion_builder_column fusion-builder-column-3 fusion_builder_column_1_3 1_3 fusion-flex-column\" style=\"--awb-bg-size:cover;--awb-width-large:33.333333333333%;--awb-margin-top-large:0px;--awb-spacing-right-large:5.76%;--awb-margin-bottom-large:20px;--awb-spacing-left-large:5.76%;--awb-width-medium:33.333333333333%;--awb-order-medium:0;--awb-spacing-right-medium:5.76%;--awb-spacing-left-medium:5.76%;--awb-width-small:100%;--awb-order-small:0;--awb-spacing-right-small:1.92%;--awb-spacing-left-small:1.92%;\"><div class=\"fusion-column-wrapper fusion-column-has-shadow fusion-flex-justify-content-flex-start fusion-content-layout-column\"><div class=\"fusion-text fusion-text-4\"><h4 style=\"text-align: center;\">Tagesklinik und Institutsambulanz f\u00fcr Kinder- und Jugendpsychiatrie, Psychotherapie und Psychosomatik in Passau<br \/>\nTel.: 0851 &#8211; 21360730<\/h4>\n<\/div><\/div><\/div><div class=\"fusion-layout-column fusion_builder_column fusion-builder-column-4 fusion_builder_column_1_3 1_3 fusion-flex-column\" style=\"--awb-bg-size:cover;--awb-width-large:33.333333333333%;--awb-margin-top-large:0px;--awb-spacing-right-large:5.76%;--awb-margin-bottom-large:20px;--awb-spacing-left-large:5.76%;--awb-width-medium:33.333333333333%;--awb-order-medium:0;--awb-spacing-right-medium:5.76%;--awb-spacing-left-medium:5.76%;--awb-width-small:100%;--awb-order-small:0;--awb-spacing-right-small:1.92%;--awb-spacing-left-small:1.92%;\"><div class=\"fusion-column-wrapper fusion-column-has-shadow fusion-flex-justify-content-flex-start fusion-content-layout-column\"><div class=\"fusion-text fusion-text-5\"><h4 style=\"text-align: center;\">Niedergelassene Kinder\u00e4rzte sowie Fach\u00e4rzte f\u00fcr Kinder-\/ Jugendpsychiatrie und -psychotherapie<\/h4>\n<\/div><\/div><\/div><div class=\"fusion-layout-column fusion_builder_column fusion-builder-column-5 fusion_builder_column_1_3 1_3 fusion-flex-column\" style=\"--awb-bg-size:cover;--awb-width-large:33.333333333333%;--awb-margin-top-large:0px;--awb-spacing-right-large:5.76%;--awb-margin-bottom-large:20px;--awb-spacing-left-large:5.76%;--awb-width-medium:33.333333333333%;--awb-order-medium:0;--awb-spacing-right-medium:5.76%;--awb-spacing-left-medium:5.76%;--awb-width-small:100%;--awb-order-small:0;--awb-spacing-right-small:1.92%;--awb-spacing-left-small:1.92%;\"><div class=\"fusion-column-wrapper fusion-column-has-shadow fusion-flex-justify-content-flex-start fusion-content-layout-column\"><div class=\"fusion-text fusion-text-6\"><h4 style=\"text-align: center;\">Sozialp\u00e4diatrisches Zentrum<br \/>\nan der Kinderklinik Dritter Orden in Passau<br \/>\nTel.: 0851 &#8211; 7205-164<\/h4>\n<\/div><\/div><\/div><div class=\"fusion-layout-column fusion_builder_column fusion-builder-column-6 fusion_builder_column_1_3 1_3 fusion-flex-column\" style=\"--awb-bg-size:cover;--awb-width-large:33.333333333333%;--awb-margin-top-large:0px;--awb-spacing-right-large:5.76%;--awb-margin-bottom-large:20px;--awb-spacing-left-large:5.76%;--awb-width-medium:33.333333333333%;--awb-order-medium:0;--awb-spacing-right-medium:5.76%;--awb-spacing-left-medium:5.76%;--awb-width-small:100%;--awb-order-small:0;--awb-spacing-right-small:1.92%;--awb-spacing-left-small:1.92%;\"><div class=\"fusion-column-wrapper fusion-column-has-shadow fusion-flex-justify-content-flex-start fusion-content-layout-column\"><div class=\"fusion-text fusion-text-7\"><h4 style=\"text-align: center;\">Psych.\u00a0 Psychotherapeuten (<a href=\"http:\/\/www.bptk.de\">www.bptk.de<\/a> oder Koordinationsstelle Tel.: 0921 &#8211; 787765-40410)<\/h4>\n<\/div><\/div><\/div><div class=\"fusion-layout-column fusion_builder_column fusion-builder-column-7 fusion_builder_column_1_3 1_3 fusion-flex-column\" style=\"--awb-bg-size:cover;--awb-width-large:33.333333333333%;--awb-margin-top-large:0px;--awb-spacing-right-large:5.76%;--awb-margin-bottom-large:20px;--awb-spacing-left-large:5.76%;--awb-width-medium:33.333333333333%;--awb-order-medium:0;--awb-spacing-right-medium:5.76%;--awb-spacing-left-medium:5.76%;--awb-width-small:100%;--awb-order-small:0;--awb-spacing-right-small:1.92%;--awb-spacing-left-small:1.92%;\"><div class=\"fusion-column-wrapper fusion-column-has-shadow fusion-flex-justify-content-flex-start fusion-content-layout-column\"><div class=\"fusion-text fusion-text-8\"><h4 style=\"text-align: center;\">Krisendienst Psychiatrie:<br \/>\nTel.: 0180 &#8211; 6553000<br \/>\n\u00c4rztl. Bereitschaftsdienst:<br \/>\nTel: 116117<\/h4>\n<\/div><\/div><\/div><\/div><\/div><div class=\"fusion-fullwidth fullwidth-box fusion-builder-row-3 fusion-flex-container has-pattern-background has-mask-background nonhundred-percent-fullwidth non-hundred-percent-height-scrolling\" style=\"--awb-border-radius-top-left:0px;--awb-border-radius-top-right:0px;--awb-border-radius-bottom-right:0px;--awb-border-radius-bottom-left:0px;--awb-flex-wrap:wrap;\" ><div class=\"fusion-builder-row fusion-row fusion-flex-align-items-flex-start fusion-flex-content-wrap\" style=\"max-width:1216.8px;margin-left: calc(-4% \/ 2 );margin-right: calc(-4% \/ 2 );\"><div class=\"fusion-layout-column fusion_builder_column fusion-builder-column-8 fusion_builder_column_1_1 1_1 fusion-flex-column\" style=\"--awb-bg-size:cover;--awb-width-large:100%;--awb-margin-top-large:0px;--awb-spacing-right-large:1.92%;--awb-margin-bottom-large:20px;--awb-spacing-left-large:1.92%;--awb-width-medium:100%;--awb-order-medium:0;--awb-spacing-right-medium:1.92%;--awb-spacing-left-medium:1.92%;--awb-width-small:100%;--awb-order-small:0;--awb-spacing-right-small:1.92%;--awb-spacing-left-small:1.92%;\"><div class=\"fusion-column-wrapper fusion-column-has-shadow fusion-flex-justify-content-flex-start fusion-content-layout-column\"><div class=\"fusion-text fusion-text-9\"><h3>Internetseiten und Telefonnummern<\/h3>\n<\/div><div class=\"fusion-separator\" style=\"align-self: center;margin-left: auto;margin-right: auto;margin-bottom:20px;width:100%;max-width:300px;\"><div class=\"fusion-separator-border sep-single sep-solid\" style=\"--awb-height:20px;--awb-amount:20px;--awb-sep-color:var(--awb-custom_color_1);border-color:var(--awb-custom_color_1);border-top-width:2px;\"><\/div><\/div><div class=\"fusion-text fusion-text-10\"><h5 style=\"text-align: center;\"><span style=\"color: #ff0000;\">Bitte beachten Sie, dass die Links Webseiten \u00f6ffnen, f\u00fcr deren Inhalt wir nicht verantwortlich sind und auf die unsere Datenschutzbestimmungen keine Anwendung finden.<\/span><\/h5>\n<\/div><div class=\"fusion-text fusion-text-11\"><ul>\n<li>\n<h4>Download: <a href=\"http:\/\/gms-griesbach.de\/wp-content\/uploads\/2020\/04\/Hilfen-bei-h\u00e4uslicher-Gewalt-\u00dcberblick.pdf\">Hilfen bei h\u00e4uslicher Gewalt &#8211; \u00dcberblick<\/a><\/h4>\n<\/li>\n<li>\n<h4>Download: <a href=\"http:\/\/gms-griesbach.de\/wp-content\/uploads\/2020\/04\/Flyer-Frei-leben-ohne-Gewalt-.pdf\">Flyer Frei leben ohne Gewalt<\/a><\/h4>\n<\/li>\n<\/ul>\n<\/div><div class=\"fusion-text fusion-text-12\"><ul>\n<li>\n<h4>\u201eNummer gegen Kummer\u201c: 116111 (anonym und kostenfrei; auch Onlineberatung)<\/h4>\n<\/li>\n<\/ul>\n<\/div><div class=\"fusion-text fusion-text-13\"><ul>\n<li>\n<h4>\u201eFIDEO\u201c (Fighting depression online): <a href=\"http:\/\/www.fideo.de\">fideo.de<\/a> (u.a. Forum zum Austausch, Selbsttest, Wissen \u00fcber Depressionen)<\/h4>\n<\/li>\n<\/ul>\n<\/div><div class=\"fusion-text fusion-text-14\"><ul>\n<li>\n<h4>\u201eStiftung Deutsche Depressionshilfe\u201c: <a href=\"http:\/\/www.deutsche-depressionshilfe.de\">deutsche-depressionshilfe.de<\/a> (u.a. Infotelefon 0800 &#8211; 3344533, Online-Foren, Suche nach Hilfsangeboten i.d. jeweiligen Region)<\/h4>\n<\/li>\n<\/ul>\n<\/div><div class=\"fusion-text fusion-text-15\"><ul>\n<li>\n<h4>\u201eNAKOS\u201c (Nationale Kontakt- und Informationsstelle zur Anregung und Unterst\u00fctzung von Selbsthilfegruppen): Hilfe bei der Suche nach Selbsthilfegruppen<\/h4>\n<\/li>\n<\/ul>\n<\/div><div class=\"fusion-text fusion-text-16\"><ul>\n<li>\n<h4>U25 Freiburg: <a href=\"http:\/\/www.u25-freiburg.de\">u25-freiburg.de<\/a> (anonyme Mailberatung bei Krisen und Suizidgedanken)<\/h4>\n<\/li>\n<\/ul>\n<\/div><div class=\"fusion-text fusion-text-17\"><ul>\n<li>\n<h4><strong>Telefonseelsorge: <\/strong>0800 &#8211; 1110111 oder 0800 &#8211; 1110222<\/h4>\n<\/li>\n<\/ul>\n<\/div><div class=\"fusion-text fusion-text-18\"><ul>\n<li>\n<h4><strong>Bundeskonferenz f\u00fcr Erziehungsberatung:<\/strong> bke-Onlineberatung (<a href=\"https:\/\/www.bke.de\">https:\/\/www.bke.de<\/a> )<\/h4>\n<\/li>\n<\/ul>\n<\/div><\/div><\/div><\/div><\/div><\/p>\n","protected":false},"excerpt":{"rendered":"","protected":false},"author":1,"featured_media":0,"parent":0,"menu_order":0,"comment_status":"closed","ping_status":"closed","template":"100-width.php","meta":{"footnotes":""},"class_list":["post-5486","page","type-page","status-publish","hentry"],"_links":{"self":[{"href":"https:\/\/gms-nikola-passau.de\/index.php?rest_route=\/wp\/v2\/pages\/5486","targetHints":{"allow":["GET"]}}],"collection":[{"href":"https:\/\/gms-nikola-passau.de\/index.php?rest_route=\/wp\/v2\/pages"}],"about":[{"href":"https:\/\/gms-nikola-passau.de\/index.php?rest_route=\/wp\/v2\/types\/page"}],"author":[{"embeddable":true,"href":"https:\/\/gms-nikola-passau.de\/index.php?rest_route=\/wp\/v2\/users\/1"}],"replies":[{"embeddable":true,"href":"https:\/\/gms-nikola-passau.de\/index.php?rest_route=%2Fwp%2Fv2%2Fcomments&post=5486"}],"version-history":[{"count":14,"href":"https:\/\/gms-nikola-passau.de\/index.php?rest_route=\/wp\/v2\/pages\/5486\/revisions"}],"predecessor-version":[{"id":11194,"href":"https:\/\/gms-nikola-passau.de\/index.php?rest_route=\/wp\/v2\/pages\/5486\/revisions\/11194"}],"wp:attachment":[{"href":"https:\/\/gms-nikola-passau.de\/index.php?rest_route=%2Fwp%2Fv2%2Fmedia&parent=5486"}],"curies":[{"name":"wp","href":"https:\/\/api.w.org\/{rel}","templated":true}]}}