{"id":5501,"date":"2022-08-08T11:46:10","date_gmt":"2022-08-08T11:46:10","guid":{"rendered":"http:\/\/gms-nikola-passau.de\/?page_id=5501"},"modified":"2022-08-08T11:51:37","modified_gmt":"2022-08-08T11:51:37","slug":"schulverfassung","status":"publish","type":"page","link":"https:\/\/gms-nikola-passau.de\/?page_id=5501","title":{"rendered":"Schulverfassung"},"content":{"rendered":"<p><div class=\"fusion-fullwidth fullwidth-box fusion-builder-row-1 fusion-flex-container has-pattern-background has-mask-background nonhundred-percent-fullwidth non-hundred-percent-height-scrolling\" style=\"--awb-border-radius-top-left:0px;--awb-border-radius-top-right:0px;--awb-border-radius-bottom-right:0px;--awb-border-radius-bottom-left:0px;--awb-flex-wrap:wrap;\" ><div class=\"fusion-builder-row fusion-row fusion-flex-align-items-flex-start fusion-flex-content-wrap\" style=\"max-width:1216.8px;margin-left: calc(-4% \/ 2 );margin-right: calc(-4% \/ 2 );\"><div class=\"fusion-layout-column fusion_builder_column fusion-builder-column-0 fusion_builder_column_1_1 1_1 fusion-flex-column\" style=\"--awb-bg-size:cover;--awb-width-large:100%;--awb-margin-top-large:0px;--awb-spacing-right-large:1.92%;--awb-margin-bottom-large:20px;--awb-spacing-left-large:1.92%;--awb-width-medium:100%;--awb-order-medium:0;--awb-spacing-right-medium:1.92%;--awb-spacing-left-medium:1.92%;--awb-width-small:100%;--awb-order-small:0;--awb-spacing-right-small:1.92%;--awb-spacing-left-small:1.92%;\"><div class=\"fusion-column-wrapper fusion-column-has-shadow fusion-flex-justify-content-flex-start fusion-content-layout-column\"><div class=\"fusion-text fusion-text-1\"><h3 style=\"text-align: center;\">Schulverfassung<\/h3>\n<\/div><div class=\"fusion-separator\" style=\"align-self: center;margin-left: auto;margin-right: auto;margin-bottom:20px;width:100%;max-width:300px;\"><div class=\"fusion-separator-border sep-single sep-solid\" style=\"--awb-height:20px;--awb-amount:20px;--awb-sep-color:var(--awb-custom_color_1);border-color:var(--awb-custom_color_1);border-top-width:2px;\"><\/div><\/div><\/div><\/div><\/div><\/div><div class=\"fusion-fullwidth fullwidth-box fusion-builder-row-2 fusion-flex-container has-pattern-background has-mask-background nonhundred-percent-fullwidth non-hundred-percent-height-scrolling\" style=\"--awb-border-radius-top-left:0px;--awb-border-radius-top-right:0px;--awb-border-radius-bottom-right:0px;--awb-border-radius-bottom-left:0px;--awb-flex-wrap:wrap;\" ><div class=\"fusion-builder-row fusion-row fusion-flex-align-items-flex-start fusion-flex-content-wrap\" style=\"max-width:1216.8px;margin-left: calc(-4% \/ 2 );margin-right: calc(-4% \/ 2 );\"><div class=\"fusion-layout-column fusion_builder_column fusion-builder-column-1 fusion_builder_column_1_1 1_1 fusion-flex-column\" style=\"--awb-bg-size:cover;--awb-width-large:100%;--awb-margin-top-large:0px;--awb-spacing-right-large:1.92%;--awb-margin-bottom-large:20px;--awb-spacing-left-large:1.92%;--awb-width-medium:100%;--awb-order-medium:0;--awb-spacing-right-medium:1.92%;--awb-spacing-left-medium:1.92%;--awb-width-small:100%;--awb-order-small:0;--awb-spacing-right-small:1.92%;--awb-spacing-left-small:1.92%;\"><div class=\"fusion-column-wrapper fusion-column-has-shadow fusion-flex-justify-content-flex-start fusion-content-layout-column\"><div class=\"fusion-text fusion-text-2\"><h4>F\u00fcr ein w\u00fcrdevolles, demokratisches Miteinander haben zahlreiche Sch\u00fclerInnen, LehrerInnen und Eltern der Grund- und Mittelschule St. Nikola folgende Grunds\u00e4tze zu einer gemeinsamen Schulverfassung formuliert:<\/h4>\n<h4><strong>Sch\u00fclerInnen<\/strong><\/h4>\n<ol>\n<li>\n<h4>Wir begegnen uns mit Respekt, Freundlichkeit und Ehrlichkeit.<\/h4>\n<\/li>\n<li>\n<h4>Wir achten auf Sauberkeit, Ordnung und schonen unsere Umwelt.<\/h4>\n<\/li>\n<li>\n<h4>Wir sind alle gleichberechtigt und halten zusammen.<\/h4>\n<\/li>\n<li>\n<h4>Wir l\u00f6sen Konflikte friedlich und lehnen jede Art von Gewalt ab.<\/h4>\n<\/li>\n<li>\n<h4>Wir vermeiden L\u00e4rm und bem\u00fchen uns um ruhiges Verhalten.<\/h4>\n<\/li>\n<li>\n<h4>Wir legen Wert auf P\u00fcnktlichkeit.<\/h4>\n<\/li>\n<li>\n<h4>Wir sind fair zueinander und teilen gerne, wo es m\u00f6glich ist.<\/h4>\n<\/li>\n<li>\n<h4>Wir h\u00f6ren auf unsere KlassensprecherInnen und LehrerInnen.<\/h4>\n<\/li>\n<li>\n<h4>Wir arbeiten selbstst\u00e4ndig und handeln gewissenhaft.<\/h4>\n<\/li>\n<li>\n<h4>Wir halten uns an die Regeln der schuleigenen Hausordnung.<\/h4>\n<\/li>\n<\/ol>\n<h4><strong>LehrerInnen<\/strong><\/h4>\n<ol>\n<li>\n<h4>Wir nehmen unsere Vorbildfunktion ernst.<\/h4>\n<\/li>\n<li>\n<h4>Wir begegnen unseren Sch\u00fclerInnen wertsch\u00e4tzend, achtsam und empathisch.<\/h4>\n<\/li>\n<li>\n<h4>Wir pflegen eine vertrauensvolle und konstruktive Zusammenarbeit mit den Eltern und Erziehungsberechtigten.<\/h4>\n<\/li>\n<li>\n<h4>Wir sorgen f\u00fcr einen st\u00f6rungsfreien Unterricht in positiver Lernatmosph\u00e4re, indem Wissen und Herz gleicherma\u00dfen vermittelt werden.<\/h4>\n<\/li>\n<li>\n<h4>Wir legen gro\u00dfen Wert auf eine gute Gemeinschaft, Teamf\u00e4higkeit sowie die Verantwortung des Einzelnen f\u00fcr die Schulfamilie.<\/h4>\n<\/li>\n<li>\n<h4>Wir nehmen R\u00fccksicht auf die individuelle Lebensgeschichte, Religion, Sprache sowie die famili\u00e4re Situation unserer Sch\u00fclerInnen.<\/h4>\n<\/li>\n<li>\n<h4>Wir erkennen die vielf\u00e4ltigen F\u00e4higkeiten unserer Sch\u00fclerInnen und f\u00f6rdern diese bestm\u00f6glich.<\/h4>\n<\/li>\n<li>\n<h4>Wir unterst\u00fctzen die uns anvertrauten Kinder und Jugendlichen bei Problemen.<\/h4>\n<\/li>\n<li>\n<h4>Wir gehen fair und gerecht mit unseren Sch\u00fclerInnen um.<\/h4>\n<\/li>\n<li>\n<h4>Wir zeigen Geduld und erkl\u00e4ren Sachverhalte bei Bedarf auch mehrmals.<\/h4>\n<\/li>\n<\/ol>\n<h4><strong>Eltern<\/strong><\/h4>\n<ol>\n<li>\n<h4>Wir legen gro\u00dfen Wert auf ein h\u00f6fliches, respektvolles und vertrauensvolles Miteinander.<\/h4>\n<\/li>\n<li>\n<h4>Wir zeigen Interesse am Schulleben, nehmen an Veranstaltungen teil, wirken daran mit und erscheinen zu Elternabenden.<\/h4>\n<\/li>\n<li>\n<h4>Wir tragen Sorge daf\u00fcr, dass unsere Kinder gut in den Schultag starten und p\u00fcnktlich zum Unterricht erscheinen.<\/h4>\n<\/li>\n<li>\n<h4>Wir unterst\u00fctzen die Lehrkr\u00e4fte in ihrem Lehr- und Erziehungsauftrag.<\/h4>\n<\/li>\n<li>\n<h4>Zu Hause begleiten wir unsere Kinder bei Hausaufgaben sowie Lernauftr\u00e4gen und geben bei Bedarf Hilfestellungen.<\/h4>\n<\/li>\n<li>\n<h4>Wir begegnen der Schule positiv und \u00fcbernehmen Verantwortung f\u00fcr unsere Kinder.<\/h4>\n<\/li>\n<li>\n<h4>Wir regen unsere Kinder zu einem kritischen und vern\u00fcnftigen Medienkonsum an.<\/h4>\n<\/li>\n<li>\n<h4>Unsere Anliegen besprechen wir ehrlich, sachlich und direkt mit den Betroffenen.<\/h4>\n<\/li>\n<li>\n<h4>Ein guter, konstruktiver Austausch sowie eine enge Zusammenarbeit mit den Lehrkr\u00e4ften ist uns wichtig.<\/h4>\n<\/li>\n<li>\n<h4>Wir achten darauf, dass unsere Kinder das ben\u00f6tigte Schulmaterial f\u00fcr den Unterricht dabeihaben.<\/h4>\n<\/li>\n<\/ol>\n<\/div><\/div><\/div><\/div><\/div><\/p>\n","protected":false},"excerpt":{"rendered":"","protected":false},"author":1,"featured_media":0,"parent":0,"menu_order":0,"comment_status":"closed","ping_status":"closed","template":"100-width.php","meta":{"footnotes":""},"class_list":["post-5501","page","type-page","status-publish","hentry"],"_links":{"self":[{"href":"https:\/\/gms-nikola-passau.de\/index.php?rest_route=\/wp\/v2\/pages\/5501","targetHints":{"allow":["GET"]}}],"collection":[{"href":"https:\/\/gms-nikola-passau.de\/index.php?rest_route=\/wp\/v2\/pages"}],"about":[{"href":"https:\/\/gms-nikola-passau.de\/index.php?rest_route=\/wp\/v2\/types\/page"}],"author":[{"embeddable":true,"href":"https:\/\/gms-nikola-passau.de\/index.php?rest_route=\/wp\/v2\/users\/1"}],"replies":[{"embeddable":true,"href":"https:\/\/gms-nikola-passau.de\/index.php?rest_route=%2Fwp%2Fv2%2Fcomments&post=5501"}],"version-history":[{"count":2,"href":"https:\/\/gms-nikola-passau.de\/index.php?rest_route=\/wp\/v2\/pages\/5501\/revisions"}],"predecessor-version":[{"id":5503,"href":"https:\/\/gms-nikola-passau.de\/index.php?rest_route=\/wp\/v2\/pages\/5501\/revisions\/5503"}],"wp:attachment":[{"href":"https:\/\/gms-nikola-passau.de\/index.php?rest_route=%2Fwp%2Fv2%2Fmedia&parent=5501"}],"curies":[{"name":"wp","href":"https:\/\/api.w.org\/{rel}","templated":true}]}}