{"id":5593,"date":"2022-08-08T14:04:15","date_gmt":"2022-08-08T14:04:15","guid":{"rendered":"http:\/\/gms-nikola-passau.de\/?page_id=5593"},"modified":"2024-02-08T18:13:10","modified_gmt":"2024-02-08T18:13:10","slug":"berufswahlsiegel","status":"publish","type":"page","link":"https:\/\/gms-nikola-passau.de\/?page_id=5593","title":{"rendered":"Berufswahlsiegel"},"content":{"rendered":"<p><div class=\"fusion-fullwidth fullwidth-box fusion-builder-row-1 fusion-flex-container has-pattern-background has-mask-background nonhundred-percent-fullwidth non-hundred-percent-height-scrolling\" style=\"--awb-border-radius-top-left:0px;--awb-border-radius-top-right:0px;--awb-border-radius-bottom-right:0px;--awb-border-radius-bottom-left:0px;--awb-flex-wrap:wrap;\" ><div class=\"fusion-builder-row fusion-row fusion-flex-align-items-flex-start fusion-flex-content-wrap\" style=\"max-width:1216.8px;margin-left: calc(-4% \/ 2 );margin-right: calc(-4% \/ 2 );\"><div class=\"fusion-layout-column fusion_builder_column fusion-builder-column-0 fusion_builder_column_1_2 1_2 fusion-flex-column\" style=\"--awb-bg-size:cover;--awb-width-large:50%;--awb-margin-top-large:0px;--awb-spacing-right-large:3.84%;--awb-margin-bottom-large:20px;--awb-spacing-left-large:3.84%;--awb-width-medium:50%;--awb-order-medium:0;--awb-spacing-right-medium:3.84%;--awb-spacing-left-medium:3.84%;--awb-width-small:100%;--awb-order-small:0;--awb-spacing-right-small:1.92%;--awb-spacing-left-small:1.92%;\"><div class=\"fusion-column-wrapper fusion-column-has-shadow fusion-flex-justify-content-flex-start fusion-content-layout-column\"><div class=\"fusion-text fusion-text-1\"><h3 style=\"text-align: left;\">Berufswahl &#8211; SIEGEL &#8211; was ist das?<\/h3>\n<\/div><div class=\"fusion-separator\" style=\"align-self: flex-start;margin-right:auto;margin-bottom:20px;width:100%;max-width:300px;\"><div class=\"fusion-separator-border sep-single sep-solid\" style=\"--awb-height:20px;--awb-amount:20px;--awb-sep-color:var(--awb-custom_color_1);border-color:var(--awb-custom_color_1);border-top-width:2px;\"><\/div><\/div><\/div><\/div><div class=\"fusion-layout-column fusion_builder_column fusion-builder-column-1 fusion_builder_column_1_2 1_2 fusion-flex-column\" style=\"--awb-bg-size:cover;--awb-width-large:50%;--awb-margin-top-large:0px;--awb-spacing-right-large:3.84%;--awb-margin-bottom-large:20px;--awb-spacing-left-large:3.84%;--awb-width-medium:50%;--awb-order-medium:0;--awb-spacing-right-medium:3.84%;--awb-spacing-left-medium:3.84%;--awb-width-small:100%;--awb-order-small:0;--awb-spacing-right-small:1.92%;--awb-spacing-left-small:1.92%;\"><div class=\"fusion-column-wrapper fusion-column-has-shadow fusion-flex-justify-content-flex-start fusion-content-layout-column\"><div class=\"fusion-image-element \" style=\"text-align:center;--awb-caption-title-font-family:var(--h2_typography-font-family);--awb-caption-title-font-weight:var(--h2_typography-font-weight);--awb-caption-title-font-style:var(--h2_typography-font-style);--awb-caption-title-size:var(--h2_typography-font-size);--awb-caption-title-transform:var(--h2_typography-text-transform);--awb-caption-title-line-height:var(--h2_typography-line-height);--awb-caption-title-letter-spacing:var(--h2_typography-letter-spacing);\"><span class=\" fusion-imageframe imageframe-none imageframe-1 hover-type-none\"><img decoding=\"async\" width=\"250\" height=\"250\" title=\"Berufswahlsiegel\" src=\"https:\/\/gms-nikola-passau.de\/wp-content\/uploads\/2022\/08\/Berufswahlsiegel.jpeg\" data-orig-src=\"http:\/\/gms-nikola-passau.de\/wp-content\/uploads\/2022\/08\/Berufswahlsiegel.jpeg\" alt class=\"lazyload img-responsive wp-image-5597\" srcset=\"data:image\/svg+xml,%3Csvg%20xmlns%3D%27http%3A%2F%2Fwww.w3.org%2F2000%2Fsvg%27%20width%3D%27250%27%20height%3D%27250%27%20viewBox%3D%270%200%20250%20250%27%3E%3Crect%20width%3D%27250%27%20height%3D%27250%27%20fill-opacity%3D%220%22%2F%3E%3C%2Fsvg%3E\" data-srcset=\"https:\/\/gms-nikola-passau.de\/wp-content\/uploads\/2022\/08\/Berufswahlsiegel-200x200.jpeg 200w, https:\/\/gms-nikola-passau.de\/wp-content\/uploads\/2022\/08\/Berufswahlsiegel.jpeg 250w\" data-sizes=\"auto\" data-orig-sizes=\"(max-width: 640px) 100vw, 250px\" \/><\/span><\/div><\/div><\/div><\/div><\/div><div class=\"fusion-fullwidth fullwidth-box fusion-builder-row-2 fusion-flex-container has-pattern-background has-mask-background nonhundred-percent-fullwidth non-hundred-percent-height-scrolling\" style=\"--awb-border-radius-top-left:0px;--awb-border-radius-top-right:0px;--awb-border-radius-bottom-right:0px;--awb-border-radius-bottom-left:0px;--awb-flex-wrap:wrap;\" ><div class=\"fusion-builder-row fusion-row fusion-flex-align-items-flex-start fusion-flex-content-wrap\" style=\"max-width:1216.8px;margin-left: calc(-4% \/ 2 );margin-right: calc(-4% \/ 2 );\"><div class=\"fusion-layout-column fusion_builder_column fusion-builder-column-2 fusion_builder_column_1_1 1_1 fusion-flex-column\" style=\"--awb-bg-size:cover;--awb-width-large:100%;--awb-margin-top-large:0px;--awb-spacing-right-large:1.92%;--awb-margin-bottom-large:20px;--awb-spacing-left-large:1.92%;--awb-width-medium:100%;--awb-order-medium:0;--awb-spacing-right-medium:1.92%;--awb-spacing-left-medium:1.92%;--awb-width-small:100%;--awb-order-small:0;--awb-spacing-right-small:1.92%;--awb-spacing-left-small:1.92%;\"><div class=\"fusion-column-wrapper fusion-column-has-shadow fusion-flex-justify-content-flex-start fusion-content-layout-column\"><ul style=\"--awb-line-height:27.2px;--awb-icon-width:27.2px;--awb-icon-height:27.2px;--awb-icon-margin:11.2px;--awb-content-margin:38.4px;--awb-circlecolor:var(--awb-custom_color_1);--awb-circle-yes-font-size:14.08px;\" class=\"fusion-checklist fusion-checklist-1 fusion-checklist-default type-icons\"><li class=\"fusion-li-item\" style=\"\"><span class=\"icon-wrapper circle-yes\"><i class=\"fusion-li-icon fa-info-circle fas\" aria-hidden=\"true\"><\/i><\/span><div class=\"fusion-li-item-content\">\n<h4 class=\"fusion-responsive-typography-calculated\" data-fontsize=\"18\" data-lineheight=\"27px\">SCHULEWIRTSCHAFT Bayern verfolgt das Ziel, Schulen in der Weiterentwicklung ihrer Berufs- und Studienorientierung vor Ort zu unterst\u00fctzen. Damit wird fl\u00e4chendeckend f\u00fcr eine hervorragende Studien und Berufsorientierung gesorgt sowie Ausbildungsabbr\u00fcchen und Fachkr\u00e4ftemangel in der Region entgegen gewirkt.<\/h4>\n<\/div><\/li><\/ul><\/div><\/div><\/div><\/div><div class=\"fusion-fullwidth fullwidth-box fusion-builder-row-3 fusion-flex-container has-pattern-background has-mask-background nonhundred-percent-fullwidth non-hundred-percent-height-scrolling\" style=\"--awb-border-radius-top-left:0px;--awb-border-radius-top-right:0px;--awb-border-radius-bottom-right:0px;--awb-border-radius-bottom-left:0px;--awb-flex-wrap:wrap;\" ><div class=\"fusion-builder-row fusion-row fusion-flex-align-items-flex-start fusion-flex-content-wrap\" style=\"max-width:1216.8px;margin-left: calc(-4% \/ 2 );margin-right: calc(-4% \/ 2 );\"><div class=\"fusion-layout-column fusion_builder_column fusion-builder-column-3 fusion_builder_column_1_1 1_1 fusion-flex-column\" style=\"--awb-bg-size:cover;--awb-width-large:100%;--awb-margin-top-large:0px;--awb-spacing-right-large:1.92%;--awb-margin-bottom-large:20px;--awb-spacing-left-large:1.92%;--awb-width-medium:100%;--awb-order-medium:0;--awb-spacing-right-medium:1.92%;--awb-spacing-left-medium:1.92%;--awb-width-small:100%;--awb-order-small:0;--awb-spacing-right-small:1.92%;--awb-spacing-left-small:1.92%;\"><div class=\"fusion-column-wrapper fusion-column-has-shadow fusion-flex-justify-content-flex-start fusion-content-layout-column\"><div class=\"fusion-text fusion-text-2\"><h3 style=\"text-align: left;\">Das Berufswahl &#8211; SIEGEL<\/h3>\n<\/div><div class=\"fusion-separator\" style=\"align-self: flex-start;margin-right:auto;margin-bottom:20px;width:100%;max-width:300px;\"><div class=\"fusion-separator-border sep-single sep-solid\" style=\"--awb-height:20px;--awb-amount:20px;--awb-sep-color:var(--awb-custom_color_1);border-color:var(--awb-custom_color_1);border-top-width:2px;\"><\/div><\/div><\/div><\/div><\/div><\/div><div class=\"fusion-fullwidth fullwidth-box fusion-builder-row-4 fusion-flex-container has-pattern-background has-mask-background nonhundred-percent-fullwidth non-hundred-percent-height-scrolling\" style=\"--awb-border-radius-top-left:0px;--awb-border-radius-top-right:0px;--awb-border-radius-bottom-right:0px;--awb-border-radius-bottom-left:0px;--awb-flex-wrap:wrap;\" ><div class=\"fusion-builder-row fusion-row fusion-flex-align-items-flex-start fusion-flex-content-wrap\" style=\"max-width:1216.8px;margin-left: calc(-4% \/ 2 );margin-right: calc(-4% \/ 2 );\"><div class=\"fusion-layout-column fusion_builder_column fusion-builder-column-4 fusion_builder_column_1_1 1_1 fusion-flex-column\" style=\"--awb-bg-size:cover;--awb-width-large:100%;--awb-margin-top-large:0px;--awb-spacing-right-large:1.92%;--awb-margin-bottom-large:20px;--awb-spacing-left-large:1.92%;--awb-width-medium:100%;--awb-order-medium:0;--awb-spacing-right-medium:1.92%;--awb-spacing-left-medium:1.92%;--awb-width-small:100%;--awb-order-small:0;--awb-spacing-right-small:1.92%;--awb-spacing-left-small:1.92%;\"><div class=\"fusion-column-wrapper fusion-column-has-shadow fusion-flex-justify-content-flex-start fusion-content-layout-column\"><ul style=\"--awb-line-height:27.2px;--awb-icon-width:27.2px;--awb-icon-height:27.2px;--awb-icon-margin:11.2px;--awb-content-margin:38.4px;--awb-circlecolor:var(--awb-custom_color_1);--awb-circle-yes-font-size:14.08px;\" class=\"fusion-checklist fusion-checklist-2 fusion-checklist-default type-icons\"><li class=\"fusion-li-item\" style=\"\"><span class=\"icon-wrapper circle-yes\"><i class=\"fusion-li-icon fa-hands-helping fas\" aria-hidden=\"true\"><\/i><\/span><div class=\"fusion-li-item-content\">\n<h4 class=\"fusion-responsive-typography-calculated\" data-fontsize=\"18\" data-lineheight=\"27px\"><b>unterst\u00fctzt Schulen<\/b>\u00a0durch Beratung und Begleitung darin, ihre Berufs- und Studienorientierung kontinuierlich weiterzuentwickeln.<\/h4>\n<\/div><\/li><li class=\"fusion-li-item\" style=\"\"><span class=\"icon-wrapper circle-yes\"><i class=\"fusion-li-icon fa-thumbs-up fas\" aria-hidden=\"true\"><\/i><\/span><div class=\"fusion-li-item-content\">\n<h4 class=\"fusion-responsive-typography-calculated\" data-fontsize=\"18\" data-lineheight=\"27px\">ermutigt Schulen f\u00fcr die Umsetzung einer\u00a0<b>exzellenten Berufs- und Studienorientierung.<\/b><\/h4>\n<\/div><\/li><li class=\"fusion-li-item\" style=\"\"><span class=\"icon-wrapper circle-yes\"><i class=\"fusion-li-icon fa-user-clock fas\" aria-hidden=\"true\"><\/i><\/span><div class=\"fusion-li-item-content\">\n<h4 class=\"fusion-responsive-typography-calculated\" data-fontsize=\"18\" data-lineheight=\"27px\">ist ein langfristig angelegter Prozess und steht f\u00fcr\u00a0<b>Nachhaltigkeit<\/b>\u00a0und st\u00e4ndige\u00a0<b>Qualit\u00e4tsverbesserung<\/b>.<\/h4>\n<\/div><\/li><li class=\"fusion-li-item\" style=\"\"><span class=\"icon-wrapper circle-yes\"><i class=\"fusion-li-icon fa-globe fas\" aria-hidden=\"true\"><\/i><\/span><div class=\"fusion-li-item-content\">\n<h4 class=\"fusion-responsive-typography-calculated\" data-fontsize=\"18\" data-lineheight=\"27px\">bietet eine Plattform auf der SIEGEL-Schulen in ein immer gr\u00f6\u00dfer werdendes Netzwerk eingebunden werden.<\/h4>\n<\/div><\/li><li class=\"fusion-li-item\" style=\"\"><span class=\"icon-wrapper circle-yes\"><i class=\"fusion-li-icon fa-comments fas\" aria-hidden=\"true\"><\/i><\/span><div class=\"fusion-li-item-content\">\n<h4 class=\"fusion-responsive-typography-calculated\" data-fontsize=\"18\" data-lineheight=\"27px\">stellt Kontakte zwischen Sch\u00fclerinnen und Sch\u00fclern mit Unternehmen her und tr\u00e4gt zu einem guten \u00dcbergang von der Schule zur Arbeitswelt bei.<\/h4>\n<\/div><\/li><li class=\"fusion-li-item\" style=\"\"><span class=\"icon-wrapper circle-yes\"><i class=\"fusion-li-icon fa-balance-scale fas\" aria-hidden=\"true\"><\/i><\/span><div class=\"fusion-li-item-content\">\n<h4 class=\"fusion-responsive-typography-calculated\" data-fontsize=\"18\" data-lineheight=\"27px\">hat einheitliche Leitlinien f\u00fcr Schulen, um \u201egute Berufs- und Studienorientierung\u201c sicht- und vergleichbar zu machen.<\/h4>\n<\/div><\/li><li class=\"fusion-li-item\" style=\"\"><span class=\"icon-wrapper circle-yes\"><i class=\"fusion-li-icon fa-eye fas\" aria-hidden=\"true\"><\/i><\/span><div class=\"fusion-li-item-content\">\n<h4 class=\"fusion-responsive-typography-calculated\" data-fontsize=\"18\" data-lineheight=\"27px\">ist begleitet von einer\u00a0<b>regionalen Jury\u00a0<\/b>mit Vertreterinnen und Vertretern aus Schule, Wirtschaft, Agentur f\u00fcr Arbeit, Kammern, Universit\u00e4ten, u.v.m.<\/h4>\n<\/div><\/li><\/ul><\/div><\/div><\/div><\/div><div class=\"fusion-fullwidth fullwidth-box fusion-builder-row-5 fusion-flex-container has-pattern-background has-mask-background nonhundred-percent-fullwidth non-hundred-percent-height-scrolling\" style=\"--awb-border-radius-top-left:0px;--awb-border-radius-top-right:0px;--awb-border-radius-bottom-right:0px;--awb-border-radius-bottom-left:0px;--awb-flex-wrap:wrap;\" ><div class=\"fusion-builder-row fusion-row fusion-flex-align-items-flex-start fusion-flex-content-wrap\" style=\"max-width:1216.8px;margin-left: calc(-4% \/ 2 );margin-right: calc(-4% \/ 2 );\"><div class=\"fusion-layout-column fusion_builder_column fusion-builder-column-5 fusion_builder_column_1_1 1_1 fusion-flex-column\" style=\"--awb-bg-size:cover;--awb-width-large:100%;--awb-margin-top-large:0px;--awb-spacing-right-large:1.92%;--awb-margin-bottom-large:20px;--awb-spacing-left-large:1.92%;--awb-width-medium:100%;--awb-order-medium:0;--awb-spacing-right-medium:1.92%;--awb-spacing-left-medium:1.92%;--awb-width-small:100%;--awb-order-small:0;--awb-spacing-right-small:1.92%;--awb-spacing-left-small:1.92%;\"><div class=\"fusion-column-wrapper fusion-column-has-shadow fusion-flex-justify-content-flex-start fusion-content-layout-column\"><div class=\"fusion-text fusion-text-3\"><h3 class=\"blog-post-title\">Berufswahlsiegel 4. Zertifizierung 2023-28<\/h3>\n<\/div><div class=\"fusion-separator\" style=\"align-self: flex-start;margin-right:auto;margin-bottom:20px;width:100%;max-width:300px;\"><div class=\"fusion-separator-border sep-single sep-solid\" style=\"--awb-height:20px;--awb-amount:20px;--awb-sep-color:var(--awb-custom_color_1);border-color:var(--awb-custom_color_1);border-top-width:2px;\"><\/div><\/div><div class=\"fusion-text fusion-text-4\"><h4>Das Profil der bayerischen Mittelschulen zeichnet sich insbesondere durch das Augenmerk auf eine gute Vorbereitung der Sch\u00fclerinnen und Sch\u00fcler in Richtung Beruf aus. Dies beginnt bereits in der 5. Klasse und wird kontinuierlich bis zum angestrebten Schulabschluss fortgef\u00fchrt. Ziel ist es, unsere Sch\u00fclerinnen und Sch\u00fcler beim Berufswahlprozess beratend zu begleiten und sie schlie\u00dflich zur Berufsreife zu f\u00fchren. Die Mittelschule St. Nikola verfolgt dieses Ziel in besonderem Ma\u00dfe durch die Kombination aus vielf\u00e4ltigen berufsorientierenden Ma\u00dfnahmen. Diese Einsch\u00e4tzung traf die f\u00fcr das Berufswahl-SIEGEL zust\u00e4ndige Jury, welche unsere Schule bereits zweimal in der Vergangenheit, aber auch dieses Schuljahr wieder auf den Pr\u00fcfstand stellte. Schulen mit herausragender Berufsorientierung werden mit dem Berufswahl-SIEGEL ausgezeichnet, so der Anspruch der Ausrichter. Wir freuen uns sehr, dass wir diesem Anspruch weiterhin gerecht werden und nun zum dritten Mal die Auszeichnung zur vertieften Berufsorientierung bekommen haben. Aufgrund der Corona-Situation musste die SIEGEL-Verleihung in digitaler Form stattfinden. Mit folgendem Wortlaut wurde unsere Schule dort feierlich vorgestellt:<\/h4>\n<h4><em>\u201eDer Berufsorientierungsprozess an der Mittelschule St. Nikola hat sich seit der Verleihung des Berufswahl-SIEGELS bew\u00e4hrt und weiterentwickelt. Die breite Unterst\u00fctzung der Berufsorientierung im gesamten Lehrerkollegium macht eine sehr individuelle, auf den einzelnen Sch\u00fcler zugeschnittene F\u00f6rderung m\u00f6glich. Das spiegelt sich im Unterricht und in Arbeitsgruppen behandelten Themen sowie auch in den vielf\u00e4ltigen Aktivit\u00e4ten der Schule, wie etwa dem Besuch von Lehrlingen der ZF an der Schule, Exkursionen von Sch\u00fclerInnen in Betrieben, bei Aktionen im Rahmen der Ganztagesbetreuung oder der Teilnahme an der Sch\u00fclerfirma wider. Wir gratulieren ganz herzlich!\u201c<\/em><\/h4>\n<\/div><\/div><\/div><div class=\"fusion-layout-column fusion_builder_column fusion-builder-column-6 fusion_builder_column_1_2 1_2 fusion-flex-column\" style=\"--awb-bg-size:cover;--awb-width-large:50%;--awb-margin-top-large:0px;--awb-spacing-right-large:3.84%;--awb-margin-bottom-large:20px;--awb-spacing-left-large:3.84%;--awb-width-medium:50%;--awb-order-medium:0;--awb-spacing-right-medium:3.84%;--awb-spacing-left-medium:3.84%;--awb-width-small:100%;--awb-order-small:0;--awb-spacing-right-small:1.92%;--awb-spacing-left-small:1.92%;\"><div class=\"fusion-column-wrapper fusion-column-has-shadow fusion-flex-justify-content-flex-start fusion-content-layout-column\"><div class=\"fusion-image-element \" style=\"--awb-caption-title-font-family:var(--h2_typography-font-family);--awb-caption-title-font-weight:var(--h2_typography-font-weight);--awb-caption-title-font-style:var(--h2_typography-font-style);--awb-caption-title-size:var(--h2_typography-font-size);--awb-caption-title-transform:var(--h2_typography-text-transform);--awb-caption-title-line-height:var(--h2_typography-line-height);--awb-caption-title-letter-spacing:var(--h2_typography-letter-spacing);\"><span class=\" fusion-imageframe imageframe-none imageframe-2 hover-type-none\"><img decoding=\"async\" width=\"600\" height=\"450\" title=\"OLYMPUS DIGITAL CAMERA\" src=\"https:\/\/gms-nikola-passau.de\/wp-content\/uploads\/2023\/10\/133_BerufswahlSiegelBayern_SW_EM216856.jpg\" data-orig-src=\"http:\/\/gms-nikola-passau.de\/wp-content\/uploads\/2023\/10\/133_BerufswahlSiegelBayern_SW_EM216856-600x450.jpg\" alt class=\"lazyload img-responsive wp-image-7418\" srcset=\"data:image\/svg+xml,%3Csvg%20xmlns%3D%27http%3A%2F%2Fwww.w3.org%2F2000%2Fsvg%27%20width%3D%271100%27%20height%3D%27825%27%20viewBox%3D%270%200%201100%20825%27%3E%3Crect%20width%3D%271100%27%20height%3D%27825%27%20fill-opacity%3D%220%22%2F%3E%3C%2Fsvg%3E\" data-srcset=\"https:\/\/gms-nikola-passau.de\/wp-content\/uploads\/2023\/10\/133_BerufswahlSiegelBayern_SW_EM216856-200x150.jpg 200w, https:\/\/gms-nikola-passau.de\/wp-content\/uploads\/2023\/10\/133_BerufswahlSiegelBayern_SW_EM216856-400x300.jpg 400w, https:\/\/gms-nikola-passau.de\/wp-content\/uploads\/2023\/10\/133_BerufswahlSiegelBayern_SW_EM216856-600x450.jpg 600w, https:\/\/gms-nikola-passau.de\/wp-content\/uploads\/2023\/10\/133_BerufswahlSiegelBayern_SW_EM216856-800x600.jpg 800w, https:\/\/gms-nikola-passau.de\/wp-content\/uploads\/2023\/10\/133_BerufswahlSiegelBayern_SW_EM216856.jpg 1100w\" data-sizes=\"auto\" data-orig-sizes=\"(max-width: 640px) 100vw, 600px\" \/><\/span><\/div><\/div><\/div><div class=\"fusion-layout-column fusion_builder_column fusion-builder-column-7 fusion_builder_column_1_2 1_2 fusion-flex-column\" style=\"--awb-bg-size:cover;--awb-width-large:50%;--awb-margin-top-large:0px;--awb-spacing-right-large:3.84%;--awb-margin-bottom-large:20px;--awb-spacing-left-large:3.84%;--awb-width-medium:50%;--awb-order-medium:0;--awb-spacing-right-medium:3.84%;--awb-spacing-left-medium:3.84%;--awb-width-small:100%;--awb-order-small:0;--awb-spacing-right-small:1.92%;--awb-spacing-left-small:1.92%;\"><div class=\"fusion-column-wrapper fusion-column-has-shadow fusion-flex-justify-content-flex-start fusion-content-layout-column\"><div class=\"fusion-image-element \" style=\"text-align:center;--awb-caption-title-font-family:var(--h2_typography-font-family);--awb-caption-title-font-weight:var(--h2_typography-font-weight);--awb-caption-title-font-style:var(--h2_typography-font-style);--awb-caption-title-size:var(--h2_typography-font-size);--awb-caption-title-transform:var(--h2_typography-text-transform);--awb-caption-title-line-height:var(--h2_typography-line-height);--awb-caption-title-letter-spacing:var(--h2_typography-letter-spacing);\"><span class=\" fusion-imageframe imageframe-none imageframe-3 hover-type-none\"><img decoding=\"async\" width=\"600\" height=\"450\" title=\"OLYMPUS DIGITAL CAMERA\" src=\"https:\/\/gms-nikola-passau.de\/wp-content\/uploads\/2023\/10\/132_BerufswahlSiegelBayern_SW_EM216854.jpg\" data-orig-src=\"http:\/\/gms-nikola-passau.de\/wp-content\/uploads\/2023\/10\/132_BerufswahlSiegelBayern_SW_EM216854-600x450.jpg\" alt class=\"lazyload img-responsive wp-image-7417\" srcset=\"data:image\/svg+xml,%3Csvg%20xmlns%3D%27http%3A%2F%2Fwww.w3.org%2F2000%2Fsvg%27%20width%3D%271100%27%20height%3D%27825%27%20viewBox%3D%270%200%201100%20825%27%3E%3Crect%20width%3D%271100%27%20height%3D%27825%27%20fill-opacity%3D%220%22%2F%3E%3C%2Fsvg%3E\" data-srcset=\"https:\/\/gms-nikola-passau.de\/wp-content\/uploads\/2023\/10\/132_BerufswahlSiegelBayern_SW_EM216854-200x150.jpg 200w, https:\/\/gms-nikola-passau.de\/wp-content\/uploads\/2023\/10\/132_BerufswahlSiegelBayern_SW_EM216854-400x300.jpg 400w, https:\/\/gms-nikola-passau.de\/wp-content\/uploads\/2023\/10\/132_BerufswahlSiegelBayern_SW_EM216854-600x450.jpg 600w, https:\/\/gms-nikola-passau.de\/wp-content\/uploads\/2023\/10\/132_BerufswahlSiegelBayern_SW_EM216854-800x600.jpg 800w, https:\/\/gms-nikola-passau.de\/wp-content\/uploads\/2023\/10\/132_BerufswahlSiegelBayern_SW_EM216854.jpg 1100w\" data-sizes=\"auto\" data-orig-sizes=\"(max-width: 640px) 100vw, 600px\" \/><\/span><\/div><\/div><\/div><\/div><\/div><\/p>\n","protected":false},"excerpt":{"rendered":"","protected":false},"author":1,"featured_media":0,"parent":0,"menu_order":0,"comment_status":"closed","ping_status":"closed","template":"100-width.php","meta":{"footnotes":""},"class_list":["post-5593","page","type-page","status-publish","hentry"],"_links":{"self":[{"href":"https:\/\/gms-nikola-passau.de\/index.php?rest_route=\/wp\/v2\/pages\/5593","targetHints":{"allow":["GET"]}}],"collection":[{"href":"https:\/\/gms-nikola-passau.de\/index.php?rest_route=\/wp\/v2\/pages"}],"about":[{"href":"https:\/\/gms-nikola-passau.de\/index.php?rest_route=\/wp\/v2\/types\/page"}],"author":[{"embeddable":true,"href":"https:\/\/gms-nikola-passau.de\/index.php?rest_route=\/wp\/v2\/users\/1"}],"replies":[{"embeddable":true,"href":"https:\/\/gms-nikola-passau.de\/index.php?rest_route=%2Fwp%2Fv2%2Fcomments&post=5593"}],"version-history":[{"count":10,"href":"https:\/\/gms-nikola-passau.de\/index.php?rest_route=\/wp\/v2\/pages\/5593\/revisions"}],"predecessor-version":[{"id":7420,"href":"https:\/\/gms-nikola-passau.de\/index.php?rest_route=\/wp\/v2\/pages\/5593\/revisions\/7420"}],"wp:attachment":[{"href":"https:\/\/gms-nikola-passau.de\/index.php?rest_route=%2Fwp%2Fv2%2Fmedia&parent=5593"}],"curies":[{"name":"wp","href":"https:\/\/api.w.org\/{rel}","templated":true}]}}