{"id":5610,"date":"2022-08-08T14:33:31","date_gmt":"2022-08-08T14:33:31","guid":{"rendered":"http:\/\/gms-nikola-passau.de\/?page_id=5610"},"modified":"2022-08-08T15:19:46","modified_gmt":"2022-08-08T15:19:46","slug":"sprachpaten","status":"publish","type":"page","link":"https:\/\/gms-nikola-passau.de\/?page_id=5610","title":{"rendered":"Sprachpaten"},"content":{"rendered":"<p><div class=\"fusion-fullwidth fullwidth-box fusion-builder-row-1 fusion-flex-container has-pattern-background has-mask-background nonhundred-percent-fullwidth non-hundred-percent-height-scrolling\" style=\"--awb-border-radius-top-left:0px;--awb-border-radius-top-right:0px;--awb-border-radius-bottom-right:0px;--awb-border-radius-bottom-left:0px;--awb-flex-wrap:wrap;\" ><div class=\"fusion-builder-row fusion-row fusion-flex-align-items-flex-start fusion-flex-content-wrap\" style=\"max-width:1216.8px;margin-left: calc(-4% \/ 2 );margin-right: calc(-4% \/ 2 );\"><div class=\"fusion-layout-column fusion_builder_column fusion-builder-column-0 fusion_builder_column_1_1 1_1 fusion-flex-column\" style=\"--awb-bg-size:cover;--awb-width-large:100%;--awb-margin-top-large:0px;--awb-spacing-right-large:1.92%;--awb-margin-bottom-large:20px;--awb-spacing-left-large:1.92%;--awb-width-medium:100%;--awb-order-medium:0;--awb-spacing-right-medium:1.92%;--awb-spacing-left-medium:1.92%;--awb-width-small:100%;--awb-order-small:0;--awb-spacing-right-small:1.92%;--awb-spacing-left-small:1.92%;\"><div class=\"fusion-column-wrapper fusion-column-has-shadow fusion-flex-justify-content-flex-start fusion-content-layout-column\"><div class=\"fusion-text fusion-text-1\"><h3 style=\"text-align: left;\">SprachPAten an unserer Schule<\/h3>\n<\/div><div class=\"fusion-separator\" style=\"align-self: flex-start;margin-right:auto;margin-bottom:20px;width:100%;max-width:300px;\"><div class=\"fusion-separator-border sep-single sep-solid\" style=\"--awb-height:20px;--awb-amount:20px;--awb-sep-color:var(--awb-custom_color_1);border-color:var(--awb-custom_color_1);border-top-width:2px;\"><\/div><\/div><\/div><\/div><\/div><\/div><div class=\"fusion-fullwidth fullwidth-box fusion-builder-row-2 fusion-flex-container has-pattern-background has-mask-background nonhundred-percent-fullwidth non-hundred-percent-height-scrolling\" style=\"--awb-border-radius-top-left:0px;--awb-border-radius-top-right:0px;--awb-border-radius-bottom-right:0px;--awb-border-radius-bottom-left:0px;--awb-flex-wrap:wrap;\" ><div class=\"fusion-builder-row fusion-row fusion-flex-align-items-flex-start fusion-flex-content-wrap\" style=\"max-width:1216.8px;margin-left: calc(-4% \/ 2 );margin-right: calc(-4% \/ 2 );\"><div class=\"fusion-layout-column fusion_builder_column fusion-builder-column-1 fusion_builder_column_1_1 1_1 fusion-flex-column\" style=\"--awb-bg-size:cover;--awb-width-large:100%;--awb-margin-top-large:0px;--awb-spacing-right-large:1.92%;--awb-margin-bottom-large:20px;--awb-spacing-left-large:1.92%;--awb-width-medium:100%;--awb-order-medium:0;--awb-spacing-right-medium:1.92%;--awb-spacing-left-medium:1.92%;--awb-width-small:100%;--awb-order-small:0;--awb-spacing-right-small:1.92%;--awb-spacing-left-small:1.92%;\"><div class=\"fusion-column-wrapper fusion-column-has-shadow fusion-flex-justify-content-flex-start fusion-content-layout-column\"><div class=\"fusion-text fusion-text-2\"><h4>Aufgrund der Vielfalt und Heterogenit\u00e4t der Sch\u00fcler, bez\u00fcglich Kultur, Bildungs- und Leistungsstand, ist es dem unterrichtenden Lehrer oft nicht m\u00f6glich individuell auf jeden einzelnen Sch\u00fcler einzugehen.<br \/>\nAuf diese Herausforderung hat Prof. Dr. Norbert Seibert von der Universit\u00e4t Passau prompt reagiert und das Projekt SprachPAten ins Leben gerufen. Die Studenten aller Schularten erhalten dort eine fundierte Ausbildung und werden darin geschult, wie sie mit Fl\u00fcchtlingen umgehen und wie sie ihnen Deutsch als Fremdsprache<br \/>\nn\u00e4herbringen.<\/h4>\n<h4>Die SprachPAten unterst\u00fctzen die Lehrkr\u00e4fte und Sch\u00fcler im Unterricht, aber auch dar\u00fcber hinaus. Gemeinsam mit den Lehrern vor Ort erarbeiten die Studenten beispielsweise F\u00f6rderschwerpunkte. Dadurch kann sowohl die unterrichtende Lehrkraft als auch der SprachPAte individuell auf jeden einzelnen Sch\u00fcler eingehen. Gemeinsam k\u00f6nnen sie gezielt an Schwierigkeiten arbeiten.<br \/>\nDie Lehrkr\u00e4fte profitieren ihrerseits von der Unterst\u00fctzung der SprachPAten und k\u00f6nnen durch die Differenzierungsma\u00dfnahmen im Unterricht entlastet werden.<\/h4>\n<h4>Somit ist eine individuelle Sprachf\u00f6rderung f\u00fcr jeden einzelnen Sch\u00fcler gew\u00e4hrleistet.<br \/>\nSei es, dass manche Sch\u00fcler weder lesen noch schreiben k\u00f6nnen und somit erst die Alphabetisierung erlernen m\u00fcssen oder wieder andere eine F\u00f6rderung im allgemeinen Sprachgebrauch ben\u00f6tigen.<br \/>\nDerzeit sind in der St.Nikola-Schule 4 SprachPAten mit insgesamt 20 Stunden im Einsatz. Je nach Bedarf werden die Sch\u00fcler in kleinen Gruppen oder einzeln unterrichtet.<\/h4>\n<\/div><\/div><\/div><\/div><\/div><\/p>\n","protected":false},"excerpt":{"rendered":"","protected":false},"author":1,"featured_media":0,"parent":0,"menu_order":0,"comment_status":"closed","ping_status":"closed","template":"100-width.php","meta":{"footnotes":""},"class_list":["post-5610","page","type-page","status-publish","hentry"],"_links":{"self":[{"href":"https:\/\/gms-nikola-passau.de\/index.php?rest_route=\/wp\/v2\/pages\/5610","targetHints":{"allow":["GET"]}}],"collection":[{"href":"https:\/\/gms-nikola-passau.de\/index.php?rest_route=\/wp\/v2\/pages"}],"about":[{"href":"https:\/\/gms-nikola-passau.de\/index.php?rest_route=\/wp\/v2\/types\/page"}],"author":[{"embeddable":true,"href":"https:\/\/gms-nikola-passau.de\/index.php?rest_route=\/wp\/v2\/users\/1"}],"replies":[{"embeddable":true,"href":"https:\/\/gms-nikola-passau.de\/index.php?rest_route=%2Fwp%2Fv2%2Fcomments&post=5610"}],"version-history":[{"count":4,"href":"https:\/\/gms-nikola-passau.de\/index.php?rest_route=\/wp\/v2\/pages\/5610\/revisions"}],"predecessor-version":[{"id":5614,"href":"https:\/\/gms-nikola-passau.de\/index.php?rest_route=\/wp\/v2\/pages\/5610\/revisions\/5614"}],"wp:attachment":[{"href":"https:\/\/gms-nikola-passau.de\/index.php?rest_route=%2Fwp%2Fv2%2Fmedia&parent=5610"}],"curies":[{"name":"wp","href":"https:\/\/api.w.org\/{rel}","templated":true}]}}