{"id":5617,"date":"2022-08-08T15:21:05","date_gmt":"2022-08-08T15:21:05","guid":{"rendered":"http:\/\/gms-nikola-passau.de\/?page_id=5617"},"modified":"2022-08-08T15:27:05","modified_gmt":"2022-08-08T15:27:05","slug":"rock-your-life","status":"publish","type":"page","link":"https:\/\/gms-nikola-passau.de\/?page_id=5617","title":{"rendered":"Rock your Life"},"content":{"rendered":"<p><div class=\"fusion-fullwidth fullwidth-box fusion-builder-row-1 fusion-flex-container has-pattern-background has-mask-background nonhundred-percent-fullwidth non-hundred-percent-height-scrolling\" style=\"--awb-border-radius-top-left:0px;--awb-border-radius-top-right:0px;--awb-border-radius-bottom-right:0px;--awb-border-radius-bottom-left:0px;--awb-flex-wrap:wrap;\" ><div class=\"fusion-builder-row fusion-row fusion-flex-align-items-flex-start fusion-flex-content-wrap\" style=\"max-width:1216.8px;margin-left: calc(-4% \/ 2 );margin-right: calc(-4% \/ 2 );\"><div class=\"fusion-layout-column fusion_builder_column fusion-builder-column-0 fusion_builder_column_1_2 1_2 fusion-flex-column\" style=\"--awb-bg-size:cover;--awb-width-large:50%;--awb-margin-top-large:0px;--awb-spacing-right-large:3.84%;--awb-margin-bottom-large:20px;--awb-spacing-left-large:3.84%;--awb-width-medium:50%;--awb-order-medium:0;--awb-spacing-right-medium:3.84%;--awb-spacing-left-medium:3.84%;--awb-width-small:100%;--awb-order-small:0;--awb-spacing-right-small:1.92%;--awb-spacing-left-small:1.92%;\"><div class=\"fusion-column-wrapper fusion-column-has-shadow fusion-flex-justify-content-flex-start fusion-content-layout-column\"><div class=\"fusion-text fusion-text-1\"><h3>ROCK YOUR LIFE! Passau e.V. an der Mittelschule St. Nikola<\/h3>\n<\/div><div class=\"fusion-separator\" style=\"align-self: flex-start;margin-right:auto;margin-bottom:20px;width:100%;max-width:300px;\"><div class=\"fusion-separator-border sep-single sep-solid\" style=\"--awb-height:20px;--awb-amount:20px;--awb-sep-color:var(--awb-custom_color_1);border-color:var(--awb-custom_color_1);border-top-width:2px;\"><\/div><\/div><\/div><\/div><div class=\"fusion-layout-column fusion_builder_column fusion-builder-column-1 fusion_builder_column_1_2 1_2 fusion-flex-column\" style=\"--awb-bg-size:cover;--awb-width-large:50%;--awb-margin-top-large:0px;--awb-spacing-right-large:3.84%;--awb-margin-bottom-large:20px;--awb-spacing-left-large:3.84%;--awb-width-medium:50%;--awb-order-medium:0;--awb-spacing-right-medium:3.84%;--awb-spacing-left-medium:3.84%;--awb-width-small:100%;--awb-order-small:0;--awb-spacing-right-small:1.92%;--awb-spacing-left-small:1.92%;\"><div class=\"fusion-column-wrapper fusion-column-has-shadow fusion-flex-justify-content-flex-start fusion-content-layout-column\"><div class=\"fusion-image-element \" style=\"text-align:center;--awb-caption-title-font-family:var(--h2_typography-font-family);--awb-caption-title-font-weight:var(--h2_typography-font-weight);--awb-caption-title-font-style:var(--h2_typography-font-style);--awb-caption-title-size:var(--h2_typography-font-size);--awb-caption-title-transform:var(--h2_typography-text-transform);--awb-caption-title-line-height:var(--h2_typography-line-height);--awb-caption-title-letter-spacing:var(--h2_typography-letter-spacing);\"><span class=\" fusion-imageframe imageframe-none imageframe-1 hover-type-none\"><img decoding=\"async\" width=\"300\" height=\"156\" title=\"rockyourlife_Logo\" src=\"https:\/\/gms-nikola-passau.de\/wp-content\/uploads\/2022\/08\/rockyourlife_Logo.jpeg\" data-orig-src=\"http:\/\/gms-nikola-passau.de\/wp-content\/uploads\/2022\/08\/rockyourlife_Logo.jpeg\" alt class=\"lazyload img-responsive wp-image-5619\" srcset=\"data:image\/svg+xml,%3Csvg%20xmlns%3D%27http%3A%2F%2Fwww.w3.org%2F2000%2Fsvg%27%20width%3D%27300%27%20height%3D%27156%27%20viewBox%3D%270%200%20300%20156%27%3E%3Crect%20width%3D%27300%27%20height%3D%27156%27%20fill-opacity%3D%220%22%2F%3E%3C%2Fsvg%3E\" data-srcset=\"https:\/\/gms-nikola-passau.de\/wp-content\/uploads\/2022\/08\/rockyourlife_Logo-200x104.jpeg 200w, https:\/\/gms-nikola-passau.de\/wp-content\/uploads\/2022\/08\/rockyourlife_Logo.jpeg 300w\" data-sizes=\"auto\" data-orig-sizes=\"(max-width: 640px) 100vw, 300px\" \/><\/span><\/div><\/div><\/div><\/div><\/div><div class=\"fusion-fullwidth fullwidth-box fusion-builder-row-2 fusion-flex-container has-pattern-background has-mask-background nonhundred-percent-fullwidth non-hundred-percent-height-scrolling\" style=\"--awb-border-radius-top-left:0px;--awb-border-radius-top-right:0px;--awb-border-radius-bottom-right:0px;--awb-border-radius-bottom-left:0px;--awb-flex-wrap:wrap;\" ><div class=\"fusion-builder-row fusion-row fusion-flex-align-items-flex-start fusion-flex-content-wrap\" style=\"max-width:1216.8px;margin-left: calc(-4% \/ 2 );margin-right: calc(-4% \/ 2 );\"><div class=\"fusion-layout-column fusion_builder_column fusion-builder-column-2 fusion_builder_column_1_1 1_1 fusion-flex-column\" style=\"--awb-bg-size:cover;--awb-width-large:100%;--awb-margin-top-large:0px;--awb-spacing-right-large:1.92%;--awb-margin-bottom-large:20px;--awb-spacing-left-large:1.92%;--awb-width-medium:100%;--awb-order-medium:0;--awb-spacing-right-medium:1.92%;--awb-spacing-left-medium:1.92%;--awb-width-small:100%;--awb-order-small:0;--awb-spacing-right-small:1.92%;--awb-spacing-left-small:1.92%;\"><div class=\"fusion-column-wrapper fusion-column-has-shadow fusion-flex-justify-content-flex-start fusion-content-layout-column\"><div class=\"fusion-text fusion-text-2\"><h4>Mit Beginn des neuen Schuljahres startet der Passauer ROCK YOUR LIFE! e.V. mit der nun 6. Kohorte seit Gr\u00fcndung des Vereins im Jahr 2010. Mit gleich 23 Anmeldungen seitens der Sch\u00fcler war auch in diesem Jahr das Interesse der Mittelschule St. Nikola wieder sehr gro\u00df.<\/h4>\n<h4>Die Hochschulgruppe ROCK YOUR LIFE! Passau e.V. hat es sich zur Aufgabe gemacht, Mentoring-Beziehungen zwischen Sch\u00fclern der Mittelschule und Studierenden der Universit\u00e4t Passau zu vermitteln und zu betreuen. Ziel dabei ist es, die Sch\u00fcler mit R\u00fccksicht auf individuelle St\u00e4rken, Schw\u00e4chen und Lebensumst\u00e4nde bei ihrer Pers\u00f6nlichkeitsentwicklung zu unterst\u00fctzen. Die 14- bis 16-J\u00e4hrigen bekommen jeweils einen Studierenden als festen Mentor zur Seite, der sie zwei Jahre lang in beruflichen und privaten Dingen begleitet. Die Mentoren helfen den Sch\u00fclern auf dem Weg zum erfolgreichen Schulabschluss, bei der Berufswahl und Ausbildungsfindung, und stehen auch bei Problemen im Freundes- oder Familienkreis zur Seite. Art und Inhalt von Treffen und Gespr\u00e4chen gestalten die sie dabei v\u00f6llig frei und in Abh\u00e4ngigkeit von pers\u00f6nlichen Vorlieben oder Projekten.<\/h4>\n<\/div><\/div><\/div><\/div><\/div><\/p>\n","protected":false},"excerpt":{"rendered":"","protected":false},"author":1,"featured_media":0,"parent":0,"menu_order":0,"comment_status":"closed","ping_status":"closed","template":"100-width.php","meta":{"footnotes":""},"class_list":["post-5617","page","type-page","status-publish","hentry"],"_links":{"self":[{"href":"https:\/\/gms-nikola-passau.de\/index.php?rest_route=\/wp\/v2\/pages\/5617","targetHints":{"allow":["GET"]}}],"collection":[{"href":"https:\/\/gms-nikola-passau.de\/index.php?rest_route=\/wp\/v2\/pages"}],"about":[{"href":"https:\/\/gms-nikola-passau.de\/index.php?rest_route=\/wp\/v2\/types\/page"}],"author":[{"embeddable":true,"href":"https:\/\/gms-nikola-passau.de\/index.php?rest_route=\/wp\/v2\/users\/1"}],"replies":[{"embeddable":true,"href":"https:\/\/gms-nikola-passau.de\/index.php?rest_route=%2Fwp%2Fv2%2Fcomments&post=5617"}],"version-history":[{"count":3,"href":"https:\/\/gms-nikola-passau.de\/index.php?rest_route=\/wp\/v2\/pages\/5617\/revisions"}],"predecessor-version":[{"id":5621,"href":"https:\/\/gms-nikola-passau.de\/index.php?rest_route=\/wp\/v2\/pages\/5617\/revisions\/5621"}],"wp:attachment":[{"href":"https:\/\/gms-nikola-passau.de\/index.php?rest_route=%2Fwp%2Fv2%2Fmedia&parent=5617"}],"curies":[{"name":"wp","href":"https:\/\/api.w.org\/{rel}","templated":true}]}}