{"id":5836,"date":"2022-08-31T14:35:02","date_gmt":"2022-08-31T14:35:02","guid":{"rendered":"https:\/\/gms-nikola-passau.de\/?page_id=5836"},"modified":"2025-11-16T08:40:44","modified_gmt":"2025-11-16T08:40:44","slug":"schulprofil-inklusion","status":"publish","type":"page","link":"https:\/\/gms-nikola-passau.de\/?page_id=5836","title":{"rendered":"Schulprofil Inklusion"},"content":{"rendered":"<p><div class=\"fusion-fullwidth fullwidth-box fusion-builder-row-1 fusion-flex-container has-pattern-background has-mask-background nonhundred-percent-fullwidth non-hundred-percent-height-scrolling\" style=\"--awb-border-radius-top-left:0px;--awb-border-radius-top-right:0px;--awb-border-radius-bottom-right:0px;--awb-border-radius-bottom-left:0px;--awb-flex-wrap:wrap;\" ><div class=\"fusion-builder-row fusion-row fusion-flex-align-items-flex-start fusion-flex-content-wrap\" style=\"max-width:1216.8px;margin-left: calc(-4% \/ 2 );margin-right: calc(-4% \/ 2 );\"><div class=\"fusion-layout-column fusion_builder_column fusion-builder-column-0 fusion_builder_column_1_1 1_1 fusion-flex-column\" style=\"--awb-bg-size:cover;--awb-width-large:100%;--awb-margin-top-large:0px;--awb-spacing-right-large:1.92%;--awb-margin-bottom-large:20px;--awb-spacing-left-large:1.92%;--awb-width-medium:100%;--awb-order-medium:0;--awb-spacing-right-medium:1.92%;--awb-spacing-left-medium:1.92%;--awb-width-small:100%;--awb-order-small:0;--awb-spacing-right-small:1.92%;--awb-spacing-left-small:1.92%;\"><div class=\"fusion-column-wrapper fusion-column-has-shadow fusion-flex-justify-content-flex-start fusion-content-layout-column\"><div class=\"fusion-text fusion-text-1\"><h3 style=\"text-align: left;\">Inklusive Schule<\/h3>\n<\/div><div class=\"fusion-separator\" style=\"align-self: flex-start;margin-right:auto;margin-bottom:20px;width:100%;max-width:300px;\"><div class=\"fusion-separator-border sep-single sep-solid\" style=\"--awb-height:20px;--awb-amount:20px;--awb-sep-color:var(--awb-custom_color_1);border-color:var(--awb-custom_color_1);border-top-width:2px;\"><\/div><\/div><div class=\"fusion-text fusion-text-2\"><h4><strong>GMS St. Nikola mit Schulprofil Inklusion <\/strong><\/h4>\n<h4>\u201eIn der Schule mit dem Profil \u201eInklusion\u201c gestalten Lehrkr\u00e4fte der allgemeinen Schule und Lehrkr\u00e4fte f\u00fcr Sonderp\u00e4dagogik gegebenenfalls gemeinsam mit weiteren Fachkr\u00e4ften eigenverantwortlich das gemeinsame Lernen. Die Lehrkr\u00e4fte f\u00fcr Sonderp\u00e4dagogik sind in das Lehrerkollegium der allgemeinen Schule eingebunden.\u201c Quelle StMuK Bayern<\/h4>\n<h4>Im September 2021 wurde der Mittelschule St. Nikola das Profil Inklusion verliehen. Dies bedeutet, dass die Schule bis zu 13 zus\u00e4tzliche Stunden von Mittelschullehrkr\u00e4ften und 13 Stunden vom Sonderp\u00e4dagogisches F\u00f6rderzentrum Passau der Hans Bayerlein Schule erh\u00e4lt.<\/h4>\n<h4>Die Schulgemeinschaft hat sich im ersten Jahr auf den Weg gemacht, Inklusion im Unterricht zu verwirklichen.<\/h4>\n<ul>\n<li>\n<h4>Die Inklusionslehrkr\u00e4fte unterst\u00fctzen die Sch\u00fclerinnen und Sch\u00fcler direkt im Unterricht im Klassenverband beim Erlernen und Verstehen von fachlichen Inhalten und der Ausbildung von verschiedenen Fachkompetenzen sowie beim Erlangen von Arbeitsorganisation und helfen bei der Anbahnung von Arbeitsstruktur.<\/h4>\n<\/li>\n<li>\n<h4>Im Klassenverband wird Wert darauf gelegt alle Sch\u00fclerinnen und Sch\u00fcler differenziert zu f\u00f6rdern.<\/h4>\n<\/li>\n<li>\n<h4>Die Sch\u00fclerinnen und Sch\u00fcler werden individuell entsprechend ihres F\u00f6rderbedarfs auch au\u00dferhalb des Klassenverbands gef\u00f6rdert.<\/h4>\n<\/li>\n<li>\n<h4>Die Kollegin des F\u00f6rderzentrums, Frau Birgit Eichberger, ber\u00e4t die Klassenlehrkr\u00e4fte methodisch und didaktisch.<\/h4>\n<\/li>\n<li>\n<h4>Sie erstellt F\u00f6rderpl\u00e4ne und unterst\u00fctzt die Lehrkr\u00e4fte bei deren Umsetzung.<\/h4>\n<\/li>\n<\/ul>\n<h4>Ziel ist, unsere Sch\u00fclerinnen und Sch\u00fcler in ihrer Pers\u00f6nlichkeitsbildung zu unterst\u00fctzen.<\/h4>\n<p>Ziel ist es ebenfalls, m\u00f6glichst alle Kinder und Jugendlichen beim Erreichen eines Abschlusses zu unterst\u00fctzen.<\/p>\n<p>Ziel ist auch, an unserer Schule, die nicht nur Lern- sondern auch Lebensraum ist, Inklusion intensiv im Ganztag umzusetzen.<\/p>\n<\/div><\/div><\/div><\/div><\/div><div class=\"fusion-fullwidth fullwidth-box fusion-builder-row-2 fusion-flex-container has-pattern-background has-mask-background nonhundred-percent-fullwidth non-hundred-percent-height-scrolling\" style=\"--awb-border-radius-top-left:0px;--awb-border-radius-top-right:0px;--awb-border-radius-bottom-right:0px;--awb-border-radius-bottom-left:0px;--awb-flex-wrap:wrap;\" ><div class=\"fusion-builder-row fusion-row fusion-flex-align-items-flex-start fusion-flex-content-wrap\" style=\"max-width:1216.8px;margin-left: calc(-4% \/ 2 );margin-right: calc(-4% \/ 2 );\"><div class=\"fusion-layout-column fusion_builder_column fusion-builder-column-1 fusion_builder_column_1_1 1_1 fusion-flex-column\" style=\"--awb-bg-size:cover;--awb-width-large:100%;--awb-margin-top-large:0px;--awb-spacing-right-large:1.92%;--awb-margin-bottom-large:20px;--awb-spacing-left-large:1.92%;--awb-width-medium:100%;--awb-order-medium:0;--awb-spacing-right-medium:1.92%;--awb-spacing-left-medium:1.92%;--awb-width-small:100%;--awb-order-small:0;--awb-spacing-right-small:1.92%;--awb-spacing-left-small:1.92%;\"><div class=\"fusion-column-wrapper fusion-column-has-shadow fusion-flex-justify-content-flex-start fusion-content-layout-column\"><div class=\"fusion-content-boxes content-boxes columns row fusion-columns-1 fusion-columns-total-0 fusion-content-boxes-1 content-boxes-icon-with-title content-left\" style=\"--awb-hover-accent-color:var(--awb-color6);--awb-circle-hover-accent-color:var(--awb-color6);--awb-item-margin-bottom:40px;\" data-animationOffset=\"top-into-view\"><div class=\"fusion-clearfix\"><\/div><\/div><div class=\"fusion-text fusion-text-3\"><\/div><\/div><\/div><\/div><\/div><div class=\"fusion-fullwidth fullwidth-box fusion-builder-row-3 fusion-flex-container has-pattern-background has-mask-background nonhundred-percent-fullwidth non-hundred-percent-height-scrolling\" style=\"--awb-border-radius-top-left:0px;--awb-border-radius-top-right:0px;--awb-border-radius-bottom-right:0px;--awb-border-radius-bottom-left:0px;--awb-flex-wrap:wrap;\" ><div class=\"fusion-builder-row fusion-row fusion-flex-align-items-flex-start fusion-flex-content-wrap\" style=\"max-width:1216.8px;margin-left: calc(-4% \/ 2 );margin-right: calc(-4% \/ 2 );\"><div class=\"fusion-layout-column fusion_builder_column fusion-builder-column-2 fusion_builder_column_1_1 1_1 fusion-flex-column\" style=\"--awb-bg-size:cover;--awb-width-large:100%;--awb-margin-top-large:0px;--awb-spacing-right-large:1.92%;--awb-margin-bottom-large:20px;--awb-spacing-left-large:1.92%;--awb-width-medium:100%;--awb-order-medium:0;--awb-spacing-right-medium:1.92%;--awb-spacing-left-medium:1.92%;--awb-width-small:100%;--awb-order-small:0;--awb-spacing-right-small:1.92%;--awb-spacing-left-small:1.92%;\"><div class=\"fusion-column-wrapper fusion-column-has-shadow fusion-flex-justify-content-flex-start fusion-content-layout-column\"><div class=\"awb-gallery-wrapper awb-gallery-wrapper-1 button-span-no\" style=\"--more-btn-alignment:center;\"><div style=\"margin:-5px;--awb-bordersize:0px;\" class=\"fusion-gallery fusion-gallery-container fusion-grid-3 fusion-columns-total-5 fusion-gallery-layout-grid fusion-gallery-1\"><div style=\"padding:5px;\" class=\"fusion-grid-column fusion-gallery-column fusion-gallery-column-3 hover-type-none\"><div class=\"fusion-gallery-image\"><a href=\"https:\/\/gms-nikola-passau.de\/wp-content\/uploads\/2022\/08\/GTB11.jpg\" rel=\"noreferrer\" data-rel=\"iLightbox[gallery_image_1]\" class=\"fusion-lightbox\" target=\"_self\"><img decoding=\"async\" src=\"https:\/\/gms-nikola-passau.de\/wp-content\/uploads\/2022\/08\/GTB11.jpg\" data-orig-src=\"https:\/\/gms-nikola-passau.de\/wp-content\/uploads\/2022\/08\/GTB11.jpg\" width=\"855\" height=\"600\" alt=\"\" title=\"GTB11\" aria-label=\"GTB11\" class=\"lazyload img-responsive wp-image-5541\" srcset=\"data:image\/svg+xml,%3Csvg%20xmlns%3D%27http%3A%2F%2Fwww.w3.org%2F2000%2Fsvg%27%20width%3D%27855%27%20height%3D%27600%27%20viewBox%3D%270%200%20855%20600%27%3E%3Crect%20width%3D%27855%27%20height%3D%27600%27%20fill-opacity%3D%220%22%2F%3E%3C%2Fsvg%3E\" data-srcset=\"https:\/\/gms-nikola-passau.de\/wp-content\/uploads\/2022\/08\/GTB11-200x140.jpg 200w, https:\/\/gms-nikola-passau.de\/wp-content\/uploads\/2022\/08\/GTB11-400x281.jpg 400w, https:\/\/gms-nikola-passau.de\/wp-content\/uploads\/2022\/08\/GTB11-600x421.jpg 600w, https:\/\/gms-nikola-passau.de\/wp-content\/uploads\/2022\/08\/GTB11-800x561.jpg 800w, https:\/\/gms-nikola-passau.de\/wp-content\/uploads\/2022\/08\/GTB11.jpg 855w\" data-sizes=\"auto\" data-orig-sizes=\"(min-width: 2200px) 100vw, (min-width: 824px) 387px, (min-width: 732px) 580px, (min-width: 640px) 732px, \" \/><\/a><\/div><\/div><div style=\"padding:5px;\" class=\"fusion-grid-column fusion-gallery-column fusion-gallery-column-3 hover-type-none\"><div class=\"fusion-gallery-image\"><a href=\"https:\/\/gms-nikola-passau.de\/wp-content\/uploads\/2022\/08\/GTB12.jpeg\" rel=\"noreferrer\" data-rel=\"iLightbox[gallery_image_1]\" class=\"fusion-lightbox\" target=\"_self\"><img decoding=\"async\" src=\"https:\/\/gms-nikola-passau.de\/wp-content\/uploads\/2022\/08\/GTB12.jpeg\" data-orig-src=\"https:\/\/gms-nikola-passau.de\/wp-content\/uploads\/2022\/08\/GTB12.jpeg\" width=\"835\" height=\"600\" alt=\"\" title=\"GTB12\" aria-label=\"GTB12\" class=\"lazyload img-responsive wp-image-5542\" srcset=\"data:image\/svg+xml,%3Csvg%20xmlns%3D%27http%3A%2F%2Fwww.w3.org%2F2000%2Fsvg%27%20width%3D%27835%27%20height%3D%27600%27%20viewBox%3D%270%200%20835%20600%27%3E%3Crect%20width%3D%27835%27%20height%3D%27600%27%20fill-opacity%3D%220%22%2F%3E%3C%2Fsvg%3E\" data-srcset=\"https:\/\/gms-nikola-passau.de\/wp-content\/uploads\/2022\/08\/GTB12-200x144.jpeg 200w, https:\/\/gms-nikola-passau.de\/wp-content\/uploads\/2022\/08\/GTB12-400x287.jpeg 400w, https:\/\/gms-nikola-passau.de\/wp-content\/uploads\/2022\/08\/GTB12-600x431.jpeg 600w, https:\/\/gms-nikola-passau.de\/wp-content\/uploads\/2022\/08\/GTB12-800x575.jpeg 800w, https:\/\/gms-nikola-passau.de\/wp-content\/uploads\/2022\/08\/GTB12.jpeg 835w\" data-sizes=\"auto\" data-orig-sizes=\"(min-width: 2200px) 100vw, (min-width: 824px) 387px, (min-width: 732px) 580px, (min-width: 640px) 732px, \" \/><\/a><\/div><\/div><div style=\"padding:5px;\" class=\"fusion-grid-column fusion-gallery-column fusion-gallery-column-3 hover-type-none\"><div class=\"fusion-gallery-image\"><a href=\"https:\/\/gms-nikola-passau.de\/wp-content\/uploads\/2022\/08\/GTB13.jpeg\" rel=\"noreferrer\" data-rel=\"iLightbox[gallery_image_1]\" class=\"fusion-lightbox\" target=\"_self\"><img decoding=\"async\" src=\"https:\/\/gms-nikola-passau.de\/wp-content\/uploads\/2022\/08\/GTB13.jpeg\" data-orig-src=\"https:\/\/gms-nikola-passau.de\/wp-content\/uploads\/2022\/08\/GTB13.jpeg\" width=\"776\" height=\"600\" alt=\"\" title=\"GTB13\" aria-label=\"GTB13\" class=\"lazyload img-responsive wp-image-5543\" srcset=\"data:image\/svg+xml,%3Csvg%20xmlns%3D%27http%3A%2F%2Fwww.w3.org%2F2000%2Fsvg%27%20width%3D%27776%27%20height%3D%27600%27%20viewBox%3D%270%200%20776%20600%27%3E%3Crect%20width%3D%27776%27%20height%3D%27600%27%20fill-opacity%3D%220%22%2F%3E%3C%2Fsvg%3E\" data-srcset=\"https:\/\/gms-nikola-passau.de\/wp-content\/uploads\/2022\/08\/GTB13-200x155.jpeg 200w, https:\/\/gms-nikola-passau.de\/wp-content\/uploads\/2022\/08\/GTB13-400x309.jpeg 400w, https:\/\/gms-nikola-passau.de\/wp-content\/uploads\/2022\/08\/GTB13-600x464.jpeg 600w, https:\/\/gms-nikola-passau.de\/wp-content\/uploads\/2022\/08\/GTB13.jpeg 776w\" data-sizes=\"auto\" data-orig-sizes=\"(min-width: 2200px) 100vw, (min-width: 824px) 387px, (min-width: 732px) 580px, (min-width: 640px) 732px, \" \/><\/a><\/div><\/div><div class=\"clearfix\"><\/div><div style=\"padding:5px;\" class=\"fusion-grid-column fusion-gallery-column fusion-gallery-column-3 hover-type-none\"><div class=\"fusion-gallery-image\"><a href=\"https:\/\/gms-nikola-passau.de\/wp-content\/uploads\/2022\/08\/GTB14.jpeg\" rel=\"noreferrer\" data-rel=\"iLightbox[gallery_image_1]\" class=\"fusion-lightbox\" target=\"_self\"><img decoding=\"async\" src=\"https:\/\/gms-nikola-passau.de\/wp-content\/uploads\/2022\/08\/GTB14.jpeg\" data-orig-src=\"https:\/\/gms-nikola-passau.de\/wp-content\/uploads\/2022\/08\/GTB14.jpeg\" width=\"880\" height=\"600\" alt=\"\" title=\"GTB14\" aria-label=\"GTB14\" class=\"lazyload img-responsive wp-image-5544\" srcset=\"data:image\/svg+xml,%3Csvg%20xmlns%3D%27http%3A%2F%2Fwww.w3.org%2F2000%2Fsvg%27%20width%3D%27880%27%20height%3D%27600%27%20viewBox%3D%270%200%20880%20600%27%3E%3Crect%20width%3D%27880%27%20height%3D%27600%27%20fill-opacity%3D%220%22%2F%3E%3C%2Fsvg%3E\" data-srcset=\"https:\/\/gms-nikola-passau.de\/wp-content\/uploads\/2022\/08\/GTB14-200x136.jpeg 200w, https:\/\/gms-nikola-passau.de\/wp-content\/uploads\/2022\/08\/GTB14-400x273.jpeg 400w, https:\/\/gms-nikola-passau.de\/wp-content\/uploads\/2022\/08\/GTB14-600x409.jpeg 600w, https:\/\/gms-nikola-passau.de\/wp-content\/uploads\/2022\/08\/GTB14-800x545.jpeg 800w, https:\/\/gms-nikola-passau.de\/wp-content\/uploads\/2022\/08\/GTB14.jpeg 880w\" data-sizes=\"auto\" data-orig-sizes=\"(min-width: 2200px) 100vw, (min-width: 824px) 387px, (min-width: 732px) 580px, (min-width: 640px) 732px, \" \/><\/a><\/div><\/div><div style=\"padding:5px;\" class=\"fusion-grid-column fusion-gallery-column fusion-gallery-column-3 hover-type-none\"><div class=\"fusion-gallery-image\"><a href=\"https:\/\/gms-nikola-passau.de\/wp-content\/uploads\/2022\/08\/GTB15.jpeg\" rel=\"noreferrer\" data-rel=\"iLightbox[gallery_image_1]\" class=\"fusion-lightbox\" target=\"_self\"><img decoding=\"async\" src=\"https:\/\/gms-nikola-passau.de\/wp-content\/uploads\/2022\/08\/GTB15.jpeg\" data-orig-src=\"https:\/\/gms-nikola-passau.de\/wp-content\/uploads\/2022\/08\/GTB15.jpeg\" width=\"634\" height=\"600\" alt=\"\" title=\"GTB15\" aria-label=\"GTB15\" class=\"lazyload img-responsive wp-image-5545\" srcset=\"data:image\/svg+xml,%3Csvg%20xmlns%3D%27http%3A%2F%2Fwww.w3.org%2F2000%2Fsvg%27%20width%3D%27634%27%20height%3D%27600%27%20viewBox%3D%270%200%20634%20600%27%3E%3Crect%20width%3D%27634%27%20height%3D%27600%27%20fill-opacity%3D%220%22%2F%3E%3C%2Fsvg%3E\" data-srcset=\"https:\/\/gms-nikola-passau.de\/wp-content\/uploads\/2022\/08\/GTB15-200x189.jpeg 200w, https:\/\/gms-nikola-passau.de\/wp-content\/uploads\/2022\/08\/GTB15-400x379.jpeg 400w, https:\/\/gms-nikola-passau.de\/wp-content\/uploads\/2022\/08\/GTB15-600x568.jpeg 600w, https:\/\/gms-nikola-passau.de\/wp-content\/uploads\/2022\/08\/GTB15.jpeg 634w\" data-sizes=\"auto\" data-orig-sizes=\"(min-width: 2200px) 100vw, (min-width: 824px) 387px, (min-width: 732px) 580px, (min-width: 640px) 732px, \" \/><\/a><\/div><\/div><\/div><\/div><\/div><\/div><\/div><\/div><\/p>\n","protected":false},"excerpt":{"rendered":"","protected":false},"author":1,"featured_media":5833,"parent":0,"menu_order":0,"comment_status":"closed","ping_status":"closed","template":"100-width.php","meta":{"footnotes":""},"class_list":["post-5836","page","type-page","status-publish","has-post-thumbnail","hentry"],"_links":{"self":[{"href":"https:\/\/gms-nikola-passau.de\/index.php?rest_route=\/wp\/v2\/pages\/5836","targetHints":{"allow":["GET"]}}],"collection":[{"href":"https:\/\/gms-nikola-passau.de\/index.php?rest_route=\/wp\/v2\/pages"}],"about":[{"href":"https:\/\/gms-nikola-passau.de\/index.php?rest_route=\/wp\/v2\/types\/page"}],"author":[{"embeddable":true,"href":"https:\/\/gms-nikola-passau.de\/index.php?rest_route=\/wp\/v2\/users\/1"}],"replies":[{"embeddable":true,"href":"https:\/\/gms-nikola-passau.de\/index.php?rest_route=%2Fwp%2Fv2%2Fcomments&post=5836"}],"version-history":[{"count":5,"href":"https:\/\/gms-nikola-passau.de\/index.php?rest_route=\/wp\/v2\/pages\/5836\/revisions"}],"predecessor-version":[{"id":10875,"href":"https:\/\/gms-nikola-passau.de\/index.php?rest_route=\/wp\/v2\/pages\/5836\/revisions\/10875"}],"wp:featuredmedia":[{"embeddable":true,"href":"https:\/\/gms-nikola-passau.de\/index.php?rest_route=\/wp\/v2\/media\/5833"}],"wp:attachment":[{"href":"https:\/\/gms-nikola-passau.de\/index.php?rest_route=%2Fwp%2Fv2%2Fmedia&parent=5836"}],"curies":[{"name":"wp","href":"https:\/\/api.w.org\/{rel}","templated":true}]}}