{"id":6764,"date":"2023-04-19T17:50:32","date_gmt":"2023-04-19T17:50:32","guid":{"rendered":"https:\/\/gms-nikola-passau.de\/?page_id=6764"},"modified":"2023-05-01T05:51:40","modified_gmt":"2023-05-01T05:51:40","slug":"leitbild","status":"publish","type":"page","link":"https:\/\/gms-nikola-passau.de\/?page_id=6764","title":{"rendered":"Leitbild"},"content":{"rendered":"<div class=\"fusion-fullwidth fullwidth-box fusion-builder-row-1 fusion-flex-container has-pattern-background has-mask-background nonhundred-percent-fullwidth non-hundred-percent-height-scrolling\" style=\"--awb-border-radius-top-left:0px;--awb-border-radius-top-right:0px;--awb-border-radius-bottom-right:0px;--awb-border-radius-bottom-left:0px;--awb-flex-wrap:wrap;\" ><div class=\"fusion-builder-row fusion-row fusion-flex-align-items-flex-start fusion-flex-content-wrap\" style=\"max-width:1216.8px;margin-left: calc(-4% \/ 2 );margin-right: calc(-4% \/ 2 );\"><div class=\"fusion-layout-column fusion_builder_column fusion-builder-column-0 fusion_builder_column_1_1 1_1 fusion-flex-column\" style=\"--awb-bg-size:cover;--awb-width-large:100%;--awb-margin-top-large:0px;--awb-spacing-right-large:1.92%;--awb-margin-bottom-large:20px;--awb-spacing-left-large:1.92%;--awb-width-medium:100%;--awb-order-medium:0;--awb-spacing-right-medium:1.92%;--awb-spacing-left-medium:1.92%;--awb-width-small:100%;--awb-order-small:0;--awb-spacing-right-small:1.92%;--awb-spacing-left-small:1.92%;\"><div class=\"fusion-column-wrapper fusion-column-has-shadow fusion-flex-justify-content-flex-start fusion-content-layout-column\"><div class=\"fusion-text fusion-text-1\"><h4><strong>\u201eDie GMS St. Nikola &#8211; eine Schule mit Tradition und kultureller Vielfalt\u201c<\/strong><\/h4>\n<h4><strong>Profilbausteine:<\/strong><\/h4>\n<ul>\n<li>\n<h4>Ganztagsunterricht<\/h4>\n<\/li>\n<li>\n<h4>Elternarbeit<\/h4>\n<\/li>\n<li>\n<h4>Berufsorientierung<\/h4>\n<\/li>\n<li>\n<h4>Soziales Lernen und Schulsozialarbeit<\/h4>\n<\/li>\n<li>\n<h4>Werteerziehung<\/h4>\n<\/li>\n<li>\n<h4>\u00c4sthetische Erziehung<\/h4>\n<\/li>\n<li>\n<h4>Kooperation mit der Universit\u00e4t Passau<\/h4>\n<\/li>\n<li>\n<h4>Kulturelle Bildung<\/h4>\n<\/li>\n<li>\n<h4>Bildung f\u00fcr nachhaltige Entwicklung<\/h4>\n<\/li>\n<\/ul>\n<h4><strong>Bereits formulierte Leitvorstellungen werden als Basis der Weiterarbeit gesehen.<\/strong><\/h4>\n<h4>&#8211; Wir er\u00f6ffnen jedem Kind ganzheitliche Entwicklungsm\u00f6glichkeiten, um im Mit- und F\u00fcreinander seinen Platz im Leben zu finden.<\/h4>\n<h4>&#8211; Wir nehmen unsere Eltern als verantwortliche Erziehungspartner ernst und unterst\u00fctzen uns gegenseitig bei der positiven Begleitung und Entwicklung der uns anvertrauten Sch\u00fclerinnen und Sch\u00fcler<\/h4>\n<h4>&#8211; Wir schaffen die Grundlagen, damit junge Menschen auf ihr Leben in der Gesellschaft und Beruf vorbereitet sind und dort bestehen k\u00f6nnen.<\/h4>\n<h4>&#8211; Wir st\u00e4rken junge Menschen in der Berufsentscheidung und qualifizieren sie f\u00fcr die Herausforderungen in einer sich st\u00e4ndig wandelnden Arbeitswelt.<\/h4>\n<h4>&#8211; Gemeinsam erleben wir tagt\u00e4glich wertsch\u00e4tzendes Miteinander und machen soziale Kompetenzen erfahrbar.<\/h4>\n<h4>&#8211; Wir legen Wert auf Werte. Wir zeigen uns offen f\u00fcr neue Wege und Entwicklungen.<\/h4>\n<h4>&#8211; Der Raum gilt als dritter Erzieher. Wo wir uns wohlf\u00fchlen, halten wir uns gerne auf und lernen auch gerne.<\/h4>\n<h4>&#8211; Wir pflegen die Kooperation mit der Universit\u00e4t Passau, um Theorie und Praxis zu verzahnen. Studierende von heute bereiten wir auf den Schulalltag von morgen vor.<\/h4>\n<h4>&#8211; \u00d6ffentlichkeitsarbeit spielt heutzutage eine weit gr\u00f6\u00dfere Rolle, weil wir mit aktiven Ideen und interessanten Projekten unsere Heranwachsenden passgenau auf die Gegenwart und Zukunft des Lebens vorbereiten wollen und die Konkurrenz mit anderen weiterf\u00fchrenden Schulen nicht scheuen.<\/h4>\n<h4>&#8211; Individuelles Lernen und adressatenbezogene Ma\u00dfnahmen geh\u00f6ren tagt\u00e4glich zu unserer unterrichtlichen und erzieherischen Arbeit.\u00a0 Schule wird so f\u00fcr alle Beteiligten zu einem Lebensraum, der das Lernen vor Ort und die Arbeit mit Menschen in den Mittelpunkt stellt.<\/h4>\n<\/div><\/div><\/div><\/div><\/div>\n","protected":false},"excerpt":{"rendered":"","protected":false},"author":1,"featured_media":0,"parent":0,"menu_order":0,"comment_status":"closed","ping_status":"closed","template":"100-width.php","meta":{"footnotes":""},"class_list":["post-6764","page","type-page","status-publish","hentry"],"_links":{"self":[{"href":"https:\/\/gms-nikola-passau.de\/index.php?rest_route=\/wp\/v2\/pages\/6764","targetHints":{"allow":["GET"]}}],"collection":[{"href":"https:\/\/gms-nikola-passau.de\/index.php?rest_route=\/wp\/v2\/pages"}],"about":[{"href":"https:\/\/gms-nikola-passau.de\/index.php?rest_route=\/wp\/v2\/types\/page"}],"author":[{"embeddable":true,"href":"https:\/\/gms-nikola-passau.de\/index.php?rest_route=\/wp\/v2\/users\/1"}],"replies":[{"embeddable":true,"href":"https:\/\/gms-nikola-passau.de\/index.php?rest_route=%2Fwp%2Fv2%2Fcomments&post=6764"}],"version-history":[{"count":4,"href":"https:\/\/gms-nikola-passau.de\/index.php?rest_route=\/wp\/v2\/pages\/6764\/revisions"}],"predecessor-version":[{"id":6813,"href":"https:\/\/gms-nikola-passau.de\/index.php?rest_route=\/wp\/v2\/pages\/6764\/revisions\/6813"}],"wp:attachment":[{"href":"https:\/\/gms-nikola-passau.de\/index.php?rest_route=%2Fwp%2Fv2%2Fmedia&parent=6764"}],"curies":[{"name":"wp","href":"https:\/\/api.w.org\/{rel}","templated":true}]}}