{"id":7160,"date":"2023-08-07T13:53:59","date_gmt":"2023-08-07T13:53:59","guid":{"rendered":"https:\/\/gms-nikola-passau.de\/?page_id=7160"},"modified":"2023-08-07T14:29:54","modified_gmt":"2023-08-07T14:29:54","slug":"edupage-anleitung","status":"publish","type":"page","link":"https:\/\/gms-nikola-passau.de\/?page_id=7160","title":{"rendered":"Edupage Anleitung"},"content":{"rendered":"<p><div class=\"fusion-fullwidth fullwidth-box fusion-builder-row-1 fusion-flex-container has-pattern-background has-mask-background nonhundred-percent-fullwidth non-hundred-percent-height-scrolling\" style=\"--awb-border-radius-top-left:0px;--awb-border-radius-top-right:0px;--awb-border-radius-bottom-right:0px;--awb-border-radius-bottom-left:0px;--awb-flex-wrap:wrap;\" ><div class=\"fusion-builder-row fusion-row fusion-flex-align-items-flex-start fusion-flex-content-wrap\" style=\"max-width:1216.8px;margin-left: calc(-4% \/ 2 );margin-right: calc(-4% \/ 2 );\"><div class=\"fusion-layout-column fusion_builder_column fusion-builder-column-0 fusion_builder_column_1_1 1_1 fusion-flex-column\" style=\"--awb-bg-size:cover;--awb-width-large:100%;--awb-margin-top-large:0px;--awb-spacing-right-large:1.92%;--awb-margin-bottom-large:20px;--awb-spacing-left-large:1.92%;--awb-width-medium:100%;--awb-order-medium:0;--awb-spacing-right-medium:1.92%;--awb-spacing-left-medium:1.92%;--awb-width-small:100%;--awb-order-small:0;--awb-spacing-right-small:1.92%;--awb-spacing-left-small:1.92%;\"><div class=\"fusion-column-wrapper fusion-column-has-shadow fusion-flex-justify-content-flex-start fusion-content-layout-column\"><div class=\"fusion-text fusion-text-1\"><h4 style=\"font-weight: 400;\"><strong>Nachfolgend finden Sie bebilderte Anleitungen f\u00fcr die einzelnen Funktionen:<\/strong><\/h4>\n<\/div><ul style=\"--awb-line-height:27.2px;--awb-icon-width:27.2px;--awb-icon-height:27.2px;--awb-icon-margin:11.2px;--awb-content-margin:38.4px;--awb-circlecolor:var(--awb-custom_color_1);--awb-circle-yes-font-size:14.08px;\" class=\"fusion-checklist fusion-checklist-1 fusion-checklist-default type-icons\"><li class=\"fusion-li-item\" style=\"\"><span class=\"icon-wrapper circle-yes\"><i class=\"fusion-li-icon fa-desktop fas\" aria-hidden=\"true\"><\/i><\/span><div class=\"fusion-li-item-content\">\n<h4 style=\"font-weight: 400;\"><strong>Krankmeldung des Kindes per PC:<\/strong><\/h4>\n<\/div><\/li><\/ul><\/div><\/div><div class=\"fusion-layout-column fusion_builder_column fusion-builder-column-1 fusion_builder_column_1_1 1_1 fusion-flex-column\" style=\"--awb-bg-size:cover;--awb-width-large:100%;--awb-margin-top-large:0px;--awb-spacing-right-large:1.92%;--awb-margin-bottom-large:20px;--awb-spacing-left-large:1.92%;--awb-width-medium:100%;--awb-order-medium:0;--awb-spacing-right-medium:1.92%;--awb-spacing-left-medium:1.92%;--awb-width-small:100%;--awb-order-small:0;--awb-spacing-right-small:1.92%;--awb-spacing-left-small:1.92%;\"><div class=\"fusion-column-wrapper fusion-column-has-shadow fusion-flex-justify-content-flex-start fusion-content-layout-column\"><div class=\"fusion-text fusion-text-2\"><h4 style=\"text-align: left;\"><strong>1. Klicken Sie auf das Schaltfeld \u201eAnwesenheit\u201c.<\/strong><\/h4>\n<h4 style=\"text-align: left;\"><a href=\"http:\/\/gms-nikola-passau.de\/wp-content\/uploads\/2023\/08\/Anwesenheit.png\"><img decoding=\"async\" class=\"lazyload size-full wp-image-7165 alignleft\" src=\"data:image\/svg+xml,%3Csvg%20xmlns%3D%27http%3A%2F%2Fwww.w3.org%2F2000%2Fsvg%27%20width%3D%27194%27%20height%3D%2768%27%20viewBox%3D%270%200%20194%2068%27%3E%3Crect%20width%3D%27194%27%20height%3D%2768%27%20fill-opacity%3D%220%22%2F%3E%3C%2Fsvg%3E\" data-orig-src=\"http:\/\/gms-nikola-passau.de\/wp-content\/uploads\/2023\/08\/Anwesenheit.png\" alt=\"\" width=\"194\" height=\"68\" \/><\/a><\/h4>\n<\/div><\/div><\/div><div class=\"fusion-layout-column fusion_builder_column fusion-builder-column-2 fusion_builder_column_1_1 1_1 fusion-flex-column\" style=\"--awb-bg-size:cover;--awb-width-large:100%;--awb-margin-top-large:0px;--awb-spacing-right-large:1.92%;--awb-margin-bottom-large:20px;--awb-spacing-left-large:1.92%;--awb-width-medium:100%;--awb-order-medium:0;--awb-spacing-right-medium:1.92%;--awb-spacing-left-medium:1.92%;--awb-width-small:100%;--awb-order-small:0;--awb-spacing-right-small:1.92%;--awb-spacing-left-small:1.92%;\"><div class=\"fusion-column-wrapper fusion-column-has-shadow fusion-flex-justify-content-flex-start fusion-content-layout-column\"><div class=\"fusion-text fusion-text-3\"><h4>2. Klicken Sie auf \u201eAbwesenheitsnotiz hinzuf\u00fcgen\u201c.<\/h4>\n<p><a href=\"http:\/\/gms-nikola-passau.de\/wp-content\/uploads\/2023\/08\/Anwesenheitz-hinzufuegen.png\"><img decoding=\"async\" class=\"lazyload alignleft size-full wp-image-7168\" src=\"data:image\/svg+xml,%3Csvg%20xmlns%3D%27http%3A%2F%2Fwww.w3.org%2F2000%2Fsvg%27%20width%3D%27134%27%20height%3D%2792%27%20viewBox%3D%270%200%20134%2092%27%3E%3Crect%20width%3D%27134%27%20height%3D%2792%27%20fill-opacity%3D%220%22%2F%3E%3C%2Fsvg%3E\" data-orig-src=\"http:\/\/gms-nikola-passau.de\/wp-content\/uploads\/2023\/08\/Anwesenheitz-hinzufuegen.png\" alt=\"\" width=\"134\" height=\"92\" \/><\/a><\/p>\n<\/div><\/div><\/div><div class=\"fusion-layout-column fusion_builder_column fusion-builder-column-3 fusion_builder_column_1_1 1_1 fusion-flex-column\" style=\"--awb-bg-size:cover;--awb-width-large:100%;--awb-margin-top-large:0px;--awb-spacing-right-large:1.92%;--awb-margin-bottom-large:20px;--awb-spacing-left-large:1.92%;--awb-width-medium:100%;--awb-order-medium:0;--awb-spacing-right-medium:1.92%;--awb-spacing-left-medium:1.92%;--awb-width-small:100%;--awb-order-small:0;--awb-spacing-right-small:1.92%;--awb-spacing-left-small:1.92%;\"><div class=\"fusion-column-wrapper fusion-column-has-shadow fusion-flex-justify-content-flex-start fusion-content-layout-column\"><div class=\"fusion-text fusion-text-4\"><h4><strong>3. Geben Sie einen Grund f\u00fcr die Abwesenheit ein (z.B. \u201ekrank\u201c)<\/strong><\/h4>\n<h4><strong>W\u00e4hlen Sie das entsprechende Datum aus. Sie k\u00f6nnen ihr Kind nur f\u00fcr einen oder bereits f\u00fcr mehrere Tage entschuldigen. Dr\u00fccken Sie auf \u201eOK\u201c.<\/strong><\/h4>\n<h4 style=\"font-weight: 400;\"><strong>Die Entschuldigung ist nun bei der Lehrkraft angekommen. Diese kann die Entschuldigung annehmen.<\/strong><\/h4>\n<h4 style=\"font-weight: 400;\"><strong><em>Der Button f\u00fcr die Kantinenbestellung hat keine Funktion. Bet\u00e4tigen Sie ihn nicht.<\/em><\/strong><\/h4>\n<p><a href=\"http:\/\/gms-nikola-passau.de\/wp-content\/uploads\/2023\/08\/Grund.png\"><img decoding=\"async\" class=\"lazyload alignleft size-fusion-400 wp-image-7172\" src=\"http:\/\/gms-nikola-passau.de\/wp-content\/uploads\/2023\/08\/Grund-400x349.png\" data-orig-src=\"http:\/\/gms-nikola-passau.de\/wp-content\/uploads\/2023\/08\/Grund-400x349.png\" alt=\"\" width=\"400\" height=\"349\" srcset=\"data:image\/svg+xml,%3Csvg%20xmlns%3D%27http%3A%2F%2Fwww.w3.org%2F2000%2Fsvg%27%20width%3D%27400%27%20height%3D%27349%27%20viewBox%3D%270%200%20400%20349%27%3E%3Crect%20width%3D%27400%27%20height%3D%27349%27%20fill-opacity%3D%220%22%2F%3E%3C%2Fsvg%3E\" data-srcset=\"https:\/\/gms-nikola-passau.de\/wp-content\/uploads\/2023\/08\/Grund-200x174.png 200w, https:\/\/gms-nikola-passau.de\/wp-content\/uploads\/2023\/08\/Grund-300x261.png 300w, https:\/\/gms-nikola-passau.de\/wp-content\/uploads\/2023\/08\/Grund-400x349.png 400w, https:\/\/gms-nikola-passau.de\/wp-content\/uploads\/2023\/08\/Grund.png 420w\" data-sizes=\"auto\" data-orig-sizes=\"(max-width: 400px) 100vw, 400px\" \/><\/a><\/p>\n<\/div><\/div><\/div><div class=\"fusion-layout-column fusion_builder_column fusion-builder-column-4 fusion_builder_column_1_1 1_1 fusion-flex-column\" style=\"--awb-bg-size:cover;--awb-width-large:100%;--awb-margin-top-large:0px;--awb-spacing-right-large:1.92%;--awb-margin-bottom-large:20px;--awb-spacing-left-large:1.92%;--awb-width-medium:100%;--awb-order-medium:0;--awb-spacing-right-medium:1.92%;--awb-spacing-left-medium:1.92%;--awb-width-small:100%;--awb-order-small:0;--awb-spacing-right-small:1.92%;--awb-spacing-left-small:1.92%;\"><div class=\"fusion-column-wrapper fusion-column-has-shadow fusion-flex-justify-content-flex-start fusion-content-layout-column\"><ul style=\"--awb-line-height:27.2px;--awb-icon-width:27.2px;--awb-icon-height:27.2px;--awb-icon-margin:11.2px;--awb-content-margin:38.4px;--awb-circlecolor:var(--awb-custom_color_1);--awb-circle-yes-font-size:14.08px;\" class=\"fusion-checklist fusion-checklist-2 fusion-checklist-default type-icons\"><li class=\"fusion-li-item\" style=\"\"><span class=\"icon-wrapper circle-yes\"><i class=\"fusion-li-icon fa-mobile-alt fas\" aria-hidden=\"true\"><\/i><\/span><div class=\"fusion-li-item-content\">\n<h4 style=\"font-weight: 400;\"><strong>Krankmeldung des Kindes per App:<\/strong><\/h4>\n<\/div><\/li><\/ul><\/div><\/div><div class=\"fusion-layout-column fusion_builder_column fusion-builder-column-5 fusion_builder_column_1_1 1_1 fusion-flex-column\" style=\"--awb-bg-size:cover;--awb-width-large:100%;--awb-margin-top-large:0px;--awb-spacing-right-large:1.92%;--awb-margin-bottom-large:20px;--awb-spacing-left-large:1.92%;--awb-width-medium:100%;--awb-order-medium:0;--awb-spacing-right-medium:1.92%;--awb-spacing-left-medium:1.92%;--awb-width-small:100%;--awb-order-small:0;--awb-spacing-right-small:1.92%;--awb-spacing-left-small:1.92%;\"><div class=\"fusion-column-wrapper fusion-column-has-shadow fusion-flex-justify-content-flex-start fusion-content-layout-column\"><div class=\"fusion-text fusion-text-5\"><h4><strong>1. Melden Sie sich in der App mit ihren Zugangsdaten an.<\/strong><\/h4>\n<h4><strong>2. Klicken Sie auf das rote Plus-Zeichen (\u201e+\u201c).<\/strong><\/h4>\n<p><a href=\"http:\/\/gms-nikola-passau.de\/wp-content\/uploads\/2023\/08\/App1.png\"><img decoding=\"async\" class=\"lazyload size-fusion-400 wp-image-7174 alignnone\" src=\"http:\/\/gms-nikola-passau.de\/wp-content\/uploads\/2023\/08\/App1-400x299.png\" data-orig-src=\"http:\/\/gms-nikola-passau.de\/wp-content\/uploads\/2023\/08\/App1-400x299.png\" alt=\"\" width=\"400\" height=\"299\" srcset=\"data:image\/svg+xml,%3Csvg%20xmlns%3D%27http%3A%2F%2Fwww.w3.org%2F2000%2Fsvg%27%20width%3D%27400%27%20height%3D%27299%27%20viewBox%3D%270%200%20400%20299%27%3E%3Crect%20width%3D%27400%27%20height%3D%27299%27%20fill-opacity%3D%220%22%2F%3E%3C%2Fsvg%3E\" data-srcset=\"https:\/\/gms-nikola-passau.de\/wp-content\/uploads\/2023\/08\/App1-200x149.png 200w, https:\/\/gms-nikola-passau.de\/wp-content\/uploads\/2023\/08\/App1-300x224.png 300w, https:\/\/gms-nikola-passau.de\/wp-content\/uploads\/2023\/08\/App1-400x299.png 400w, https:\/\/gms-nikola-passau.de\/wp-content\/uploads\/2023\/08\/App1.png 510w\" data-sizes=\"auto\" data-orig-sizes=\"(max-width: 400px) 100vw, 400px\" \/><\/a><\/p>\n<h4><strong>3. W\u00e4hlen Sie \u201eEntschuldigung\u201c.<\/strong><\/h4>\n<h4><strong>4. Geben Sie die entsprechenden Daten ein:<\/strong><br \/>\n<strong>Geben Sie einen Grund f\u00fcr die Abwesenheit ein (z.B. \u201ekrank\u201c)<\/strong><\/h4>\n<h4><strong>5. Klicken Sie auf \u201eSpeichern\u201c.<\/strong><\/h4>\n<h4><strong>6. Die Entschuldigung erscheint nun in der Liste. Falsch get\u00e4tigte Entschuldigungen k\u00f6nnen Sie l\u00f6schen, indem die Entschuldigung anklicken und dann auf \u201eL\u00f6schen\u201c klicken. Das funktioniert jedoch nur, solange die Lehrkraft die Entschuldigung noch nicht angenommen hat. Wurde die Entschuldigung bereits angenommen, m\u00fcssen Sie die Lehrkraft f\u00fcr eine \u00c4nderung pers\u00f6nlich kontaktieren.<\/strong><\/h4>\n<h4><\/h4>\n<\/div><\/div><\/div><\/div><\/div><div class=\"fusion-fullwidth fullwidth-box fusion-builder-row-2 fusion-flex-container has-pattern-background has-mask-background nonhundred-percent-fullwidth non-hundred-percent-height-scrolling\" style=\"--awb-border-radius-top-left:0px;--awb-border-radius-top-right:0px;--awb-border-radius-bottom-right:0px;--awb-border-radius-bottom-left:0px;--awb-flex-wrap:wrap;\" ><div class=\"fusion-builder-row fusion-row fusion-flex-align-items-flex-start fusion-flex-content-wrap\" style=\"max-width:1216.8px;margin-left: calc(-4% \/ 2 );margin-right: calc(-4% \/ 2 );\"><div class=\"fusion-layout-column fusion_builder_column fusion-builder-column-6 fusion_builder_column_1_1 1_1 fusion-flex-column\" style=\"--awb-bg-size:cover;--awb-width-large:100%;--awb-margin-top-large:0px;--awb-spacing-right-large:1.92%;--awb-margin-bottom-large:20px;--awb-spacing-left-large:1.92%;--awb-width-medium:100%;--awb-order-medium:0;--awb-spacing-right-medium:1.92%;--awb-spacing-left-medium:1.92%;--awb-width-small:100%;--awb-order-small:0;--awb-spacing-right-small:1.92%;--awb-spacing-left-small:1.92%;\"><div class=\"fusion-column-wrapper fusion-column-has-shadow fusion-flex-justify-content-flex-start fusion-content-layout-column\"><ul style=\"--awb-line-height:27.2px;--awb-icon-width:27.2px;--awb-icon-height:27.2px;--awb-icon-margin:11.2px;--awb-content-margin:38.4px;--awb-circlecolor:var(--awb-custom_color_1);--awb-circle-yes-font-size:14.08px;\" class=\"fusion-checklist fusion-checklist-3 fusion-checklist-default type-icons\"><li class=\"fusion-li-item\" style=\"\"><span class=\"icon-wrapper circle-yes\"><i class=\"fusion-li-icon fa-desktop fas\" aria-hidden=\"true\"><\/i><\/span><div class=\"fusion-li-item-content\">\n<h4 style=\"font-weight: 400;\"><strong>Schreiben einer Nachricht per PC:<\/strong><\/h4>\n<\/div><\/li><\/ul><\/div><\/div><div class=\"fusion-layout-column fusion_builder_column fusion-builder-column-7 fusion_builder_column_1_1 1_1 fusion-flex-column\" style=\"--awb-bg-size:cover;--awb-width-large:100%;--awb-margin-top-large:0px;--awb-spacing-right-large:1.92%;--awb-margin-bottom-large:20px;--awb-spacing-left-large:1.92%;--awb-width-medium:100%;--awb-order-medium:0;--awb-spacing-right-medium:1.92%;--awb-spacing-left-medium:1.92%;--awb-width-small:100%;--awb-order-small:0;--awb-spacing-right-small:1.92%;--awb-spacing-left-small:1.92%;\"><div class=\"fusion-column-wrapper fusion-column-has-shadow fusion-flex-justify-content-flex-start fusion-content-layout-column\"><div class=\"fusion-text fusion-text-6\"><h4><strong>1. Klicken Sie auf \u201eNachrichten\u201c<\/strong><\/h4>\n<p><a href=\"http:\/\/gms-nikola-passau.de\/wp-content\/uploads\/2023\/08\/Nachricht.png\"><img decoding=\"async\" class=\"lazyload size-full wp-image-7178 alignnone\" src=\"http:\/\/gms-nikola-passau.de\/wp-content\/uploads\/2023\/08\/Nachricht.png\" data-orig-src=\"http:\/\/gms-nikola-passau.de\/wp-content\/uploads\/2023\/08\/Nachricht.png\" alt=\"\" width=\"322\" height=\"86\" srcset=\"data:image\/svg+xml,%3Csvg%20xmlns%3D%27http%3A%2F%2Fwww.w3.org%2F2000%2Fsvg%27%20width%3D%27322%27%20height%3D%2786%27%20viewBox%3D%270%200%20322%2086%27%3E%3Crect%20width%3D%27322%27%20height%3D%2786%27%20fill-opacity%3D%220%22%2F%3E%3C%2Fsvg%3E\" data-srcset=\"https:\/\/gms-nikola-passau.de\/wp-content\/uploads\/2023\/08\/Nachricht-200x53.png 200w, https:\/\/gms-nikola-passau.de\/wp-content\/uploads\/2023\/08\/Nachricht-300x80.png 300w, https:\/\/gms-nikola-passau.de\/wp-content\/uploads\/2023\/08\/Nachricht-320x86.png 320w, https:\/\/gms-nikola-passau.de\/wp-content\/uploads\/2023\/08\/Nachricht.png 322w\" data-sizes=\"auto\" data-orig-sizes=\"(max-width: 322px) 100vw, 322px\" \/><\/a><\/p>\n<h4><strong>2. Klicken Sie auf das kleine rote Plus <u>ganz unten in der rechten Ecke<\/u>.<\/strong><\/h4>\n<h4><strong>3. W\u00e4hlen Sie \u201eNachricht senden\u201c.<\/strong><br \/>\n<strong>Bitte verwenden Sie aus Gr\u00fcnden der \u00dcbersichtlichkeit ausschlie\u00dflich die Funktion \u201eNachricht senden\u201c, nicht die Funktion \u201eChat\u201c.<\/strong><\/h4>\n<h4><strong>4. Geben Sie den gew\u00fcnschten Empf\u00e4nger ein. Sie k\u00f6nnen einen Namen eingeben oder die Liste mit Lehrkr\u00e4ften durchsuchen.<\/strong><\/h4>\n<h4><strong>5. Geben Sie ihre Nachricht ein. Auch der Anhang von Bildern oder Dateien ist m\u00f6glich.<\/strong><\/h4>\n<h4><strong>6. Klicken Sie auf \u201eWeiter\u201c und best\u00e4tigen Sie dann erneut.<\/strong><\/h4>\n<h4 style=\"text-align: left;\"><\/h4>\n<\/div><\/div><\/div><div class=\"fusion-layout-column fusion_builder_column fusion-builder-column-8 fusion_builder_column_1_1 1_1 fusion-flex-column\" style=\"--awb-bg-size:cover;--awb-width-large:100%;--awb-margin-top-large:0px;--awb-spacing-right-large:1.92%;--awb-margin-bottom-large:20px;--awb-spacing-left-large:1.92%;--awb-width-medium:100%;--awb-order-medium:0;--awb-spacing-right-medium:1.92%;--awb-spacing-left-medium:1.92%;--awb-width-small:100%;--awb-order-small:0;--awb-spacing-right-small:1.92%;--awb-spacing-left-small:1.92%;\"><div class=\"fusion-column-wrapper fusion-column-has-shadow fusion-flex-justify-content-flex-start fusion-content-layout-column\"><\/div><\/div><div class=\"fusion-layout-column fusion_builder_column fusion-builder-column-9 fusion_builder_column_1_1 1_1 fusion-flex-column\" style=\"--awb-bg-size:cover;--awb-width-large:100%;--awb-margin-top-large:0px;--awb-spacing-right-large:1.92%;--awb-margin-bottom-large:20px;--awb-spacing-left-large:1.92%;--awb-width-medium:100%;--awb-order-medium:0;--awb-spacing-right-medium:1.92%;--awb-spacing-left-medium:1.92%;--awb-width-small:100%;--awb-order-small:0;--awb-spacing-right-small:1.92%;--awb-spacing-left-small:1.92%;\"><div class=\"fusion-column-wrapper fusion-column-has-shadow fusion-flex-justify-content-flex-start fusion-content-layout-column\"><ul style=\"--awb-line-height:27.2px;--awb-icon-width:27.2px;--awb-icon-height:27.2px;--awb-icon-margin:11.2px;--awb-content-margin:38.4px;--awb-circlecolor:var(--awb-custom_color_1);--awb-circle-yes-font-size:14.08px;\" class=\"fusion-checklist fusion-checklist-4 fusion-checklist-default type-icons\"><li class=\"fusion-li-item\" style=\"\"><span class=\"icon-wrapper circle-yes\"><i class=\"fusion-li-icon fa-mobile-alt fas\" aria-hidden=\"true\"><\/i><\/span><div class=\"fusion-li-item-content\">\n<h4 style=\"font-weight: 400;\"><strong>Schreiben einer Nachricht per App:<\/strong><\/h4>\n<\/div><\/li><\/ul><\/div><\/div><div class=\"fusion-layout-column fusion_builder_column fusion-builder-column-10 fusion_builder_column_1_1 1_1 fusion-flex-column\" style=\"--awb-bg-size:cover;--awb-width-large:100%;--awb-margin-top-large:0px;--awb-spacing-right-large:1.92%;--awb-margin-bottom-large:20px;--awb-spacing-left-large:1.92%;--awb-width-medium:100%;--awb-order-medium:0;--awb-spacing-right-medium:1.92%;--awb-spacing-left-medium:1.92%;--awb-width-small:100%;--awb-order-small:0;--awb-spacing-right-small:1.92%;--awb-spacing-left-small:1.92%;\"><div class=\"fusion-column-wrapper fusion-column-has-shadow fusion-flex-justify-content-flex-start fusion-content-layout-column\"><div class=\"fusion-text fusion-text-7\"><h4><strong>1. Klicken Sie auf das rote Plus am rechten Bildschirmrand.<\/strong><\/h4>\n<p><a href=\"http:\/\/gms-nikola-passau.de\/wp-content\/uploads\/2023\/08\/App1.png\"><img decoding=\"async\" class=\"lazyload size-fusion-400 wp-image-7174 alignnone\" src=\"http:\/\/gms-nikola-passau.de\/wp-content\/uploads\/2023\/08\/App1-400x299.png\" data-orig-src=\"http:\/\/gms-nikola-passau.de\/wp-content\/uploads\/2023\/08\/App1-400x299.png\" alt=\"\" width=\"400\" height=\"299\" srcset=\"data:image\/svg+xml,%3Csvg%20xmlns%3D%27http%3A%2F%2Fwww.w3.org%2F2000%2Fsvg%27%20width%3D%27400%27%20height%3D%27299%27%20viewBox%3D%270%200%20400%20299%27%3E%3Crect%20width%3D%27400%27%20height%3D%27299%27%20fill-opacity%3D%220%22%2F%3E%3C%2Fsvg%3E\" data-srcset=\"https:\/\/gms-nikola-passau.de\/wp-content\/uploads\/2023\/08\/App1-200x149.png 200w, https:\/\/gms-nikola-passau.de\/wp-content\/uploads\/2023\/08\/App1-300x224.png 300w, https:\/\/gms-nikola-passau.de\/wp-content\/uploads\/2023\/08\/App1-400x299.png 400w, https:\/\/gms-nikola-passau.de\/wp-content\/uploads\/2023\/08\/App1.png 510w\" data-sizes=\"auto\" data-orig-sizes=\"(max-width: 400px) 100vw, 400px\" \/><\/a><\/p>\n<h4><strong>2. Geben Sie den gew\u00fcnschten Empf\u00e4nger ein. Sie k\u00f6nnen einen Namen eingeben oder die Liste mit Lehrkr\u00e4ften durchsuchen.<\/strong><\/h4>\n<h4><strong>3. Geben Sie ihre Nachricht ein. Auch der Anhang von Bildern oder Dateien ist m\u00f6glich.<\/strong><\/h4>\n<h4><strong>4. Klicken Sie auf \u201eWeiter\u201c und best\u00e4tigen Sie dann erneut.<\/strong><\/h4>\n<h4><\/h4>\n<\/div><\/div><\/div><\/div><\/div><div class=\"fusion-fullwidth fullwidth-box fusion-builder-row-3 fusion-flex-container has-pattern-background has-mask-background nonhundred-percent-fullwidth non-hundred-percent-height-scrolling\" style=\"--awb-border-radius-top-left:0px;--awb-border-radius-top-right:0px;--awb-border-radius-bottom-right:0px;--awb-border-radius-bottom-left:0px;--awb-flex-wrap:wrap;\" ><div class=\"fusion-builder-row fusion-row fusion-flex-align-items-flex-start fusion-flex-content-wrap\" style=\"max-width:1216.8px;margin-left: calc(-4% \/ 2 );margin-right: calc(-4% \/ 2 );\"><div class=\"fusion-layout-column fusion_builder_column fusion-builder-column-11 fusion_builder_column_1_1 1_1 fusion-flex-column\" style=\"--awb-bg-size:cover;--awb-width-large:100%;--awb-margin-top-large:0px;--awb-spacing-right-large:1.92%;--awb-margin-bottom-large:20px;--awb-spacing-left-large:1.92%;--awb-width-medium:100%;--awb-order-medium:0;--awb-spacing-right-medium:1.92%;--awb-spacing-left-medium:1.92%;--awb-width-small:100%;--awb-order-small:0;--awb-spacing-right-small:1.92%;--awb-spacing-left-small:1.92%;\"><div class=\"fusion-column-wrapper fusion-column-has-shadow fusion-flex-justify-content-flex-start fusion-content-layout-column\"><ul style=\"--awb-line-height:27.2px;--awb-icon-width:27.2px;--awb-icon-height:27.2px;--awb-icon-margin:11.2px;--awb-content-margin:38.4px;--awb-circlecolor:var(--awb-custom_color_1);--awb-circle-yes-font-size:14.08px;\" class=\"fusion-checklist fusion-checklist-5 fusion-checklist-default type-icons\"><li class=\"fusion-li-item\" style=\"\"><span class=\"icon-wrapper circle-yes\"><i class=\"fusion-li-icon fa-user-edit fas\" aria-hidden=\"true\"><\/i><\/span><div class=\"fusion-li-item-content\">\n<h4 style=\"font-weight: 400;\"><strong>Vertretungsplan einsehen:<\/strong><\/h4>\n<\/div><\/li><\/ul><\/div><\/div><div class=\"fusion-layout-column fusion_builder_column fusion-builder-column-12 fusion_builder_column_1_1 1_1 fusion-flex-column\" style=\"--awb-bg-size:cover;--awb-width-large:100%;--awb-margin-top-large:0px;--awb-spacing-right-large:1.92%;--awb-margin-bottom-large:20px;--awb-spacing-left-large:1.92%;--awb-width-medium:100%;--awb-order-medium:0;--awb-spacing-right-medium:1.92%;--awb-spacing-left-medium:1.92%;--awb-width-small:100%;--awb-order-small:0;--awb-spacing-right-small:1.92%;--awb-spacing-left-small:1.92%;\"><div class=\"fusion-column-wrapper fusion-column-has-shadow fusion-flex-justify-content-flex-start fusion-content-layout-column\"><div class=\"fusion-text fusion-text-8\"><h4 style=\"font-weight: 400;\"><strong>Den aktuellen Vertretungsplan k\u00f6nnen Sie sowohl am PC als auch in der App einsehen, indem sie auf dem Startbildschirm auf \u201eVertretung klicken.<\/strong><\/h4>\n<\/div><\/div><\/div><\/div><\/div><\/p>\n","protected":false},"excerpt":{"rendered":"","protected":false},"author":1,"featured_media":0,"parent":0,"menu_order":0,"comment_status":"closed","ping_status":"closed","template":"100-width.php","meta":{"footnotes":""},"class_list":["post-7160","page","type-page","status-publish","hentry"],"_links":{"self":[{"href":"https:\/\/gms-nikola-passau.de\/index.php?rest_route=\/wp\/v2\/pages\/7160","targetHints":{"allow":["GET"]}}],"collection":[{"href":"https:\/\/gms-nikola-passau.de\/index.php?rest_route=\/wp\/v2\/pages"}],"about":[{"href":"https:\/\/gms-nikola-passau.de\/index.php?rest_route=\/wp\/v2\/types\/page"}],"author":[{"embeddable":true,"href":"https:\/\/gms-nikola-passau.de\/index.php?rest_route=\/wp\/v2\/users\/1"}],"replies":[{"embeddable":true,"href":"https:\/\/gms-nikola-passau.de\/index.php?rest_route=%2Fwp%2Fv2%2Fcomments&post=7160"}],"version-history":[{"count":15,"href":"https:\/\/gms-nikola-passau.de\/index.php?rest_route=\/wp\/v2\/pages\/7160\/revisions"}],"predecessor-version":[{"id":7180,"href":"https:\/\/gms-nikola-passau.de\/index.php?rest_route=\/wp\/v2\/pages\/7160\/revisions\/7180"}],"wp:attachment":[{"href":"https:\/\/gms-nikola-passau.de\/index.php?rest_route=%2Fwp%2Fv2%2Fmedia&parent=7160"}],"curies":[{"name":"wp","href":"https:\/\/api.w.org\/{rel}","templated":true}]}}