{"id":9544,"date":"2025-01-08T19:17:38","date_gmt":"2025-01-08T19:17:38","guid":{"rendered":"https:\/\/gms-nikola-passau.de\/?page_id=9544"},"modified":"2026-05-03T07:25:31","modified_gmt":"2026-05-03T07:25:31","slug":"informationen","status":"publish","type":"page","link":"https:\/\/gms-nikola-passau.de\/?page_id=9544","title":{"rendered":"Informationen"},"content":{"rendered":"<p><div class=\"fusion-fullwidth fullwidth-box fusion-builder-row-1 fusion-flex-container has-pattern-background has-mask-background nonhundred-percent-fullwidth non-hundred-percent-height-scrolling\" style=\"--awb-border-radius-top-left:0px;--awb-border-radius-top-right:0px;--awb-border-radius-bottom-right:0px;--awb-border-radius-bottom-left:0px;--awb-flex-wrap:wrap;\" ><div class=\"fusion-builder-row fusion-row fusion-flex-align-items-flex-start fusion-flex-content-wrap\" style=\"max-width:1216.8px;margin-left: calc(-4% \/ 2 );margin-right: calc(-4% \/ 2 );\"><div class=\"fusion-layout-column fusion_builder_column fusion-builder-column-0 fusion_builder_column_1_1 1_1 fusion-flex-column\" style=\"--awb-bg-size:cover;--awb-width-large:100%;--awb-margin-top-large:0px;--awb-spacing-right-large:1.92%;--awb-margin-bottom-large:20px;--awb-spacing-left-large:1.92%;--awb-width-medium:100%;--awb-order-medium:0;--awb-spacing-right-medium:1.92%;--awb-spacing-left-medium:1.92%;--awb-width-small:100%;--awb-order-small:0;--awb-spacing-right-small:1.92%;--awb-spacing-left-small:1.92%;\"><div class=\"fusion-column-wrapper fusion-column-has-shadow fusion-flex-justify-content-flex-start fusion-content-layout-column\"><div class=\"fusion-text fusion-text-1\"><h3 style=\"text-align: left;\">Pr\u00fcfungen, Anmeldungen<\/h3>\n<\/div><div class=\"fusion-separator\" style=\"align-self: flex-start;margin-right:auto;margin-bottom:20px;width:100%;max-width:300px;\"><div class=\"fusion-separator-border sep-single sep-solid\" style=\"--awb-height:20px;--awb-amount:20px;--awb-sep-color:var(--awb-custom_color_1);border-color:var(--awb-custom_color_1);border-top-width:2px;\"><\/div><\/div><\/div><\/div><div class=\"fusion-layout-column fusion_builder_column fusion-builder-column-1 fusion_builder_column_1_1 1_1 fusion-flex-column\" style=\"--awb-bg-size:cover;--awb-width-large:100%;--awb-margin-top-large:0px;--awb-spacing-right-large:1.92%;--awb-margin-bottom-large:20px;--awb-spacing-left-large:1.92%;--awb-width-medium:100%;--awb-order-medium:0;--awb-spacing-right-medium:1.92%;--awb-spacing-left-medium:1.92%;--awb-width-small:100%;--awb-order-small:0;--awb-spacing-right-small:1.92%;--awb-spacing-left-small:1.92%;\"><div class=\"fusion-column-wrapper fusion-column-has-shadow fusion-flex-justify-content-flex-start fusion-content-layout-column\"><div class=\"fusion-content-boxes content-boxes columns row fusion-columns-1 fusion-columns-total-3 fusion-content-boxes-1 content-boxes-icon-with-title content-left\" style=\"--awb-hover-accent-color:var(--awb-color5);--awb-circle-hover-accent-color:var(--awb-color5);--awb-item-margin-bottom:40px;\" data-animationOffset=\"top-into-view\"><div style=\"--awb-backgroundcolor:rgba(255,255,255,0);\" class=\"fusion-column content-box-column content-box-column content-box-column-1 col-lg-12 col-md-12 col-sm-12 fusion-content-box-hover content-box-column-last-in-row\"><div class=\"col content-box-wrapper content-wrapper link-area-link-icon content-icon-wrapper-yes icon-hover-animation-fade\" data-animationOffset=\"top-into-view\"><div class=\"heading icon-left\"><h2 class=\"content-box-heading fusion-responsive-typography-calculated\" style=\"--h2_typography-font-size:24px;--fontSize:24;line-height:var(--awb-typography1-line-height);\">Externe Bewerber<\/h2><\/div><div class=\"fusion-clearfix\"><\/div><div class=\"content-container\">\n<h4 class=\"fusion-responsive-typography-calculated\" style=\"text-align: left;\" data-fontsize=\"18\" data-lineheight=\"21.6px\">Wichtige Informationen f\u00fcr<b> die <strong>Anmeldung externer Bewerberinnen und Bewerber zur Pr\u00fcfung der Mittleren Reife (MSA) 30. Januar 2026<br \/>\n<\/strong><\/b><\/h4>\n<h4 class=\"fusion-responsive-typography-calculated\" style=\"text-align: left;\" data-fontsize=\"18\" data-lineheight=\"21.6px\">und f\u00fcr die Anmeldung externer Bewerberinnen und Bewerber <b>zur Besonderen Leistungsfeststellung der Mittelschule (Quali) 27. Februar 2026<br \/>\n<\/b><\/h4>\n<h4><span style=\"color: #333399;\"><a style=\"color: #333399;\" href=\"http:\/\/gms-nikola-passau.de\/wp-content\/uploads\/2025\/08\/Wichtige-Informationen-fuer-externe-Bewerber-zur-Anmeldung-fuer-die-Mittlere-Reife-Pruefungen-an-der-MS-St-2.pdf\">Wichtige Informationen MSA, bitte hier klicken<\/a><\/span><\/h4>\n<h4><a href=\"http:\/\/gms-nikola-passau.de\/wp-content\/uploads\/2025\/01\/Formblatt_Externe-Anmeldung_MSA1.pdf\"><span style=\"color: #333399;\">Formblatt_Externe-Anmeldung_MSA(1)<\/span><\/a><\/h4>\n<h4><a style=\"color: #333399;\" href=\"http:\/\/gms-nikola-passau.de\/wp-content\/uploads\/2025\/08\/Anmeldung-zur-Besonderen-Leistungsfeststellung-der-Mittelschule-1.pdf\">Wichtige Informaitonen zur Besonderen Leistungsfeststellung der Mittelschule, bitte hier klicken<\/a><\/h4>\n<h4><span style=\"color: #333399;\"><a style=\"color: #333399;\" href=\"http:\/\/gms-nikola-passau.de\/wp-content\/uploads\/2025\/08\/Anmeldung.und_.Faecherwahl_Quali.pdf\">Anmeldung und F\u00e4cherwahl_Quali<\/a><\/span><\/h4>\n<\/div><\/div><\/div><div style=\"--awb-backgroundcolor:rgba(255,255,255,0);\" class=\"fusion-column content-box-column content-box-column content-box-column-2 col-lg-12 col-md-12 col-sm-12 fusion-content-box-hover content-box-column-last-in-row\"><div class=\"col content-box-wrapper content-wrapper link-area-link-icon content-icon-wrapper-yes icon-hover-animation-fade\" data-animationOffset=\"top-into-view\"><div class=\"heading icon-left\"><h2 class=\"content-box-heading fusion-responsive-typography-calculated\" style=\"--h2_typography-font-size:24px;--fontSize:24;line-height:var(--awb-typography1-line-height);\">MSA<\/h2><\/div><div class=\"fusion-clearfix\"><\/div><div class=\"content-container\">\n<h4>Abschlusspr\u00fcfungen zum mittleren Schulabschluss an der Mittelschule 2026<\/h4>\n<h4><a href=\"http:\/\/gms-nikola-passau.de\/wp-content\/uploads\/2025\/08\/Abschlusspruefungen-zum-mittleren-Schulabschluss-an-der-Mittelschule-Schuljahr-20241.pdf\"><span style=\"color: #333399;\"> Bitte hier klicken<\/span><\/a><\/h4>\n<\/div><\/div><\/div><div style=\"--awb-backgroundcolor:rgba(255,255,255,0);\" class=\"fusion-column content-box-column content-box-column content-box-column-3 col-lg-12 col-md-12 col-sm-12 fusion-content-box-hover content-box-column-last content-box-column-last-in-row\"><div class=\"col content-box-wrapper content-wrapper link-area-link-icon content-icon-wrapper-yes icon-hover-animation-fade\" data-animationOffset=\"top-into-view\"><div class=\"heading icon-left\"><h2 class=\"content-box-heading fusion-responsive-typography-calculated\" style=\"--h2_typography-font-size:24px;--fontSize:24;line-height:var(--awb-typography1-line-height);\">Quali<\/h2><\/div><div class=\"fusion-clearfix\"><\/div><div class=\"content-container\">\n<h4 class=\"fusion-responsive-typography-calculated\" style=\"text-align: left;\" data-fontsize=\"18\" data-lineheight=\"21.6px\">Besondere Leistungsfeststellung zum Erwerb des qualifizierenden Abschlusses der Mittelschule 2026<\/h4>\n<h4 class=\"fusion-responsive-typography-calculated\" style=\"text-align: left;\" data-fontsize=\"18\" data-lineheight=\"21.6px\"><a href=\"http:\/\/gms-nikola-passau.de\/wp-content\/uploads\/2025\/08\/Besondere-Leistungsfeststellung-zum-Erwerb-des-qualifizierenden-Abschlusses-der-Mittelschule-Schuljahr-2025.pdf\"><span style=\"color: #333399;\">Bitte hier klicken<\/span><\/a><\/h4>\n<h4 class=\"fusion-responsive-typography-calculated\" data-fontsize=\"18\" data-lineheight=\"21.6px\"><\/h4>\n<\/div><\/div><\/div><div class=\"fusion-clearfix\"><\/div><\/div><\/div><\/div><\/div><\/div><div class=\"fusion-fullwidth fullwidth-box fusion-builder-row-2 fusion-flex-container has-pattern-background has-mask-background nonhundred-percent-fullwidth non-hundred-percent-height-scrolling\" style=\"--awb-border-radius-top-left:0px;--awb-border-radius-top-right:0px;--awb-border-radius-bottom-right:0px;--awb-border-radius-bottom-left:0px;--awb-background-color:var(--awb-custom_color_5);--awb-flex-wrap:wrap;\" ><div class=\"fusion-builder-row fusion-row fusion-flex-align-items-flex-start fusion-flex-content-wrap\" style=\"max-width:1216.8px;margin-left: calc(-4% \/ 2 );margin-right: calc(-4% \/ 2 );\"><div class=\"fusion-layout-column fusion_builder_column fusion-builder-column-2 fusion_builder_column_1_1 1_1 fusion-flex-column\" style=\"--awb-bg-size:cover;--awb-width-large:100%;--awb-margin-top-large:0px;--awb-spacing-right-large:1.92%;--awb-margin-bottom-large:20px;--awb-spacing-left-large:1.92%;--awb-width-medium:100%;--awb-order-medium:0;--awb-spacing-right-medium:1.92%;--awb-spacing-left-medium:1.92%;--awb-width-small:100%;--awb-order-small:0;--awb-spacing-right-small:1.92%;--awb-spacing-left-small:1.92%;\"><div class=\"fusion-column-wrapper fusion-column-has-shadow fusion-flex-justify-content-flex-start fusion-content-layout-column\"><div class=\"fusion-text fusion-text-2\"><h3 style=\"text-align: left;\">Elterninfo<\/h3>\n<\/div><div class=\"fusion-separator\" style=\"align-self: flex-start;margin-right:auto;margin-bottom:20px;width:100%;max-width:300px;\"><div class=\"fusion-separator-border sep-single sep-solid\" style=\"--awb-height:20px;--awb-amount:20px;--awb-sep-color:var(--awb-custom_color_1);border-color:var(--awb-custom_color_1);border-top-width:2px;\"><\/div><\/div><\/div><\/div><div class=\"fusion-layout-column fusion_builder_column fusion-builder-column-3 fusion_builder_column_1_1 1_1 fusion-flex-column\" style=\"--awb-bg-size:cover;--awb-width-large:100%;--awb-margin-top-large:0px;--awb-spacing-right-large:1.92%;--awb-margin-bottom-large:20px;--awb-spacing-left-large:1.92%;--awb-width-medium:100%;--awb-order-medium:0;--awb-spacing-right-medium:1.92%;--awb-spacing-left-medium:1.92%;--awb-width-small:100%;--awb-order-small:0;--awb-spacing-right-small:1.92%;--awb-spacing-left-small:1.92%;\"><div class=\"fusion-column-wrapper fusion-column-has-shadow fusion-flex-justify-content-flex-start fusion-content-layout-column\"><div class=\"fusion-content-boxes content-boxes columns row fusion-columns-1 fusion-columns-total-8 fusion-content-boxes-2 content-boxes-icon-with-title content-left\" style=\"--awb-hover-accent-color:var(--awb-color5);--awb-circle-hover-accent-color:var(--awb-color5);--awb-item-margin-bottom:40px;\" data-animationOffset=\"top-into-view\"><div style=\"--awb-backgroundcolor:rgba(255,255,255,0);\" class=\"fusion-column content-box-column content-box-column content-box-column-1 col-lg-12 col-md-12 col-sm-12 fusion-content-box-hover content-box-column-last-in-row\"><div class=\"col content-box-wrapper content-wrapper link-area-link-icon content-icon-wrapper-yes icon-hover-animation-fade\" data-animationOffset=\"top-into-view\"><div class=\"heading icon-left\"><h2 class=\"content-box-heading fusion-responsive-typography-calculated\" style=\"--h2_typography-font-size:24px;--fontSize:24;line-height:var(--awb-typography1-line-height);\">Handyregelung im Unterricht<\/h2><\/div><div class=\"fusion-clearfix\"><\/div><div class=\"content-container\">\n<h4><a href=\"http:\/\/gms-nikola-passau.de\/wp-content\/uploads\/2025\/08\/Neue-Handyregelung-im-Unterricht.pdf\"><span style=\"color: #000080;\">Bitte hier klicken<\/span><\/a><\/h4>\n<\/div><\/div><\/div><div style=\"--awb-backgroundcolor:rgba(255,255,255,0);\" class=\"fusion-column content-box-column content-box-column content-box-column-2 col-lg-12 col-md-12 col-sm-12 fusion-content-box-hover content-box-column-last-in-row\"><div class=\"col content-box-wrapper content-wrapper link-area-link-icon content-icon-wrapper-yes icon-hover-animation-fade\" data-animationOffset=\"top-into-view\"><div class=\"heading icon-left\"><h2 class=\"content-box-heading fusion-responsive-typography-calculated\" style=\"--h2_typography-font-size:24px;--fontSize:24;line-height:var(--awb-typography1-line-height);\">Sperrung H\u00e4ngebr\u00fccke f\u00fcr Busverkehr<\/h2><\/div><div class=\"fusion-clearfix\"><\/div><div class=\"content-container\">\n<p><strong><span style=\"color: #ff6600;\">Ab Samstag, 01.03.25 bis auf Weiteres wird die H\u00e4ngebr\u00fccke f\u00fcr Busse mit einem zul\u00e4ssigen Gesamtgewicht von mehr als 16 t gesperrt werden.<\/span> <\/strong><\/p>\n<p><strong>Dadurch ergeben sich folgende \u00c4nderungen f\u00fcr die Busverkehre (ab Freitag, 28.02.25, 19:00 Uhr):<\/strong><\/p>\n<h4>Betroffen sind die Stadtbus-Linien 1, 2, 3 und 4 der Verkehrsbetriebsgesellschaft Passau mbH sowie die Linien 6101, 6102, 6103, 6130, 6131, 6134, 6135, 6226, 6380, 7599 und der Nachtexpress des RBO.<\/h4>\n<h4>Diese Linien und auch die Einsatzbusse des Sch\u00fclerverkehrs, die bislang \u00fcber die H\u00e4ngebr\u00fccke gefahren sind, fahren dann \u00fcber die Schanzlbr\u00fccke und die Angerstra\u00dfe. Als Haltestellen stadteinw\u00e4rts werden die Haltestelle \u201eH\u00e4ngebr\u00fccke\u201c (f\u00fcr Busse der RBO) sowie die Haltestelle \u201eIlzbr\u00fccke\/N\u00e4he Salvatorkirche\u201c (f\u00fcr Stadtbusse) bedient. Stadtausw\u00e4rts halten alle Busse an der Haltestelle H\u00e4ngebr\u00fccke am <span style=\"color: #333333;\">Anger.<\/span><\/h4>\n<h4>Beide Bushaltebuchten k\u00f6nnen nicht mehr f\u00fcr \u201eElterntaxis\u201c genutzt werden. Kurze Haltem\u00f6glichkeiten bestehen beim Parkhaus Bsch\u00fctt.<\/h4>\n<h4>Die K-Linien der Verkehrsbetriebsgesellschaft Passau mbH sowie der Pendelbus zur Veste Oberhaus verkehren in beide Richtungen wie bisher \u00fcber die Altstadt und H\u00e4ngebr\u00fccke.<\/h4>\n<h4><span style=\"color: #ff6600;\">Der Citybus verkehrt unver\u00e4ndert.<\/span><\/h4>\n<h4>Sollte es Neuigkeiten, bzw. \u00c4nderungen in dieser Sache geben werden wir Sie nat\u00fcrlich unverz\u00fcglich dar\u00fcber in Kenntnis setzen.<\/h4>\n<p>Simon Eigenschenk<br \/>\nSachbearbeiter<\/p>\n<p>Amt f\u00fcr \u00f6ffentliche Ordnung<\/p>\n<p>Stra\u00dfenverkehr und Fahrerlaubnisse<\/p>\n<p>________________________________________________<\/p>\n<p>Stadt Passau<\/p>\n<p>Vornholzstra\u00dfe 40<\/p>\n<p>94036 Passau<\/p>\n<p>Tel.: 0851 \/ 396 &#8211; 281<\/p>\n<p>Fax: 0851 \/ 396 &#8211; 382<\/p>\n<p><a href=\"http:\/\/www.passau.de\/\">www.passau.de<\/a><\/p>\n<\/div><\/div><\/div><div style=\"--awb-backgroundcolor:rgba(255,255,255,0);\" class=\"fusion-column content-box-column content-box-column content-box-column-3 col-lg-12 col-md-12 col-sm-12 fusion-content-box-hover content-box-column-last-in-row\"><div class=\"col content-box-wrapper content-wrapper link-area-link-icon content-icon-wrapper-yes icon-hover-animation-fade\" data-animationOffset=\"top-into-view\"><div class=\"heading icon-left\"><h2 class=\"content-box-heading fusion-responsive-typography-calculated\" style=\"--h2_typography-font-size:24px;--fontSize:24;line-height:var(--awb-typography1-line-height);\">Anmeldung M-Klassen<\/h2><\/div><div class=\"fusion-clearfix\"><\/div><div class=\"content-container\">\n<h4 data-fontsize=\"18\" data-lineheight=\"21.6px\">Hinweise zur Anmeldung f\u00fcr die M-Klassen aller Jahrgangsstufen im Ganztag (Jgstf. 7 &#8211; Jgstf. 9) und f\u00fcr die M-Klassen im Regelbereich (Jgstf. 10) sowie den Aufnahmepr\u00fcfungen in den M-Zug f\u00fcr das Schuljahr 2026\/27<\/h4>\n<h4><a href=\"http:\/\/gms-nikola-passau.de\/wp-content\/uploads\/2025\/08\/Anmeldung-fuer-den-M_n.pdf\"><span style=\"color: #333399;\">\u00a0Bitte hier klicken<\/span><\/a><\/h4>\n<h4><\/h4>\n<h4 data-fontsize=\"18\" data-lineheight=\"21.6px\"><\/h4>\n<\/div><\/div><\/div><div style=\"--awb-backgroundcolor:rgba(255,255,255,0);\" class=\"fusion-column content-box-column content-box-column content-box-column-4 col-lg-12 col-md-12 col-sm-12 fusion-content-box-hover content-box-column-last-in-row\"><div class=\"col content-box-wrapper content-wrapper link-area-link-icon content-icon-wrapper-yes icon-hover-animation-fade\" data-animationOffset=\"top-into-view\"><div class=\"heading icon-left\"><h2 class=\"content-box-heading fusion-responsive-typography-calculated\" style=\"--h2_typography-font-size:24px;--fontSize:24;line-height:var(--awb-typography1-line-height);\">Informationsabend M-Zweig <\/h2><\/div><div class=\"fusion-clearfix\"><\/div><div class=\"content-container\">\n<h4><span style=\"color: #000000;\">Vorank\u00fcndigung<\/span><\/h4>\n<h4>Am Mittwoch, <span style=\"color: #ff9900;\">den 25.02.2026<span style=\"color: #000000;\">,<\/span><\/span> findet in der Aula der Mittelschule um 18.00 Uhr eine Informationsveranstaltung zum M-Zweig (Klassen 7 bis 10) statt. Hierbei erhalten Sie u.a. Informationen zum Wechsel aus der Regelklasse in eine M-Klasse, zu fachlichen Inhalten, zum Abschluss und zur Ganztagsbeschulung.<\/h4>\n<h4><\/h4>\n<h4 data-fontsize=\"18\" data-lineheight=\"21.6px\"><\/h4>\n<\/div><\/div><\/div><div style=\"--awb-backgroundcolor:rgba(255,255,255,0);\" class=\"fusion-column content-box-column content-box-column content-box-column-5 col-lg-12 col-md-12 col-sm-12 fusion-content-box-hover content-box-column-last-in-row\"><div class=\"col content-box-wrapper content-wrapper link-area-link-icon content-icon-wrapper-yes icon-hover-animation-fade\" data-animationOffset=\"top-into-view\"><div class=\"heading icon-left\"><h2 class=\"content-box-heading fusion-responsive-typography-calculated\" style=\"--h2_typography-font-size:24px;--fontSize:24;line-height:var(--awb-typography1-line-height);\">Download Anmeldeformular Grund- und Mittelschule<\/h2><\/div><div class=\"fusion-clearfix\"><\/div><div class=\"content-container\">\n<h4><span style=\"color: #333399;\"><a style=\"color: #333399;\" href=\"http:\/\/gms-nikola-passau.de\/wp-content\/uploads\/2025\/01\/Anmeldeformulare-kompakt.pdf\"><span style=\"color: #333399;\">Anmeldeformulare, bitte hier klicken<\/span><\/a><\/span><\/h4>\n<h4><\/h4>\n<h4 data-fontsize=\"18\" data-lineheight=\"21.6px\"><\/h4>\n<\/div><\/div><\/div><div style=\"--awb-backgroundcolor:rgba(255,255,255,0);\" class=\"fusion-column content-box-column content-box-column content-box-column-6 col-lg-12 col-md-12 col-sm-12 fusion-content-box-hover content-box-column-last-in-row\"><div class=\"col content-box-wrapper content-wrapper link-area-link-icon content-icon-wrapper-yes icon-hover-animation-fade\" data-animationOffset=\"top-into-view\"><div class=\"heading icon-left\"><h2 class=\"content-box-heading fusion-responsive-typography-calculated\" style=\"--h2_typography-font-size:24px;--fontSize:24;line-height:var(--awb-typography1-line-height);\">Schuleinschreibung<\/h2><\/div><div class=\"fusion-clearfix\"><\/div><div class=\"content-container\">\n<h4 data-fontsize=\"18\" data-lineheight=\"21.6px\">Vorank\u00fcndigung<\/h4>\n<h4 data-fontsize=\"18\" data-lineheight=\"21.6px\">16. M\u00e4rz 2026: Schuleinschreibung f\u00fcr die zuk\u00fcnftigen Erstklasskinder; die Einladung mit den f\u00fcr die Einschreibung erforderlichen Unterlagen erfolgt per Post<\/h4>\n<h4>14.30 Uhr Gymnastikhalle der Grundschule St. Nikola<\/h4>\n<\/div><\/div><\/div><div style=\"--awb-backgroundcolor:rgba(255,255,255,0);\" class=\"fusion-column content-box-column content-box-column content-box-column-7 col-lg-12 col-md-12 col-sm-12 fusion-content-box-hover content-box-column-last-in-row\"><div class=\"col content-box-wrapper content-wrapper link-area-link-icon content-icon-wrapper-yes icon-hover-animation-fade\" data-animationOffset=\"top-into-view\"><div class=\"heading icon-left\"><h2 class=\"content-box-heading fusion-responsive-typography-calculated\" style=\"--h2_typography-font-size:24px;--fontSize:24;line-height:var(--awb-typography1-line-height);\">Schnuppertag<\/h2><\/div><div class=\"fusion-clearfix\"><\/div><div class=\"content-container\">\n<h4 data-fontsize=\"18\" data-lineheight=\"21.6px\">Vorank\u00fcndigung<\/h4>\n<h4 data-fontsize=\"18\" data-lineheight=\"21.6px\"><span style=\"color: #ff9900;\">Donnerstag 30.04.2026:<\/span> Schnuppertag f\u00fcr Viertkl\u00e4ssler, 13.30 Uhr &#8211; 15.30 Uhr und Informationsveranstaltung f\u00fcr Eltern (Anmeldung erforderlich). Treffpunkt ist in der Aula der Mittelschule.<\/h4>\n<h4><a href=\"http:\/\/gms-nikola-passau.de\/wp-content\/uploads\/2025\/02\/Flyer-Nikola-Uebersetzung.pdf\"><span style=\"color: #333399;\">Flyer bitte hier klicken<\/span><\/a><\/h4>\n<h4><\/h4>\n<\/div><\/div><\/div><div style=\"--awb-backgroundcolor:rgba(255,255,255,0);\" class=\"fusion-column content-box-column content-box-column content-box-column-8 col-lg-12 col-md-12 col-sm-12 fusion-content-box-hover content-box-column-last content-box-column-last-in-row\"><div class=\"col content-box-wrapper content-wrapper link-area-link-icon content-icon-wrapper-yes icon-hover-animation-fade\" data-animationOffset=\"top-into-view\"><div class=\"heading icon-left\"><h2 class=\"content-box-heading fusion-responsive-typography-calculated\" style=\"--h2_typography-font-size:24px;--fontSize:24;line-height:var(--awb-typography1-line-height);\">Anmeldewoche<\/h2><\/div><div class=\"fusion-clearfix\"><\/div><div class=\"content-container\">\n<h4 data-fontsize=\"18\" data-lineheight=\"21.6px\">Vorank\u00fcndigung &#8211; Pers\u00f6nliche Anmeldung<\/h4>\n<h4 data-fontsize=\"18\" data-lineheight=\"21.6px\">Dienstag 06.05. &#8211; Montag 18.05.2026: Anmeldewochen f\u00fcr die neuen 5. Klassen von 10.00 &#8211; 14.00 Uhr<\/h4>\n<div class=\"g1-toggle__title\">\n<h4>Unterlagen f\u00fcr die Anmeldung:<\/h4>\n<\/div>\n<div class=\"g1-toggle__content\">\n<div class=\"g1-block\">\n<ul>\n<li>\n<h4>\u00dcbertrittszeugnis<\/h4>\n<\/li>\n<li>\n<h4>Geburtsurkunde oder Familienstammbuch (zur Einsichtnahme)<\/h4>\n<\/li>\n<li>\n<h4>Ggf. ist bitte auch ein Sorgerechtsbeschluss mitzubringen.<\/h4>\n<\/li>\n<li>\n<h4>Sofern der Masernschutznachweis (\u00a7 20 Abs. 9 ff. Infektionsschutzgesetz) nicht bereits in der Grundschule vorgelegt und seine Pr\u00fcfung mit dem Ergebnis abgeschlossen worden ist, dass die Anforderungen an den Masernschutz erf\u00fcllt sind, ist der Masernschutznachweis sp\u00e4testens bis zum Unterrichtsbeginn am 15. September 2026 bei der aufnehmenden Schule vorzulegen.<\/h4>\n<\/li>\n<\/ul>\n<\/div>\n<\/div>\n<\/div><\/div><\/div><div class=\"fusion-clearfix\"><\/div><\/div><\/div><\/div><div class=\"fusion-layout-column fusion_builder_column fusion-builder-column-4 fusion_builder_column_1_1 1_1 fusion-flex-column\" style=\"--awb-bg-size:cover;--awb-width-large:100%;--awb-margin-top-large:0px;--awb-spacing-right-large:1.92%;--awb-margin-bottom-large:20px;--awb-spacing-left-large:1.92%;--awb-width-medium:100%;--awb-order-medium:0;--awb-spacing-right-medium:1.92%;--awb-spacing-left-medium:1.92%;--awb-width-small:100%;--awb-order-small:0;--awb-spacing-right-small:1.92%;--awb-spacing-left-small:1.92%;\"><div class=\"fusion-column-wrapper fusion-column-has-shadow fusion-flex-justify-content-flex-start fusion-content-layout-column\"><\/div><\/div><\/div><\/div><div class=\"fusion-fullwidth fullwidth-box fusion-builder-row-3 fusion-flex-container has-pattern-background has-mask-background nonhundred-percent-fullwidth non-hundred-percent-height-scrolling\" style=\"--awb-border-radius-top-left:0px;--awb-border-radius-top-right:0px;--awb-border-radius-bottom-right:0px;--awb-border-radius-bottom-left:0px;--awb-flex-wrap:wrap;\" ><div class=\"fusion-builder-row fusion-row fusion-flex-align-items-flex-start fusion-flex-content-wrap\" style=\"max-width:1216.8px;margin-left: calc(-4% \/ 2 );margin-right: calc(-4% \/ 2 );\"><div class=\"fusion-layout-column fusion_builder_column fusion-builder-column-5 fusion_builder_column_1_1 1_1 fusion-flex-column\" style=\"--awb-bg-size:cover;--awb-width-large:100%;--awb-margin-top-large:0px;--awb-spacing-right-large:1.92%;--awb-margin-bottom-large:20px;--awb-spacing-left-large:1.92%;--awb-width-medium:100%;--awb-order-medium:0;--awb-spacing-right-medium:1.92%;--awb-spacing-left-medium:1.92%;--awb-width-small:100%;--awb-order-small:0;--awb-spacing-right-small:1.92%;--awb-spacing-left-small:1.92%;\"><div class=\"fusion-column-wrapper fusion-column-has-shadow fusion-flex-justify-content-flex-start fusion-content-layout-column\"><div class=\"fusion-text fusion-text-3\"><h3 style=\"text-align: left;\">Allgemeines<\/h3>\n<\/div><div class=\"fusion-separator\" style=\"align-self: flex-start;margin-right:auto;margin-bottom:20px;width:100%;max-width:300px;\"><div class=\"fusion-separator-border sep-single sep-solid\" style=\"--awb-height:20px;--awb-amount:20px;--awb-sep-color:var(--awb-custom_color_1);border-color:var(--awb-custom_color_1);border-top-width:2px;\"><\/div><\/div><\/div><\/div><div class=\"fusion-layout-column fusion_builder_column fusion-builder-column-6 fusion_builder_column_1_1 1_1 fusion-flex-column\" style=\"--awb-bg-size:cover;--awb-width-large:100%;--awb-margin-top-large:0px;--awb-spacing-right-large:1.92%;--awb-margin-bottom-large:20px;--awb-spacing-left-large:1.92%;--awb-width-medium:100%;--awb-order-medium:0;--awb-spacing-right-medium:1.92%;--awb-spacing-left-medium:1.92%;--awb-width-small:100%;--awb-order-small:0;--awb-spacing-right-small:1.92%;--awb-spacing-left-small:1.92%;\"><div class=\"fusion-column-wrapper fusion-column-has-shadow fusion-flex-justify-content-flex-start fusion-content-layout-column\"><div class=\"fusion-content-boxes content-boxes columns row fusion-columns-1 fusion-columns-total-0 fusion-content-boxes-3 content-boxes-icon-with-title content-left\" style=\"--awb-hover-accent-color:var(--awb-color5);--awb-circle-hover-accent-color:var(--awb-color5);--awb-item-margin-bottom:40px;\" data-animationOffset=\"top-into-view\"><div class=\"fusion-clearfix\"><\/div><\/div><\/div><\/div><div class=\"fusion-layout-column fusion_builder_column fusion-builder-column-7 fusion_builder_column_1_1 1_1 fusion-flex-column\" style=\"--awb-bg-size:cover;--awb-width-large:100%;--awb-margin-top-large:0px;--awb-spacing-right-large:1.92%;--awb-margin-bottom-large:20px;--awb-spacing-left-large:1.92%;--awb-width-medium:100%;--awb-order-medium:0;--awb-spacing-right-medium:1.92%;--awb-spacing-left-medium:1.92%;--awb-width-small:100%;--awb-order-small:0;--awb-spacing-right-small:1.92%;--awb-spacing-left-small:1.92%;\"><div class=\"fusion-column-wrapper fusion-column-has-shadow fusion-flex-justify-content-flex-start fusion-content-layout-column\"><\/div><\/div><\/div><\/div><\/p>\n","protected":false},"excerpt":{"rendered":"","protected":false},"author":1,"featured_media":0,"parent":0,"menu_order":0,"comment_status":"closed","ping_status":"closed","template":"100-width.php","meta":{"footnotes":""},"class_list":["post-9544","page","type-page","status-publish","hentry"],"_links":{"self":[{"href":"https:\/\/gms-nikola-passau.de\/index.php?rest_route=\/wp\/v2\/pages\/9544","targetHints":{"allow":["GET"]}}],"collection":[{"href":"https:\/\/gms-nikola-passau.de\/index.php?rest_route=\/wp\/v2\/pages"}],"about":[{"href":"https:\/\/gms-nikola-passau.de\/index.php?rest_route=\/wp\/v2\/types\/page"}],"author":[{"embeddable":true,"href":"https:\/\/gms-nikola-passau.de\/index.php?rest_route=\/wp\/v2\/users\/1"}],"replies":[{"embeddable":true,"href":"https:\/\/gms-nikola-passau.de\/index.php?rest_route=%2Fwp%2Fv2%2Fcomments&post=9544"}],"version-history":[{"count":44,"href":"https:\/\/gms-nikola-passau.de\/index.php?rest_route=\/wp\/v2\/pages\/9544\/revisions"}],"predecessor-version":[{"id":11495,"href":"https:\/\/gms-nikola-passau.de\/index.php?rest_route=\/wp\/v2\/pages\/9544\/revisions\/11495"}],"wp:attachment":[{"href":"https:\/\/gms-nikola-passau.de\/index.php?rest_route=%2Fwp%2Fv2%2Fmedia&parent=9544"}],"curies":[{"name":"wp","href":"https:\/\/api.w.org\/{rel}","templated":true}]}}