{"id":9586,"date":"2025-01-10T09:50:55","date_gmt":"2025-01-10T09:50:55","guid":{"rendered":"https:\/\/gms-nikola-passau.de\/?page_id=9586"},"modified":"2025-08-28T08:09:24","modified_gmt":"2025-08-28T08:09:24","slug":"download","status":"publish","type":"page","link":"https:\/\/gms-nikola-passau.de\/?page_id=9586","title":{"rendered":"Download"},"content":{"rendered":"<div class=\"fusion-fullwidth fullwidth-box fusion-builder-row-1 fusion-flex-container has-pattern-background has-mask-background nonhundred-percent-fullwidth non-hundred-percent-height-scrolling\" style=\"--awb-border-radius-top-left:0px;--awb-border-radius-top-right:0px;--awb-border-radius-bottom-right:0px;--awb-border-radius-bottom-left:0px;--awb-flex-wrap:wrap;\" ><div class=\"fusion-builder-row fusion-row fusion-flex-align-items-flex-start fusion-flex-content-wrap\" style=\"max-width:1216.8px;margin-left: calc(-4% \/ 2 );margin-right: calc(-4% \/ 2 );\"><div class=\"fusion-layout-column fusion_builder_column fusion-builder-column-0 fusion_builder_column_1_1 1_1 fusion-flex-column\" style=\"--awb-bg-size:cover;--awb-width-large:100%;--awb-margin-top-large:0px;--awb-spacing-right-large:1.92%;--awb-margin-bottom-large:20px;--awb-spacing-left-large:1.92%;--awb-width-medium:100%;--awb-order-medium:0;--awb-spacing-right-medium:1.92%;--awb-spacing-left-medium:1.92%;--awb-width-small:100%;--awb-order-small:0;--awb-spacing-right-small:1.92%;--awb-spacing-left-small:1.92%;\"><div class=\"fusion-column-wrapper fusion-column-has-shadow fusion-flex-justify-content-flex-start fusion-content-layout-column\"><div class=\"fusion-content-boxes content-boxes columns row fusion-columns-1 fusion-columns-total-7 fusion-content-boxes-1 content-boxes-icon-with-title content-left\" style=\"--awb-hover-accent-color:var(--awb-color5);--awb-circle-hover-accent-color:var(--awb-color5);--awb-item-margin-bottom:40px;\" data-animationOffset=\"top-into-view\"><div style=\"--awb-backgroundcolor:rgba(255,255,255,0);\" class=\"fusion-column content-box-column content-box-column content-box-column-1 col-lg-12 col-md-12 col-sm-12 fusion-content-box-hover content-box-column-last-in-row\"><div class=\"col content-box-wrapper content-wrapper link-area-link-icon content-icon-wrapper-yes icon-hover-animation-fade\" data-animationOffset=\"top-into-view\"><div class=\"heading icon-left\"><h2 class=\"content-box-heading fusion-responsive-typography-calculated\" style=\"--h2_typography-font-size:24px;--fontSize:24;line-height:var(--awb-typography1-line-height);\">Anmeldeformular Grund- und Mittelschule<\/h2><\/div><div class=\"fusion-clearfix\"><\/div><div class=\"content-container\">\n<h4><span style=\"color: #000000;\"><a style=\"color: #000000;\" href=\"http:\/\/gms-nikola-passau.de\/wp-content\/uploads\/2025\/01\/Anmeldeformulare-kompakt.pdf\"><span style=\"color: #333399;\">Anmeldeformulare, bitte hier klicken<\/span><\/a><\/span><\/h4>\n<\/div><\/div><\/div><div style=\"--awb-backgroundcolor:rgba(255,255,255,0);\" class=\"fusion-column content-box-column content-box-column content-box-column-2 col-lg-12 col-md-12 col-sm-12 fusion-content-box-hover content-box-column-last-in-row\"><div class=\"col content-box-wrapper content-wrapper link-area-link-icon content-icon-wrapper-yes icon-hover-animation-fade\" data-animationOffset=\"top-into-view\"><div class=\"heading icon-left\"><h2 class=\"content-box-heading fusion-responsive-typography-calculated\" style=\"--h2_typography-font-size:24px;--fontSize:24;line-height:var(--awb-typography1-line-height);\">Gebundene Ganztagsschule - Schulvertrag<\/h2><\/div><div class=\"fusion-clearfix\"><\/div><div class=\"content-container\">\n<h4><span style=\"color: #000000;\"><a href=\"http:\/\/gms-nikola-passau.de\/wp-content\/uploads\/2025\/01\/Schulvertrag-Gebundene-Ganztagsschule_neu.pdf\"><span style=\"color: #333399;\">Bitte hier klicken<\/span><\/a><\/span><\/h4>\n<\/div><\/div><\/div><div style=\"--awb-backgroundcolor:rgba(255,255,255,0);\" class=\"fusion-column content-box-column content-box-column content-box-column-3 col-lg-12 col-md-12 col-sm-12 fusion-content-box-hover content-box-column-last-in-row\"><div class=\"col content-box-wrapper content-wrapper link-area-link-icon content-icon-wrapper-yes icon-hover-animation-fade\" data-animationOffset=\"top-into-view\"><div class=\"heading icon-left\"><h2 class=\"content-box-heading fusion-responsive-typography-calculated\" style=\"--h2_typography-font-size:24px;--fontSize:24;line-height:var(--awb-typography1-line-height);\">Anmeldung M-Klassen<\/h2><\/div><div class=\"fusion-clearfix\"><\/div><div class=\"content-container\">\n<h4 data-fontsize=\"18\" data-lineheight=\"21.6px\">Hinweise zur Anmeldung f\u00fcr die M-Klassen aller Jahrgangsstufen im Ganztag (Jgstf. 7 &#8211; Jgstf. 9) und f\u00fcr die M-Klassen im Regelbereich (Jgstf. 10) sowie den Aufnahmepr\u00fcfungen in den M-Zug f\u00fcr das Schuljahr 2025\/26<\/h4>\n<h4><span style=\"color: #333399;\"><a style=\"color: #333399;\" href=\"http:\/\/gms-nikola-passau.de\/wp-content\/uploads\/2025\/08\/Anmeldung-fuer-den-M_n.pdf\">Bitte hier klicken<\/a><\/span><\/h4>\n<h4><\/h4>\n<\/div><\/div><\/div><div style=\"--awb-backgroundcolor:rgba(255,255,255,0);\" class=\"fusion-column content-box-column content-box-column content-box-column-4 col-lg-12 col-md-12 col-sm-12 fusion-content-box-hover content-box-column-last-in-row\"><div class=\"col content-box-wrapper content-wrapper link-area-link-icon content-icon-wrapper-yes icon-hover-animation-fade\" data-animationOffset=\"top-into-view\"><div class=\"heading icon-left\"><h2 class=\"content-box-heading fusion-responsive-typography-calculated\" style=\"--h2_typography-font-size:24px;--fontSize:24;line-height:var(--awb-typography1-line-height);\">Externe Bewerber<\/h2><\/div><div class=\"fusion-clearfix\"><\/div><div class=\"content-container\">\n<h4 class=\"fusion-responsive-typography-calculated\" style=\"text-align: left;\" data-fontsize=\"18\" data-lineheight=\"21.6px\">Wichtige Informationen f\u00fcr<b> die <strong>Anmeldung externer Bewerberinnen und Bewerber zur Pr\u00fcfung der Mittleren Reife (MSA) 01. Februar 2026<br \/>\n<\/strong><\/b><\/h4>\n<h4 class=\"fusion-responsive-typography-calculated\" style=\"text-align: left;\" data-fontsize=\"18\" data-lineheight=\"21.6px\">und f\u00fcr die Anmeldung externer Bewerberinnen und Bewerber <b>zur Besonderen Leistungsfeststellung der Mittelschule (Quali) 01. M\u00e4rz 2026<br \/>\n<\/b><\/h4>\n<h4><span style=\"color: #000080;\"><a style=\"color: #000080;\" href=\"http:\/\/gms-nikola-passau.de\/wp-content\/uploads\/2025\/08\/Wichtige-Informationen-fuer-externe-Bewerber-zur-Anmeldung-fuer-die-Mittlere-Reife-Pruefungen-an-der-MS-St-2.pdf\">MSA, bitte klicken<\/a><\/span><\/h4>\n<h4><a href=\"http:\/\/gms-nikola-passau.de\/wp-content\/uploads\/2025\/01\/Formblatt_Externe-Anmeldung_MSA1.pdf\"><span style=\"color: #333399;\">Formblatt_Externe-Anmeldung_MSA(1)<\/span><\/a><\/h4>\n<h4><a href=\"http:\/\/gms-nikola-passau.de\/wp-content\/uploads\/2025\/08\/Anmeldung-zur-Besonderen-Leistungsfeststellung-der-Mittelschule-1.pdf\"><span style=\"color: #333399;\">Besonderen Leistungsfeststellung der Mittelschule, bitte klicken<\/span><\/a><\/h4>\n<h4><a href=\"http:\/\/gms-nikola-passau.de\/wp-content\/uploads\/2025\/08\/Anmeldung.und_.Faecherwahl_Quali.pdf\"><span style=\"color: #333399;\">Anmeldung.und.F\u00e4cherwahl_Quali<\/span><\/a><\/h4>\n<\/div><\/div><\/div><div style=\"--awb-backgroundcolor:rgba(255,255,255,0);\" class=\"fusion-column content-box-column content-box-column content-box-column-5 col-lg-12 col-md-12 col-sm-12 fusion-content-box-hover content-box-column-last-in-row\"><div class=\"col content-box-wrapper content-wrapper link-area-link-icon content-icon-wrapper-yes icon-hover-animation-fade\" data-animationOffset=\"top-into-view\"><div class=\"heading icon-left\"><h2 class=\"content-box-heading fusion-responsive-typography-calculated\" style=\"--h2_typography-font-size:24px;--fontSize:24;line-height:var(--awb-typography1-line-height);\">MSA<\/h2><\/div><div class=\"fusion-clearfix\"><\/div><div class=\"content-container\">\n<h4>Abschlusspr\u00fcfungen zum mittleren Schulabschluss an der Mittelschule 2026<\/h4>\n<h4><a href=\"http:\/\/gms-nikola-passau.de\/wp-content\/uploads\/2025\/08\/Abschlusspruefungen-zum-mittleren-Schulabschluss-an-der-Mittelschule-Schuljahr-20241.pdf\"><span style=\"color: #000080;\">Bitte hier klicken<\/span><\/a><\/h4>\n<\/div><\/div><\/div><div style=\"--awb-backgroundcolor:rgba(255,255,255,0);\" class=\"fusion-column content-box-column content-box-column content-box-column-6 col-lg-12 col-md-12 col-sm-12 fusion-content-box-hover content-box-column-last-in-row\"><div class=\"col content-box-wrapper content-wrapper link-area-link-icon content-icon-wrapper-yes icon-hover-animation-fade\" data-animationOffset=\"top-into-view\"><div class=\"heading icon-left\"><h2 class=\"content-box-heading fusion-responsive-typography-calculated\" style=\"--h2_typography-font-size:24px;--fontSize:24;line-height:var(--awb-typography1-line-height);\">Quali<\/h2><\/div><div class=\"fusion-clearfix\"><\/div><div class=\"content-container\">\n<h4 class=\"fusion-responsive-typography-calculated\" style=\"text-align: left;\" data-fontsize=\"18\" data-lineheight=\"21.6px\">Besondere Leistungsfeststellung zum Erwerb des qualifizierenden Abschlusses der Mittelschule 2026<\/h4>\n<h4 class=\"fusion-responsive-typography-calculated\" style=\"text-align: left;\" data-fontsize=\"18\" data-lineheight=\"21.6px\"><a href=\"http:\/\/gms-nikola-passau.de\/wp-content\/uploads\/2025\/08\/Besondere-Leistungsfeststellung-zum-Erwerb-des-qualifizierenden-Abschlusses-der-Mittelschule-Schuljahr-2025.pdf\"><span style=\"color: #000080;\">Bitte hier klicken<\/span><\/a><\/h4>\n<h4 class=\"fusion-responsive-typography-calculated\" data-fontsize=\"18\" data-lineheight=\"21.6px\"><\/h4>\n<\/div><\/div><\/div><div style=\"--awb-backgroundcolor:rgba(255,255,255,0);\" class=\"fusion-column content-box-column content-box-column content-box-column-7 col-lg-12 col-md-12 col-sm-12 fusion-content-box-hover content-box-column-last content-box-column-last-in-row\"><div class=\"col content-box-wrapper content-wrapper link-area-link-icon content-icon-wrapper-yes icon-hover-animation-fade\" data-animationOffset=\"top-into-view\"><div class=\"heading icon-left\"><h2 class=\"content-box-heading fusion-responsive-typography-calculated\" style=\"--h2_typography-font-size:24px;--fontSize:24;line-height:var(--awb-typography1-line-height);\">Schwimmen<\/h2><\/div><div class=\"fusion-clearfix\"><\/div><div class=\"content-container\">\n<h4 class=\"fusion-responsive-typography-calculated\" style=\"text-align: left;\" data-fontsize=\"18\" data-lineheight=\"21.6px\">Schwimmtermine der Grundschule im Schuljahr 2025\/26<\/h4>\n<h4 class=\"fusion-responsive-typography-calculated\" style=\"text-align: left;\" data-fontsize=\"18\" data-lineheight=\"21.6px\"><\/h4>\n<h4 class=\"fusion-responsive-typography-calculated\" data-fontsize=\"18\" data-lineheight=\"21.6px\"><\/h4>\n<\/div><\/div><\/div><div class=\"fusion-clearfix\"><\/div><\/div><\/div><\/div><div class=\"fusion-layout-column fusion_builder_column fusion-builder-column-1 fusion_builder_column_1_1 1_1 fusion-flex-column\" style=\"--awb-bg-size:cover;--awb-width-large:100%;--awb-margin-top-large:0px;--awb-spacing-right-large:1.92%;--awb-margin-bottom-large:20px;--awb-spacing-left-large:1.92%;--awb-width-medium:100%;--awb-order-medium:0;--awb-spacing-right-medium:1.92%;--awb-spacing-left-medium:1.92%;--awb-width-small:100%;--awb-order-small:0;--awb-spacing-right-small:1.92%;--awb-spacing-left-small:1.92%;\"><div class=\"fusion-column-wrapper fusion-column-has-shadow fusion-flex-justify-content-flex-start fusion-content-layout-column\"><\/div><\/div><\/div><\/div>\n","protected":false},"excerpt":{"rendered":"","protected":false},"author":1,"featured_media":0,"parent":0,"menu_order":0,"comment_status":"closed","ping_status":"closed","template":"100-width.php","meta":{"footnotes":""},"class_list":["post-9586","page","type-page","status-publish","hentry"],"_links":{"self":[{"href":"https:\/\/gms-nikola-passau.de\/index.php?rest_route=\/wp\/v2\/pages\/9586","targetHints":{"allow":["GET"]}}],"collection":[{"href":"https:\/\/gms-nikola-passau.de\/index.php?rest_route=\/wp\/v2\/pages"}],"about":[{"href":"https:\/\/gms-nikola-passau.de\/index.php?rest_route=\/wp\/v2\/types\/page"}],"author":[{"embeddable":true,"href":"https:\/\/gms-nikola-passau.de\/index.php?rest_route=\/wp\/v2\/users\/1"}],"replies":[{"embeddable":true,"href":"https:\/\/gms-nikola-passau.de\/index.php?rest_route=%2Fwp%2Fv2%2Fcomments&post=9586"}],"version-history":[{"count":17,"href":"https:\/\/gms-nikola-passau.de\/index.php?rest_route=\/wp\/v2\/pages\/9586\/revisions"}],"predecessor-version":[{"id":10419,"href":"https:\/\/gms-nikola-passau.de\/index.php?rest_route=\/wp\/v2\/pages\/9586\/revisions\/10419"}],"wp:attachment":[{"href":"https:\/\/gms-nikola-passau.de\/index.php?rest_route=%2Fwp%2Fv2%2Fmedia&parent=9586"}],"curies":[{"name":"wp","href":"https:\/\/api.w.org\/{rel}","templated":true}]}}